{"id":14629,"date":"2021-07-29T17:41:55","date_gmt":"2021-07-29T17:41:55","guid":{"rendered":"http:\/\/campingland24.com\/?product=luxus-faltstuhl-klappstuhl-mit-getraenkehaltern-polster-und-armlehnen"},"modified":"2023-04-10T18:59:00","modified_gmt":"2023-04-10T18:59:00","slug":"luxus-faltstuhl-klappstuhl-mit-getraenkehaltern-polster-und-armlehnen","status":"publish","type":"product","link":"http:\/\/campingland24.com\/?product=luxus-faltstuhl-klappstuhl-mit-getraenkehaltern-polster-und-armlehnen","title":{"rendered":"Luxus Faltstuhl Klappstuhl mit Getr\u00e4nkehaltern Polster und Armlehnen Gr\u00fcn"},"content":{"rendered":"<p>Aufbauma\u00df: 68 x 83 x 98 cm<br \/>\nTransportma\u00df nur 20 x 20 x 98 cm<br \/>\nGewicht: 4,5 kg<br \/>\nBelastbar bis 150 kg<br \/>\nMaterial: 600D- Nylon PVC, Stahl<br \/>\n<div class=\"main-cross-sell\" data-asin=\"B000Q2Y5EO\">\n\n\t<div class=\"WooZone-cross-sell-loader\">\n\t\t<div>\n\t\t\t<div id=\"floatingBarsG\">\n\t\t\t\t<div class=\"blockG\" id=\"rotateG_01\"><\/div>\n\t\t\t\t<div class=\"blockG\" id=\"rotateG_02\"><\/div>\n\t\t\t\t<div class=\"blockG\" id=\"rotateG_03\"><\/div>\n\t\t\t\t<div class=\"blockG\" id=\"rotateG_04\"><\/div>\n\t\t\t\t<div class=\"blockG\" id=\"rotateG_05\"><\/div>\n\t\t\t\t<div class=\"blockG\" id=\"rotateG_06\"><\/div>\n\t\t\t\t<div class=\"blockG\" id=\"rotateG_07\"><\/div>\n\t\t\t\t<div class=\"blockG\" id=\"rotateG_08\"><\/div>\n\t\t\t<\/div>\n\t\t\t<div class=\"WooZone-cross-sell-loader-text\"><\/div>\n\t\t<\/div>\n\t<\/div>\n\n\t\t\n<\/div>\n<div style=\"clear:both;\"><\/div><\/p>\n","protected":false},"excerpt":{"rendered":"<p>Aufbauma\u00df: 68 x 83 x 98 cm<br \/>\nTransportma\u00df nur 20 x 20 x 98 cm<br \/>\nGewicht: 4,5 kg<\/p>\n","protected":false},"featured_media":14630,"comment_status":"open","ping_status":"closed","template":"","meta":[],"product_cat":[26],"product_tag":[],"_links":{"self":[{"href":"http:\/\/campingland24.com\/index.php?rest_route=\/wp\/v2\/product\/14629"}],"collection":[{"href":"http:\/\/campingland24.com\/index.php?rest_route=\/wp\/v2\/product"}],"about":[{"href":"http:\/\/campingland24.com\/index.php?rest_route=\/wp\/v2\/types\/product"}],"replies":[{"embeddable":true,"href":"http:\/\/campingland24.com\/index.php?rest_route=%2Fwp%2Fv2%2Fcomments&post=14629"}],"version-history":[{"count":2,"href":"http:\/\/campingland24.com\/index.php?rest_route=\/wp\/v2\/product\/14629\/revisions"}],"predecessor-version":[{"id":20210,"href":"http:\/\/campingland24.com\/index.php?rest_route=\/wp\/v2\/product\/14629\/revisions\/20210"}],"wp:featuredmedia":[{"embeddable":true,"href":"http:\/\/campingland24.com\/index.php?rest_route=\/wp\/v2\/media\/14630"}],"wp:attachment":[{"href":"http:\/\/campingland24.com\/index.php?rest_route=%2Fwp%2Fv2%2Fmedia&parent=14629"}],"wp:term":[{"taxonomy":"product_cat","embeddable":true,"href":"http:\/\/campingland24.com\/index.php?rest_route=%2Fwp%2Fv2%2Fproduct_cat&post=14629"},{"taxonomy":"product_tag","embeddable":true,"href":"http:\/\/campingland24.com\/index.php?rest_route=%2Fwp%2Fv2%2Fproduct_tag&post=14629"}],"curies":[{"name":"wp","href":"https:\/\/api.w.org\/{rel}","templated":true}]}}