{"id":14692,"date":"2021-07-29T17:44:45","date_gmt":"2021-07-29T17:44:45","guid":{"rendered":"http:\/\/campingland24.com\/?product=intex-66552-schlafsofa-203-x-224-x-66-cm"},"modified":"2023-02-23T18:45:19","modified_gmt":"2023-02-23T18:45:19","slug":"intex-66552-schlafsofa-203-x-224-x-66-cm","status":"publish","type":"product","link":"http:\/\/campingland24.com\/?product=intex-66552-schlafsofa-203-x-224-x-66-cm","title":{"rendered":"Intex Schlafcouch 66552, Hellgrau, Gr\u00f6\u00dfe 203 x 231 x 66 cm"},"content":{"rendered":"<p><!-- show up to 2 reviews by default --> <\/p>\n<p>Wichtige Tipps zur Vermeidung von Sch\u00e4den oder Verlusten <br \/> &amp; bull; Nur mit einem Niederdruck-Inflator aufblasen. Nicht zu viel aufblasen.<br \/> &amp; bull; Dehnen ist ein nat\u00fcrliches Merkmal des neuen Vinyls. W\u00e4hrend des ersten Gebrauchs kann das Luftbett weich werden und zus\u00e4tzliches Aufblasen erfordern, um die gew\u00fcnschte Festigkeit beizubehalten. Das ist ernst; normal f\u00fcr die ersten Tage der Anwendung. <br \/> &amp; bull; Zur Reinigung Verwenden Sie nur eine milde Soepy-L\u00f6sung. Keine Chemikalien verwenden.<br \/> &amp; bull; Verwenden Sie im Reparaturfall nur handels\u00fcblichen PVC-Reparaturkleber und -flicken. <\/p>\n<p>Abmessungen 203 x 224 x 66 cm<br \/>\nKapazit\u00e4t zwei Sitze<br \/>\nFarbe Anthrazit<br \/>\nWasserdicht, kann mit einem nassen Schwamm gereinigt werden<br \/>\nPortabicchieri einschlie\u00dfen<br \/>\n<div class=\"main-cross-sell\" data-asin=\"B07W343FDL\">\n\n\t<div class=\"WooZone-cross-sell-loader\">\n\t\t<div>\n\t\t\t<div id=\"floatingBarsG\">\n\t\t\t\t<div class=\"blockG\" id=\"rotateG_01\"><\/div>\n\t\t\t\t<div class=\"blockG\" id=\"rotateG_02\"><\/div>\n\t\t\t\t<div class=\"blockG\" id=\"rotateG_03\"><\/div>\n\t\t\t\t<div class=\"blockG\" id=\"rotateG_04\"><\/div>\n\t\t\t\t<div class=\"blockG\" id=\"rotateG_05\"><\/div>\n\t\t\t\t<div class=\"blockG\" id=\"rotateG_06\"><\/div>\n\t\t\t\t<div class=\"blockG\" id=\"rotateG_07\"><\/div>\n\t\t\t\t<div class=\"blockG\" id=\"rotateG_08\"><\/div>\n\t\t\t<\/div>\n\t\t\t<div class=\"WooZone-cross-sell-loader-text\"><\/div>\n\t\t<\/div>\n\t<\/div>\n\n\t\t\n<\/div>\n<div style=\"clear:both;\"><\/div><\/p>\n","protected":false},"excerpt":{"rendered":"<p>Abmessungen 203 x 224 x 66 cm<br \/>\nKapazit\u00e4t zwei Sitze<br \/>\nFarbe Anthrazit<\/p>\n","protected":false},"featured_media":14693,"comment_status":"open","ping_status":"closed","template":"","meta":[],"product_cat":[26],"product_tag":[],"_links":{"self":[{"href":"http:\/\/campingland24.com\/index.php?rest_route=\/wp\/v2\/product\/14692"}],"collection":[{"href":"http:\/\/campingland24.com\/index.php?rest_route=\/wp\/v2\/product"}],"about":[{"href":"http:\/\/campingland24.com\/index.php?rest_route=\/wp\/v2\/types\/product"}],"replies":[{"embeddable":true,"href":"http:\/\/campingland24.com\/index.php?rest_route=%2Fwp%2Fv2%2Fcomments&post=14692"}],"version-history":[{"count":4,"href":"http:\/\/campingland24.com\/index.php?rest_route=\/wp\/v2\/product\/14692\/revisions"}],"predecessor-version":[{"id":19996,"href":"http:\/\/campingland24.com\/index.php?rest_route=\/wp\/v2\/product\/14692\/revisions\/19996"}],"wp:featuredmedia":[{"embeddable":true,"href":"http:\/\/campingland24.com\/index.php?rest_route=\/wp\/v2\/media\/14693"}],"wp:attachment":[{"href":"http:\/\/campingland24.com\/index.php?rest_route=%2Fwp%2Fv2%2Fmedia&parent=14692"}],"wp:term":[{"taxonomy":"product_cat","embeddable":true,"href":"http:\/\/campingland24.com\/index.php?rest_route=%2Fwp%2Fv2%2Fproduct_cat&post=14692"},{"taxonomy":"product_tag","embeddable":true,"href":"http:\/\/campingland24.com\/index.php?rest_route=%2Fwp%2Fv2%2Fproduct_tag&post=14692"}],"curies":[{"name":"wp","href":"https:\/\/api.w.org\/{rel}","templated":true}]}}