{"id":14904,"date":"2021-07-29T17:51:52","date_gmt":"2021-07-29T17:51:52","guid":{"rendered":"http:\/\/campingland24.com\/?product=uquip-strandstuhl-sandy-xl-bequemer-klappstuhl-mit-extra-hoher-rueckenlehne"},"modified":"2023-02-23T18:45:23","modified_gmt":"2023-02-23T18:45:23","slug":"uquip-strandstuhl-sandy-xl-bequemer-klappstuhl-mit-extra-hoher-rueckenlehne","status":"publish","type":"product","link":"http:\/\/campingland24.com\/?product=uquip-strandstuhl-sandy-xl-bequemer-klappstuhl-mit-extra-hoher-rueckenlehne","title":{"rendered":"Uquip Strandstuhl Sandy XL &#8211; Bequemer Klappstuhl mit extra hoher R\u00fcckenlehne"},"content":{"rendered":"<div class=\"disclaim\"> Farbe:<strong>Blau Petrol<\/strong> <\/div>\n<p> <!-- show up to 2 reviews by default --> <\/p>\n<p><b>Komfortabler Strandstuhl faltbar + extra hohe R\u00fcckenlehne &#8211; breite Standf\u00fc\u00dfe gegen Einsinken &#8211; 120Kg Traglast<\/b><br \/>Dieser Strandstuhl ist die ideale L\u00f6sung zum Relaxen und Entspannen im eigenen Garten, auf dem Balkon oder am Strand. Durch leichtg\u00e4ngige Scharniere k\u00f6nnen Sie den Stuhl an jedem beliebigen Ort ganz leicht aufbauen und auch leicht zusammenklappen, somit sind Sie flexibel in der Platzierung und ein schneller Positionswechsel ist m\u00f6glich. Der Stuhl verf\u00fcgt \u00fcber 4 extra breite Standf\u00fc\u00dfe, dadurch wird Ihnen ein guter und vor allem sicherer Stand, auch auf weichem Boden gew\u00e4hrt. Bei Nicht-Nutzung k\u00f6nnen Sie den Stuhl ganz leicht und mit wenigen Handgriffen zusammenklappen und in der im Lieferumfang enthaltenen Transporttasche sicher verstauen. Einfach auseinanderklappen, zur\u00fccklehnen und genie\u00dfen!<\/p>\n<p><b>Artikelmerkmale:<\/b><br \/>&#8211; Faltbarer Strandstuhl Uquip Sandy XL<br \/>&#8211; starke Traglast von 120Kg<br \/>&#8211; einfacher Aufbau und Abbau mit wenigen Handgriffen m\u00f6glich<br \/>&#8211; hoher Sitzkomfort<br \/>&#8211; robustes pulverbeschichtetes Stahlgest\u00e4nge<br \/>&#8211; Material: 600D Rip-Stop Polyester-Stoff<br \/>&#8211; ideal f\u00fcrs Camping, bei Outdooraktivit\u00e4ten, als Angelstuhl, w\u00e4hrend der Festivalsaison, am Strand oder im Garten<\/p>\n<p><b>Abmessungen aufgebaut:<\/b><br \/>&#8211; Sitzh\u00f6he ca. 20cm<br \/>&#8211; Sitzfl\u00e4che 58 x 77cm<br \/>&#8211; R\u00fcckenlehne von 90cm<br \/>&#8211; Gewicht: 3,4 kg<\/p>\n<p><b>Packma\u00df (verstaut in der Transporttasche):<\/b> 23 x 69cm <\/p>\n<p><b>Lieferumfang:<\/b><br \/>&#8211; komfortabler Strandstuhl<br \/>&#8211; robuste Transporttasche <\/p>\n<p>Faltbarer Strandstuhl, extra stabil, pulverbeschichtetes Stahlgest\u00e4nge, robuster 600D Rip-Stop Polyester-Bezug<br \/>\nLeicht tragbar in der mitgelieferten Transporttasche &#8211; Nur 3,4 kg Gewicht<br \/>\nExtra hohe R\u00fcckenlehne zum bequemen Anlehen mit dem Kopf, gepolsteter Kopfbereich, hoher Sitzkomfort<br \/>\nSitzfl\u00e4che 58 x 77 cm, Sitzh\u00f6he 20cm, R\u00fcckenlehne ca. 90 cm, Traglast 120 kg<br \/>\nExtra breite Standf\u00fcsse f\u00fcr weichen Boden und damit speziell gegen Einsinken am Strand<br \/>\n<div class=\"main-cross-sell\" data-asin=\"B08VDTNTPK\">\n\n\t<div class=\"WooZone-cross-sell-loader\">\n\t\t<div>\n\t\t\t<div id=\"floatingBarsG\">\n\t\t\t\t<div class=\"blockG\" id=\"rotateG_01\"><\/div>\n\t\t\t\t<div class=\"blockG\" id=\"rotateG_02\"><\/div>\n\t\t\t\t<div class=\"blockG\" id=\"rotateG_03\"><\/div>\n\t\t\t\t<div class=\"blockG\" id=\"rotateG_04\"><\/div>\n\t\t\t\t<div class=\"blockG\" id=\"rotateG_05\"><\/div>\n\t\t\t\t<div class=\"blockG\" id=\"rotateG_06\"><\/div>\n\t\t\t\t<div class=\"blockG\" id=\"rotateG_07\"><\/div>\n\t\t\t\t<div class=\"blockG\" id=\"rotateG_08\"><\/div>\n\t\t\t<\/div>\n\t\t\t<div class=\"WooZone-cross-sell-loader-text\"><\/div>\n\t\t<\/div>\n\t<\/div>\n\n\t\t\n<\/div>\n<div style=\"clear:both;\"><\/div><\/p>\n","protected":false},"excerpt":{"rendered":"<p>Faltbarer Strandstuhl, extra stabil, pulverbeschichtetes Stahlgest\u00e4nge, robuster 600D Rip-Stop Polyester-Bezug<br \/>\nLeicht tragbar in der mitgelieferten Transporttasche &#8211; Nur 3,4 kg Gewicht<br \/>\nExtra hohe R\u00fcckenlehne zum bequemen Anlehen mit dem Kopf, gepolsteter Kopfbereich, hoher Sitzkomfort<\/p>\n","protected":false},"featured_media":14905,"comment_status":"open","ping_status":"closed","template":"","meta":[],"product_cat":[26],"product_tag":[],"_links":{"self":[{"href":"http:\/\/campingland24.com\/index.php?rest_route=\/wp\/v2\/product\/14904"}],"collection":[{"href":"http:\/\/campingland24.com\/index.php?rest_route=\/wp\/v2\/product"}],"about":[{"href":"http:\/\/campingland24.com\/index.php?rest_route=\/wp\/v2\/types\/product"}],"replies":[{"embeddable":true,"href":"http:\/\/campingland24.com\/index.php?rest_route=%2Fwp%2Fv2%2Fcomments&post=14904"}],"version-history":[{"count":1,"href":"http:\/\/campingland24.com\/index.php?rest_route=\/wp\/v2\/product\/14904\/revisions"}],"predecessor-version":[{"id":18177,"href":"http:\/\/campingland24.com\/index.php?rest_route=\/wp\/v2\/product\/14904\/revisions\/18177"}],"wp:featuredmedia":[{"embeddable":true,"href":"http:\/\/campingland24.com\/index.php?rest_route=\/wp\/v2\/media\/14905"}],"wp:attachment":[{"href":"http:\/\/campingland24.com\/index.php?rest_route=%2Fwp%2Fv2%2Fmedia&parent=14904"}],"wp:term":[{"taxonomy":"product_cat","embeddable":true,"href":"http:\/\/campingland24.com\/index.php?rest_route=%2Fwp%2Fv2%2Fproduct_cat&post=14904"},{"taxonomy":"product_tag","embeddable":true,"href":"http:\/\/campingland24.com\/index.php?rest_route=%2Fwp%2Fv2%2Fproduct_tag&post=14904"}],"curies":[{"name":"wp","href":"https:\/\/api.w.org\/{rel}","templated":true}]}}