{"id":14916,"date":"2021-07-29T17:52:01","date_gmt":"2021-07-29T17:52:01","guid":{"rendered":"http:\/\/campingland24.com\/?product=design24-klappstuhl-gartenstuehle-aus-aluminium-wetterbestaendig-verstellbare-rueckenlehne"},"modified":"2023-02-23T18:45:23","modified_gmt":"2023-02-23T18:45:23","slug":"design24-klappstuhl-gartenstuehle-aus-aluminium-wetterbestaendig-verstellbare-rueckenlehne","status":"publish","type":"product","link":"http:\/\/campingland24.com\/?product=design24-klappstuhl-gartenstuehle-aus-aluminium-wetterbestaendig-verstellbare-rueckenlehne","title":{"rendered":"KHG Gartenstuhl mit Armlehnen aus Aluminium, klappbar, wetterfest, 8-Fach verstellbare R\u00fcckenlehne, Hochlehner\u2026"},"content":{"rendered":"<p><!-- show up to 2 reviews by default --> <\/p>\n<p>Bequem Sitzen auf Balkon und im Garten<\/p>\n<p>Unser praktischer Klappstuhl sorgt mit seiner 5-fach verstellbaren R\u00fcckenlehne f\u00fcr Komfort &#8211; und trotzt doch jedem Wetter! Durch sein durchdachtes, schlichtes Design l\u00e4sst er sich besonders gut mit anderen Gartenm\u00f6beln kombinieren und bei Bedarf leicht verstauen. In der Nutzung h\u00e4lt er einer Belastung bis zu 110 kg stand.<\/p>\n<\/p>\n<p>Wetterbest\u00e4ndig &#8211; geeignet f\u00fcr Garten und Balkon<br \/>\nKlappbar und leicht zu montieren<br \/>\nSitzh\u00f6he bei ca. 39 cm<br \/>\nR\u00fcckenlehne in 5 Stufen verstellbar<br \/>\nBis 110 kg belastbar<br \/>\n<div class=\"main-cross-sell\" data-asin=\"B093WZ356D\">\n\n\t<div class=\"WooZone-cross-sell-loader\">\n\t\t<div>\n\t\t\t<div id=\"floatingBarsG\">\n\t\t\t\t<div class=\"blockG\" id=\"rotateG_01\"><\/div>\n\t\t\t\t<div class=\"blockG\" id=\"rotateG_02\"><\/div>\n\t\t\t\t<div class=\"blockG\" id=\"rotateG_03\"><\/div>\n\t\t\t\t<div class=\"blockG\" id=\"rotateG_04\"><\/div>\n\t\t\t\t<div class=\"blockG\" id=\"rotateG_05\"><\/div>\n\t\t\t\t<div class=\"blockG\" id=\"rotateG_06\"><\/div>\n\t\t\t\t<div class=\"blockG\" id=\"rotateG_07\"><\/div>\n\t\t\t\t<div class=\"blockG\" id=\"rotateG_08\"><\/div>\n\t\t\t<\/div>\n\t\t\t<div class=\"WooZone-cross-sell-loader-text\"><\/div>\n\t\t<\/div>\n\t<\/div>\n\n\t\t\n<\/div>\n<div style=\"clear:both;\"><\/div><\/p>\n","protected":false},"excerpt":{"rendered":"<p>Wetterbest\u00e4ndig &#8211; geeignet f\u00fcr Garten und Balkon<br \/>\nKlappbar und leicht zu montieren<br \/>\nSitzh\u00f6he bei ca. 39 cm<\/p>\n","protected":false},"featured_media":14917,"comment_status":"open","ping_status":"closed","template":"","meta":[],"product_cat":[26],"product_tag":[],"_links":{"self":[{"href":"http:\/\/campingland24.com\/index.php?rest_route=\/wp\/v2\/product\/14916"}],"collection":[{"href":"http:\/\/campingland24.com\/index.php?rest_route=\/wp\/v2\/product"}],"about":[{"href":"http:\/\/campingland24.com\/index.php?rest_route=\/wp\/v2\/types\/product"}],"replies":[{"embeddable":true,"href":"http:\/\/campingland24.com\/index.php?rest_route=%2Fwp%2Fv2%2Fcomments&post=14916"}],"version-history":[{"count":5,"href":"http:\/\/campingland24.com\/index.php?rest_route=\/wp\/v2\/product\/14916\/revisions"}],"predecessor-version":[{"id":19767,"href":"http:\/\/campingland24.com\/index.php?rest_route=\/wp\/v2\/product\/14916\/revisions\/19767"}],"wp:featuredmedia":[{"embeddable":true,"href":"http:\/\/campingland24.com\/index.php?rest_route=\/wp\/v2\/media\/14917"}],"wp:attachment":[{"href":"http:\/\/campingland24.com\/index.php?rest_route=%2Fwp%2Fv2%2Fmedia&parent=14916"}],"wp:term":[{"taxonomy":"product_cat","embeddable":true,"href":"http:\/\/campingland24.com\/index.php?rest_route=%2Fwp%2Fv2%2Fproduct_cat&post=14916"},{"taxonomy":"product_tag","embeddable":true,"href":"http:\/\/campingland24.com\/index.php?rest_route=%2Fwp%2Fv2%2Fproduct_tag&post=14916"}],"curies":[{"name":"wp","href":"https:\/\/api.w.org\/{rel}","templated":true}]}}