{"id":15124,"date":"2021-07-29T18:31:21","date_gmt":"2021-07-29T18:31:21","guid":{"rendered":"http:\/\/campingland24.com\/?product=carpon-campbed-outdoor-bett-camping-208-cm-lang-angeln-fischen-karpfenliege"},"modified":"2023-02-23T18:45:28","modified_gmt":"2023-02-23T18:45:28","slug":"carpon-campbed-outdoor-bett-camping-208-cm-lang-angeln-fischen-karpfenliege","status":"publish","type":"product","link":"http:\/\/campingland24.com\/?product=carpon-campbed-outdoor-bett-camping-208-cm-lang-angeln-fischen-karpfenliege","title":{"rendered":"CarpOn Campbed Outdoor Bett Camping 208 cm Lang Angeln Fischen Karpfenliege"},"content":{"rendered":"<p><!-- show up to 2 reviews by default --> <\/p>\n<p>Classic<br \/>Sitzfl\u00e4che: 80 cm x 208 cm<br \/>Sitzh\u00f6he: verstellbar 33 ? 45 cm<br \/>Material: Stiel Frame (pulver beschichtet) 100% Polyester (Oxford)<br \/>Transportma\u00dfe: 85 cm x 76 cm x 25 cm<br \/>Belastbar: 150 kg<br \/>Gewicht: 9 kg<\/p>\n<p>Comfort<br \/>Sitzfl\u00e4che: 90 cm x 208 cm<br \/>Sitzh\u00f6he: verstellbar 33 &#8211; 45 cm<br \/>Material: Stahlrohrrahmen (pulverbeschichtet) Bezug 100% Polyester (Oxford)<br \/>Transportma\u00dfe: 90 cm x 79 cm x 27 cm<br \/>Belastbar: 170 kg<br \/>Gewicht: 11,5 kg<\/p>\n<p>Deluxe<br \/>Sitzfl\u00e4che: 208 cm x 80 cm<br \/>Sitzh\u00f6he: verstellbad 35 &#8211; 45 cm<br \/>Transportma\u00dfe: 80 cm x 80 cm x 34 cm<br \/>Gewicht: 12,6 kg<br \/>Besonderheiten: 8 Beine stufenlos verstellbar | abnehmbare Kissen und Thermische Polsterung | robuste Stahlrammen<\/p>\n<p>Diese Liege aus unserem Programm ist f\u00fcr gr\u00f6\u00dfere Menschen gebaut oder die mehr Komfort ben\u00f6tigen (Schlafen wie zu Hause). Mit Ihrem robusten aber leichten Stahlgestell und 8 F\u00fc\u00dfen ist sie hochstabil. Die dicke thermische Polsterung bietet angenehmen Liegekomfort und sch\u00fctzt gegen eindringende K\u00e4lte vom Boden.<br \/>\nMaterial: Stahlrohrrahmen (pulverbeschichtet) Bezug 100% Polyester (Oxford)<br \/>\n8 Beine stufenlos verstellbar Durch verstellbare F\u00fc\u00dfe und Schlammteller ist sie f\u00fcr fast alle Untergr\u00fcnde geeignet.<br \/>\nDie Polsterung bei unseren Liegen besteht aus Vlies, was einen sehr angenehmen Komfort bietet. Der Bezug aus Polyester ist sehr leicht zu reinigen.<br \/>\nSitzfl\u00e4che 208 cm x 80 cm Sitzh\u00f6he verstellbad 35 &#8211; 45 cm Transportma\u00dfe 85 cm x 76 cm x 25 cm Belastbar 150 kg Gewicht 9 kg<br \/>\n<div class=\"main-cross-sell\" data-asin=\"B07RBQ5YQK\">\n\n\t<div class=\"WooZone-cross-sell-loader\">\n\t\t<div>\n\t\t\t<div id=\"floatingBarsG\">\n\t\t\t\t<div class=\"blockG\" id=\"rotateG_01\"><\/div>\n\t\t\t\t<div class=\"blockG\" id=\"rotateG_02\"><\/div>\n\t\t\t\t<div class=\"blockG\" id=\"rotateG_03\"><\/div>\n\t\t\t\t<div class=\"blockG\" id=\"rotateG_04\"><\/div>\n\t\t\t\t<div class=\"blockG\" id=\"rotateG_05\"><\/div>\n\t\t\t\t<div class=\"blockG\" id=\"rotateG_06\"><\/div>\n\t\t\t\t<div class=\"blockG\" id=\"rotateG_07\"><\/div>\n\t\t\t\t<div class=\"blockG\" id=\"rotateG_08\"><\/div>\n\t\t\t<\/div>\n\t\t\t<div class=\"WooZone-cross-sell-loader-text\"><\/div>\n\t\t<\/div>\n\t<\/div>\n\n\t\t\n<\/div>\n<div style=\"clear:both;\"><\/div><\/p>\n","protected":false},"excerpt":{"rendered":"<p>Diese Liege aus unserem Programm ist f\u00fcr gr\u00f6\u00dfere Menschen gebaut oder die mehr Komfort ben\u00f6tigen (Schlafen wie zu Hause). Mit Ihrem robusten aber leichten Stahlgestell und 8 F\u00fc\u00dfen ist sie hochstabil. Die dicke thermische Polsterung bietet angenehmen Liegekomfort und sch\u00fctzt gegen eindringende K\u00e4lte vom Boden.<br \/>\nMaterial: Stahlrohrrahmen (pulverbeschichtet) Bezug 100% Polyester (Oxford)<br \/>\n8 Beine stufenlos verstellbar Durch verstellbare F\u00fc\u00dfe und Schlammteller ist sie f\u00fcr fast alle Untergr\u00fcnde geeignet.<\/p>\n","protected":false},"featured_media":15125,"comment_status":"open","ping_status":"closed","template":"","meta":[],"product_cat":[26],"product_tag":[],"_links":{"self":[{"href":"http:\/\/campingland24.com\/index.php?rest_route=\/wp\/v2\/product\/15124"}],"collection":[{"href":"http:\/\/campingland24.com\/index.php?rest_route=\/wp\/v2\/product"}],"about":[{"href":"http:\/\/campingland24.com\/index.php?rest_route=\/wp\/v2\/types\/product"}],"replies":[{"embeddable":true,"href":"http:\/\/campingland24.com\/index.php?rest_route=%2Fwp%2Fv2%2Fcomments&post=15124"}],"version-history":[{"count":1,"href":"http:\/\/campingland24.com\/index.php?rest_route=\/wp\/v2\/product\/15124\/revisions"}],"predecessor-version":[{"id":18235,"href":"http:\/\/campingland24.com\/index.php?rest_route=\/wp\/v2\/product\/15124\/revisions\/18235"}],"wp:featuredmedia":[{"embeddable":true,"href":"http:\/\/campingland24.com\/index.php?rest_route=\/wp\/v2\/media\/15125"}],"wp:attachment":[{"href":"http:\/\/campingland24.com\/index.php?rest_route=%2Fwp%2Fv2%2Fmedia&parent=15124"}],"wp:term":[{"taxonomy":"product_cat","embeddable":true,"href":"http:\/\/campingland24.com\/index.php?rest_route=%2Fwp%2Fv2%2Fproduct_cat&post=15124"},{"taxonomy":"product_tag","embeddable":true,"href":"http:\/\/campingland24.com\/index.php?rest_route=%2Fwp%2Fv2%2Fproduct_tag&post=15124"}],"curies":[{"name":"wp","href":"https:\/\/api.w.org\/{rel}","templated":true}]}}