{"id":15173,"date":"2021-07-29T18:48:55","date_gmt":"2021-07-29T18:48:55","guid":{"rendered":"http:\/\/campingland24.com\/?product=mobicool-9103500765-icecube-kuehltasche"},"modified":"2023-02-23T18:46:39","modified_gmt":"2023-02-23T18:46:39","slug":"mobicool-9103500765-icecube-kuehltasche","status":"publish","type":"product","link":"http:\/\/campingland24.com\/?product=mobicool-9103500765-icecube-kuehltasche","title":{"rendered":"Mobicool 9103500765 Icecube K\u00fchltasche"},"content":{"rendered":"<p><!-- show up to 2 reviews by default --> <\/p>\n<p>Mobicool Icube Medium ist ein widerstandsf\u00e4higes und langlebiges Material, in Form und Gr\u00f6\u00dfe. Die flexible W\u00e4rmed\u00e4mmung und die Kn\u00f6pfe an den Seiten erleichtern das Falten der Tasche nach dem Gebrauch. Verst\u00e4rkte Ecken und Kunststoffrahmen machen diese Taschen viel haltbarer. Mit einer gro\u00dfz\u00fcgigen Isolierung f\u00fcr kalte Temperaturen und verst\u00e4rkten Seiten f\u00fcr zus\u00e4tzliche Festigkeit, diese 30-Liter-K\u00fchltasche erf\u00fcllt Ihre K\u00fchlaufgabe. Und bei Nichtgebrauch l\u00e4sst er sich einfach mit einem Druckknopf an der Seite zusammenfalten, was eine optimale Aufbewahrung erm\u00f6glicht. Diese K\u00fchltasche ist das gr\u00f6\u00dfte Modell der Icecube-Serie. Ideal f\u00fcr die Aufbewahrung von Lebensmitteln und Getr\u00e4nken f\u00fcr gro\u00dfe Gruppen auf Reisen, Ausfl\u00fcgen oder f\u00fcr den Transport von Wochenendausfl\u00fcgen. Verst\u00e4rkte Seiten mit Schutzplane und Kunststoffrahmen f\u00fcr jahrelangen zuverl\u00e4ssigen Gebrauch. <\/p>\n<p>Einfach zu falten dank seitlichem Druckknopf f\u00fcr eine kompakte Aufbewahrung nach dem Gebrauch.<br \/>\nDie gro\u00dfz\u00fcgige Isolierung h\u00e4lt kalte Temperaturen<br \/>\nRandverst\u00e4rkung f\u00fcr Schutz und Widerstandsf\u00e4higkeit<br \/>\nEinfaches Laden durch gro\u00dfe Rei\u00dfverschluss\u00f6ffnung<br \/>\n<div class=\"main-cross-sell\" data-asin=\"B010E11PVM\">\n\n\t<div class=\"WooZone-cross-sell-loader\">\n\t\t<div>\n\t\t\t<div id=\"floatingBarsG\">\n\t\t\t\t<div class=\"blockG\" id=\"rotateG_01\"><\/div>\n\t\t\t\t<div class=\"blockG\" id=\"rotateG_02\"><\/div>\n\t\t\t\t<div class=\"blockG\" id=\"rotateG_03\"><\/div>\n\t\t\t\t<div class=\"blockG\" id=\"rotateG_04\"><\/div>\n\t\t\t\t<div class=\"blockG\" id=\"rotateG_05\"><\/div>\n\t\t\t\t<div class=\"blockG\" id=\"rotateG_06\"><\/div>\n\t\t\t\t<div class=\"blockG\" id=\"rotateG_07\"><\/div>\n\t\t\t\t<div class=\"blockG\" id=\"rotateG_08\"><\/div>\n\t\t\t<\/div>\n\t\t\t<div class=\"WooZone-cross-sell-loader-text\"><\/div>\n\t\t<\/div>\n\t<\/div>\n\n\t\t\n<\/div>\n<div style=\"clear:both;\"><\/div><\/p>\n","protected":false},"excerpt":{"rendered":"<p>Einfach zu falten dank seitlichem Druckknopf f\u00fcr eine kompakte Aufbewahrung nach dem Gebrauch.<br \/>\nDie gro\u00dfz\u00fcgige Isolierung h\u00e4lt kalte Temperaturen<br \/>\nRandverst\u00e4rkung f\u00fcr Schutz und Widerstandsf\u00e4higkeit<\/p>\n","protected":false},"featured_media":15174,"comment_status":"open","ping_status":"closed","template":"","meta":[],"product_cat":[4125],"product_tag":[],"_links":{"self":[{"href":"http:\/\/campingland24.com\/index.php?rest_route=\/wp\/v2\/product\/15173"}],"collection":[{"href":"http:\/\/campingland24.com\/index.php?rest_route=\/wp\/v2\/product"}],"about":[{"href":"http:\/\/campingland24.com\/index.php?rest_route=\/wp\/v2\/types\/product"}],"replies":[{"embeddable":true,"href":"http:\/\/campingland24.com\/index.php?rest_route=%2Fwp%2Fv2%2Fcomments&post=15173"}],"version-history":[{"count":1,"href":"http:\/\/campingland24.com\/index.php?rest_route=\/wp\/v2\/product\/15173\/revisions"}],"predecessor-version":[{"id":18247,"href":"http:\/\/campingland24.com\/index.php?rest_route=\/wp\/v2\/product\/15173\/revisions\/18247"}],"wp:featuredmedia":[{"embeddable":true,"href":"http:\/\/campingland24.com\/index.php?rest_route=\/wp\/v2\/media\/15174"}],"wp:attachment":[{"href":"http:\/\/campingland24.com\/index.php?rest_route=%2Fwp%2Fv2%2Fmedia&parent=15173"}],"wp:term":[{"taxonomy":"product_cat","embeddable":true,"href":"http:\/\/campingland24.com\/index.php?rest_route=%2Fwp%2Fv2%2Fproduct_cat&post=15173"},{"taxonomy":"product_tag","embeddable":true,"href":"http:\/\/campingland24.com\/index.php?rest_route=%2Fwp%2Fv2%2Fproduct_tag&post=15173"}],"curies":[{"name":"wp","href":"https:\/\/api.w.org\/{rel}","templated":true}]}}