{"id":15185,"date":"2021-07-29T18:49:01","date_gmt":"2021-07-29T18:49:01","guid":{"rendered":"http:\/\/campingland24.com\/?product=thermoelektrische-kuehlbox-u-22-ac-dc-12-230-volt-22-liter"},"modified":"2023-02-23T18:46:39","modified_gmt":"2023-02-23T18:46:39","slug":"thermoelektrische-kuehlbox-u-22-ac-dc-12-230-volt-22-liter","status":"publish","type":"product","link":"http:\/\/campingland24.com\/?product=thermoelektrische-kuehlbox-u-22-ac-dc-12-230-volt-22-liter","title":{"rendered":"Thermoelektrische K\u00fchlbox U 22 AC\/DC &#8211; 12\/230 Volt &#8211; 22 Liter"},"content":{"rendered":"<p><!-- show up to 2 reviews by default --> <\/p>\n<ul>\n<li>Sehr leicht und Kompakt<\/li>\n<li>Passt perfekt hinter den Beifahrersitz<\/li>\n<li>Gro\u00dfe Getr\u00e4nkeflaschen k\u00f6nnen stehend transportiert werden<\/li>\n<li>Leicht g\u00e4ngiger Klappdeckel<\/li>\n<li>Kabelfach in der Deckelunterseite<\/li>\n<li>Tragegriff arretiert den Deckel w\u00e4hrend der Fahrt oder beim Transport<\/li>\n<\/ul>\n<p><strong>Technische Daten<\/strong><\/p>\n<ul>\n<li>Anschlussspannung: 12 Volt DC, 230 Volt AC (220 \u2013 240 Volt) \/ 50 Hz eingebauter Adapter<\/li>\n<li>Energieklasse: A++<\/li>\n<li>Monolithischer Schaumkern<\/li>\n<li>Au\u00dfen- und Innengeh\u00e4use aus Polypropylen<\/li>\n<li>3-A-Peltier-Element mit direktem 12-Volt-Anschluss oder integriertem 230-Volt-Adapter<\/li>\n<li>K\u00fchlung bis max. 15\u00b0 C unter Umgebungstemperatur<\/li>\n<\/ul>\n<p>Abmessung (L x B x H): 395 x 295 x 425 mm<\/p>\n<p>Gewicht: 2,4 kg<\/p>\n<p>Farbe: Blau<\/p>\n<\/p>\n<\/p>\n<div class=\"main-cross-sell\" data-asin=\"B07PG5FQDD\">\n\n\t<div class=\"WooZone-cross-sell-loader\">\n\t\t<div>\n\t\t\t<div id=\"floatingBarsG\">\n\t\t\t\t<div class=\"blockG\" id=\"rotateG_01\"><\/div>\n\t\t\t\t<div class=\"blockG\" id=\"rotateG_02\"><\/div>\n\t\t\t\t<div class=\"blockG\" id=\"rotateG_03\"><\/div>\n\t\t\t\t<div class=\"blockG\" id=\"rotateG_04\"><\/div>\n\t\t\t\t<div class=\"blockG\" id=\"rotateG_05\"><\/div>\n\t\t\t\t<div class=\"blockG\" id=\"rotateG_06\"><\/div>\n\t\t\t\t<div class=\"blockG\" id=\"rotateG_07\"><\/div>\n\t\t\t\t<div class=\"blockG\" id=\"rotateG_08\"><\/div>\n\t\t\t<\/div>\n\t\t\t<div class=\"WooZone-cross-sell-loader-text\"><\/div>\n\t\t<\/div>\n\t<\/div>\n\n\t\t\n<\/div>\n<div style=\"clear:both;\"><\/div>\n","protected":false},"excerpt":{"rendered":"<p>Sehr leicht und Kompakt Passt perfekt hinter den Beifahrersitz Gro\u00dfe Getr\u00e4nkeflaschen k\u00f6nnen stehend transportiert werden Leicht g\u00e4ngiger Klappdeckel Kabelfach in<\/p>\n","protected":false},"featured_media":15186,"comment_status":"open","ping_status":"closed","template":"","meta":[],"product_cat":[4125],"product_tag":[],"_links":{"self":[{"href":"http:\/\/campingland24.com\/index.php?rest_route=\/wp\/v2\/product\/15185"}],"collection":[{"href":"http:\/\/campingland24.com\/index.php?rest_route=\/wp\/v2\/product"}],"about":[{"href":"http:\/\/campingland24.com\/index.php?rest_route=\/wp\/v2\/types\/product"}],"replies":[{"embeddable":true,"href":"http:\/\/campingland24.com\/index.php?rest_route=%2Fwp%2Fv2%2Fcomments&post=15185"}],"version-history":[{"count":1,"href":"http:\/\/campingland24.com\/index.php?rest_route=\/wp\/v2\/product\/15185\/revisions"}],"predecessor-version":[{"id":18251,"href":"http:\/\/campingland24.com\/index.php?rest_route=\/wp\/v2\/product\/15185\/revisions\/18251"}],"wp:featuredmedia":[{"embeddable":true,"href":"http:\/\/campingland24.com\/index.php?rest_route=\/wp\/v2\/media\/15186"}],"wp:attachment":[{"href":"http:\/\/campingland24.com\/index.php?rest_route=%2Fwp%2Fv2%2Fmedia&parent=15185"}],"wp:term":[{"taxonomy":"product_cat","embeddable":true,"href":"http:\/\/campingland24.com\/index.php?rest_route=%2Fwp%2Fv2%2Fproduct_cat&post=15185"},{"taxonomy":"product_tag","embeddable":true,"href":"http:\/\/campingland24.com\/index.php?rest_route=%2Fwp%2Fv2%2Fproduct_tag&post=15185"}],"curies":[{"name":"wp","href":"https:\/\/api.w.org\/{rel}","templated":true}]}}