{"id":15199,"date":"2021-07-29T18:49:08","date_gmt":"2021-07-29T18:49:08","guid":{"rendered":"http:\/\/campingland24.com\/?product=mobicool-mb40-hybrid-tragbare-kompressor-thermoelektrische-kuehlbox-gefrierbox-38-liter-12-v-und-230-v-fuer-auto-lkw-steckdose"},"modified":"2023-02-23T18:46:40","modified_gmt":"2023-02-23T18:46:40","slug":"mobicool-mb40-hybrid-tragbare-kompressor-thermoelektrische-kuehlbox-gefrierbox-38-liter-12-v-und-230-v-fuer-auto-lkw-steckdose","status":"publish","type":"product","link":"http:\/\/campingland24.com\/?product=mobicool-mb40-hybrid-tragbare-kompressor-thermoelektrische-kuehlbox-gefrierbox-38-liter-12-v-und-230-v-fuer-auto-lkw-steckdose","title":{"rendered":"Mobicool MB40, Hybrid, tragbare Kompressor- thermoelektrische-K\u00fchlbox\/Gefrierbox, 38 Liter, 12 V und 230 V f\u00fcr Auto, Lkw\u2026"},"content":{"rendered":"<div class=\"disclaim\"> Gr\u00f6\u00dfe:<strong>39 L &#8211; Hybrid<\/strong> | Stil:<strong>MB40<\/strong> <\/div>\n<p> <!-- show up to 2 reviews by default --> <\/p>\n<p>Die Mobicool MB40 profitiert von ihren gleich zwei K\u00fchlsystemen: Sie ist Kompressor-K\u00fchlbox und thermoelektrisches K\u00fchlaggregat in einem. Letzteres versorgt die K\u00fchlbox, wenn sie an die 12-V-Batterie des Fahrzeugs angeschlossen wird \u2013 und sorgt daf\u00fcr, dass der Inhalt von zu Hause bis zum Campingplatz verl\u00e4sslich gek\u00fchlt wird! Eine erstaunliche und g\u00fcnstige, technische L\u00f6sung f\u00fcr eine wichtige und \u00e4u\u00dferst praktische Eigenschaft. Im Kompressorbetrieb k\u00fchlt und gefriert die MB40 auch bei hohen Umgebungstemperaturen auf bis zu \u201315 \u00b0C, w\u00e4hrend das thermoelektrische System 20 \u00b0C unter der Umgebungstemperatur liegt. So werden dank der verst\u00e4rkten Isolierung und einem Deckel mit Gummidichtung und Magnetverschluss bis zu 38 l Inhalt effizient gek\u00fchlt. Dazu kommt das robuste stahlbeschichtete Geh\u00e4use und ein wartungsfreies vollhermetisches K\u00fchlsystem \u2013 diese K\u00fchlbox funktioniert garantiert immer gut! <\/p>\n<p>Zwei K\u00fchlsysteme: Kompressor und Thermoelektrik<br \/>\nElektrische K\u00fchlbox f\u00fcr 12 V DC \/ 230 V AC<br \/>\nK\u00fchlen und Tiefk\u00fchlen von +10 \u00b0C bis -15 \u00b0C<br \/>\nUniversell einsetzbar: Auto, Camping, Lkw, Terrasse<br \/>\nRobustes Stahlgeh\u00e4use, Griffmulden, extrastarke Isolierung<br \/>\n<div class=\"main-cross-sell\" data-asin=\"B07ZTQHXSL\">\n\n\t<div class=\"WooZone-cross-sell-loader\">\n\t\t<div>\n\t\t\t<div id=\"floatingBarsG\">\n\t\t\t\t<div class=\"blockG\" id=\"rotateG_01\"><\/div>\n\t\t\t\t<div class=\"blockG\" id=\"rotateG_02\"><\/div>\n\t\t\t\t<div class=\"blockG\" id=\"rotateG_03\"><\/div>\n\t\t\t\t<div class=\"blockG\" id=\"rotateG_04\"><\/div>\n\t\t\t\t<div class=\"blockG\" id=\"rotateG_05\"><\/div>\n\t\t\t\t<div class=\"blockG\" id=\"rotateG_06\"><\/div>\n\t\t\t\t<div class=\"blockG\" id=\"rotateG_07\"><\/div>\n\t\t\t\t<div class=\"blockG\" id=\"rotateG_08\"><\/div>\n\t\t\t<\/div>\n\t\t\t<div class=\"WooZone-cross-sell-loader-text\"><\/div>\n\t\t<\/div>\n\t<\/div>\n\n\t\t\n<\/div>\n<div style=\"clear:both;\"><\/div><\/p>\n","protected":false},"excerpt":{"rendered":"<p>Zwei K\u00fchlsysteme: Kompressor und Thermoelektrik<br \/>\nElektrische K\u00fchlbox f\u00fcr 12 V DC \/ 230 V AC<br \/>\nK\u00fchlen und Tiefk\u00fchlen von +10 \u00b0C bis -15 \u00b0C<\/p>\n","protected":false},"featured_media":15200,"comment_status":"open","ping_status":"closed","template":"","meta":[],"product_cat":[4125],"product_tag":[],"_links":{"self":[{"href":"http:\/\/campingland24.com\/index.php?rest_route=\/wp\/v2\/product\/15199"}],"collection":[{"href":"http:\/\/campingland24.com\/index.php?rest_route=\/wp\/v2\/product"}],"about":[{"href":"http:\/\/campingland24.com\/index.php?rest_route=\/wp\/v2\/types\/product"}],"replies":[{"embeddable":true,"href":"http:\/\/campingland24.com\/index.php?rest_route=%2Fwp%2Fv2%2Fcomments&post=15199"}],"version-history":[{"count":1,"href":"http:\/\/campingland24.com\/index.php?rest_route=\/wp\/v2\/product\/15199\/revisions"}],"predecessor-version":[{"id":18255,"href":"http:\/\/campingland24.com\/index.php?rest_route=\/wp\/v2\/product\/15199\/revisions\/18255"}],"wp:featuredmedia":[{"embeddable":true,"href":"http:\/\/campingland24.com\/index.php?rest_route=\/wp\/v2\/media\/15200"}],"wp:attachment":[{"href":"http:\/\/campingland24.com\/index.php?rest_route=%2Fwp%2Fv2%2Fmedia&parent=15199"}],"wp:term":[{"taxonomy":"product_cat","embeddable":true,"href":"http:\/\/campingland24.com\/index.php?rest_route=%2Fwp%2Fv2%2Fproduct_cat&post=15199"},{"taxonomy":"product_tag","embeddable":true,"href":"http:\/\/campingland24.com\/index.php?rest_route=%2Fwp%2Fv2%2Fproduct_tag&post=15199"}],"curies":[{"name":"wp","href":"https:\/\/api.w.org\/{rel}","templated":true}]}}