{"id":15219,"date":"2021-07-29T18:49:16","date_gmt":"2021-07-29T18:49:16","guid":{"rendered":"http:\/\/campingland24.com\/?product=mobicool-u26-tragbare-thermo-elektrische-kuehlbox-26-liter-12-v-fuer-auto-und-lkw"},"modified":"2023-02-23T18:46:40","modified_gmt":"2023-02-23T18:46:40","slug":"mobicool-u26-tragbare-thermo-elektrische-kuehlbox-26-liter-12-v-fuer-auto-und-lkw","status":"publish","type":"product","link":"http:\/\/campingland24.com\/?product=mobicool-u26-tragbare-thermo-elektrische-kuehlbox-26-liter-12-v-fuer-auto-und-lkw","title":{"rendered":"Mobicool U26, tragbare thermo-elektrische K\u00fchlbox, 26 Liter, 12 V f\u00fcr Auto und Lkw"},"content":{"rendered":"<p><!-- show up to 2 reviews by default --> <\/p>\n<p><b>MOBICOOL U26 DC &#8211; Thermoelektrische K\u00fchlbox<\/b><\/p>\n<p>Isobox oder Isotasche waren gestern. Denn die U26 liefert Freizeit-Fans schlagende Argumente, sich endlich eine thermoelektrische K\u00fchlbox zuzulegen: rund 25 Liter Volumen und Stehh\u00f6he f\u00fcr 2-Liter-Flaschen bei kompakter Bauform. K\u00fchlleistungen bis zu 17 \u00b0C unter Umgebungstemperatur, 12-Volt-Anschluss und ein unglaublich g\u00fcnstiges Preis-Leistungs-Verh\u00e4ltnis!<\/p>\n<p><b>MOBICOOL U26 DC Thermoelektrische K\u00fchlbox &#8211; Technische Daten:<\/b><\/p>\n<ul>\n<li><b>Nettoinhalt:<\/b> ca. 25 Liter<\/li>\n<li><b>Anschlussspannung:<\/b> 12 Volt DC<\/li>\n<li><b>K\u00fchlsystem:<\/b> 3 A Peltier-Element mit 12-Volt-Anschluss (k\u00fchlen bis 17 \u00b0C unter Umgebungstemperatur)<\/li>\n<li><b>Isolierung:<\/b> Hochwertige Schaumkernisolierung (K-Iso-System)<\/li>\n<li><b>Material:<\/b> Au\u00dfen- und Innengeh\u00e4use aus Polypropylen<\/li>\n<li><b>Qualit\u00e4tsmerkmale:<\/b>\n<ul>\n<li>Strapazierf\u00e4hige Konstruktion<\/li>\n<li>Doppell\u00fcfter-Aggregat f\u00fcr schnelle K\u00e4lteverteilung<\/li>\n<li>Zweitfunktion des Tragegriffs als Deckelst\u00fctze oder Verriegelung<\/li>\n<li>Kabelfach im Deckel<\/li>\n<li>Stehh\u00f6he f\u00fcr 2-Liter-Flaschen<\/li>\n<\/ul>\n<\/li>\n<li><b>Gr\u00f6\u00dfe (LxBxH)\/Gewicht:<\/b> 39,6 x 29,6 x 39,5 cm \/ 3,7 kg<\/li>\n<\/ul>\n<p>Nutzinhalt: 26 Liter f\u00fcr gro\u00dfe, stehende Flaschen, Metallic Blau<br \/>\nK\u00fchlung bis 17 \u00b0C unter Umgebungstemperatur<br \/>\nLeicht zu \u00f6ffnender, doppelwandiger Scharnierdeckel<br \/>\nTragegriff schlie\u00dft oder stabilisiert den Deckel, Palletten-Packgr\u00f6\u00dfe<br \/>\nWiderstandsf\u00e4hige Polypropylenkonstruktion f\u00fcr Verwendung im Freien<br \/>\nDurch einteilige Innenbeschichtung einfach zu reinigen<br \/>\nMini-K\u00fchlschrank f\u00fcr Auto, Camping, Urlaub, Freizeit und Beruf<br \/>\n<div class=\"main-cross-sell\" data-asin=\"B019PT5QVE\">\n\n\t<div class=\"WooZone-cross-sell-loader\">\n\t\t<div>\n\t\t\t<div id=\"floatingBarsG\">\n\t\t\t\t<div class=\"blockG\" id=\"rotateG_01\"><\/div>\n\t\t\t\t<div class=\"blockG\" id=\"rotateG_02\"><\/div>\n\t\t\t\t<div class=\"blockG\" id=\"rotateG_03\"><\/div>\n\t\t\t\t<div class=\"blockG\" id=\"rotateG_04\"><\/div>\n\t\t\t\t<div class=\"blockG\" id=\"rotateG_05\"><\/div>\n\t\t\t\t<div class=\"blockG\" id=\"rotateG_06\"><\/div>\n\t\t\t\t<div class=\"blockG\" id=\"rotateG_07\"><\/div>\n\t\t\t\t<div class=\"blockG\" id=\"rotateG_08\"><\/div>\n\t\t\t<\/div>\n\t\t\t<div class=\"WooZone-cross-sell-loader-text\"><\/div>\n\t\t<\/div>\n\t<\/div>\n\n\t\t\n<\/div>\n<div style=\"clear:both;\"><\/div><\/p>\n","protected":false},"excerpt":{"rendered":"<p>Nutzinhalt: 26 Liter f\u00fcr gro\u00dfe, stehende Flaschen, Metallic Blau<br \/>\nK\u00fchlung bis 17 \u00b0C unter Umgebungstemperatur<br \/>\nLeicht zu \u00f6ffnender, doppelwandiger Scharnierdeckel<\/p>\n","protected":false},"featured_media":15220,"comment_status":"open","ping_status":"closed","template":"","meta":[],"product_cat":[4125],"product_tag":[],"_links":{"self":[{"href":"http:\/\/campingland24.com\/index.php?rest_route=\/wp\/v2\/product\/15219"}],"collection":[{"href":"http:\/\/campingland24.com\/index.php?rest_route=\/wp\/v2\/product"}],"about":[{"href":"http:\/\/campingland24.com\/index.php?rest_route=\/wp\/v2\/types\/product"}],"replies":[{"embeddable":true,"href":"http:\/\/campingland24.com\/index.php?rest_route=%2Fwp%2Fv2%2Fcomments&post=15219"}],"version-history":[{"count":1,"href":"http:\/\/campingland24.com\/index.php?rest_route=\/wp\/v2\/product\/15219\/revisions"}],"predecessor-version":[{"id":18260,"href":"http:\/\/campingland24.com\/index.php?rest_route=\/wp\/v2\/product\/15219\/revisions\/18260"}],"wp:featuredmedia":[{"embeddable":true,"href":"http:\/\/campingland24.com\/index.php?rest_route=\/wp\/v2\/media\/15220"}],"wp:attachment":[{"href":"http:\/\/campingland24.com\/index.php?rest_route=%2Fwp%2Fv2%2Fmedia&parent=15219"}],"wp:term":[{"taxonomy":"product_cat","embeddable":true,"href":"http:\/\/campingland24.com\/index.php?rest_route=%2Fwp%2Fv2%2Fproduct_cat&post=15219"},{"taxonomy":"product_tag","embeddable":true,"href":"http:\/\/campingland24.com\/index.php?rest_route=%2Fwp%2Fv2%2Fproduct_tag&post=15219"}],"curies":[{"name":"wp","href":"https:\/\/api.w.org\/{rel}","templated":true}]}}