{"id":15237,"date":"2021-07-29T18:49:26","date_gmt":"2021-07-29T18:49:26","guid":{"rendered":"http:\/\/campingland24.com\/?product=mobicool-t38-12-230-volt"},"modified":"2023-02-23T18:46:41","modified_gmt":"2023-02-23T18:46:41","slug":"mobicool-t38-12-230-volt","status":"publish","type":"product","link":"http:\/\/campingland24.com\/?product=mobicool-t38-12-230-volt","title":{"rendered":"Mobicool T38 12 \/ 230 Volt"},"content":{"rendered":"<p><!-- show up to 2 reviews by default --> <\/p>\n<p>Diese neuen K\u00fchlboxen (je nach Modell Inhalt bis 37 Liter) bestechen durch ihr trendiges Design. Sie sind anschlussfertig f\u00fcr 12\/ 230 Volt, bieten Stehh\u00f6he f\u00fcr 2-Liter-Flaschen und k\u00fchlen bis zu 18 \u00b0C unter Umgebungstemperatur (T38 bis 17 \u00b0C). Die Gro\u00dfraumbox T38 hat einen geteilten Deckel, ein innenliegendes Trenngitter und ist mit leise laufenden R\u00e4dern und Teleskop-Ziehgriff ausgestattet. Energieeffizienz Anschlussspannung 12\/ 230 Volt Bruttoinhalt 37 Liter Leistungsaufnahme 47\/ 55 Watt Stehh\u00f6he 2-Liter Mehrwegflaschen Abmessung 56, 5 x 29, 5 x 39 cm Gewicht 5, 4 kg. <\/p>\n<p>1 St\u00fcck<br \/>\nSehr effizient<br \/>\nEinfach zu verwenden<br \/>\n<div class=\"main-cross-sell\" data-asin=\"B07BDLNCSK\">\n\n\t<div class=\"WooZone-cross-sell-loader\">\n\t\t<div>\n\t\t\t<div id=\"floatingBarsG\">\n\t\t\t\t<div class=\"blockG\" id=\"rotateG_01\"><\/div>\n\t\t\t\t<div class=\"blockG\" id=\"rotateG_02\"><\/div>\n\t\t\t\t<div class=\"blockG\" id=\"rotateG_03\"><\/div>\n\t\t\t\t<div class=\"blockG\" id=\"rotateG_04\"><\/div>\n\t\t\t\t<div class=\"blockG\" id=\"rotateG_05\"><\/div>\n\t\t\t\t<div class=\"blockG\" id=\"rotateG_06\"><\/div>\n\t\t\t\t<div class=\"blockG\" id=\"rotateG_07\"><\/div>\n\t\t\t\t<div class=\"blockG\" id=\"rotateG_08\"><\/div>\n\t\t\t<\/div>\n\t\t\t<div class=\"WooZone-cross-sell-loader-text\"><\/div>\n\t\t<\/div>\n\t<\/div>\n\n\t\t\n<\/div>\n<div style=\"clear:both;\"><\/div><\/p>\n","protected":false},"excerpt":{"rendered":"<p>1 St\u00fcck<br \/>\nSehr effizient<br \/>\nEinfach zu verwenden<\/p>\n","protected":false},"featured_media":15238,"comment_status":"open","ping_status":"closed","template":"","meta":[],"product_cat":[4125],"product_tag":[],"_links":{"self":[{"href":"http:\/\/campingland24.com\/index.php?rest_route=\/wp\/v2\/product\/15237"}],"collection":[{"href":"http:\/\/campingland24.com\/index.php?rest_route=\/wp\/v2\/product"}],"about":[{"href":"http:\/\/campingland24.com\/index.php?rest_route=\/wp\/v2\/types\/product"}],"replies":[{"embeddable":true,"href":"http:\/\/campingland24.com\/index.php?rest_route=%2Fwp%2Fv2%2Fcomments&post=15237"}],"version-history":[{"count":1,"href":"http:\/\/campingland24.com\/index.php?rest_route=\/wp\/v2\/product\/15237\/revisions"}],"predecessor-version":[{"id":18265,"href":"http:\/\/campingland24.com\/index.php?rest_route=\/wp\/v2\/product\/15237\/revisions\/18265"}],"wp:featuredmedia":[{"embeddable":true,"href":"http:\/\/campingland24.com\/index.php?rest_route=\/wp\/v2\/media\/15238"}],"wp:attachment":[{"href":"http:\/\/campingland24.com\/index.php?rest_route=%2Fwp%2Fv2%2Fmedia&parent=15237"}],"wp:term":[{"taxonomy":"product_cat","embeddable":true,"href":"http:\/\/campingland24.com\/index.php?rest_route=%2Fwp%2Fv2%2Fproduct_cat&post=15237"},{"taxonomy":"product_tag","embeddable":true,"href":"http:\/\/campingland24.com\/index.php?rest_route=%2Fwp%2Fv2%2Fproduct_tag&post=15237"}],"curies":[{"name":"wp","href":"https:\/\/api.w.org\/{rel}","templated":true}]}}