{"id":15251,"date":"2021-07-29T18:49:34","date_gmt":"2021-07-29T18:49:34","guid":{"rendered":"http:\/\/campingland24.com\/?product=mobicool-f15-thermoelektrischer-minikuehlschrank-rot"},"modified":"2023-02-23T18:46:41","modified_gmt":"2023-02-23T18:46:41","slug":"mobicool-f15-thermoelektrischer-minikuehlschrank-rot","status":"publish","type":"product","link":"http:\/\/campingland24.com\/?product=mobicool-f15-thermoelektrischer-minikuehlschrank-rot","title":{"rendered":"Mobicool F15 Thermoelektrischer Minik\u00fchlschrank, Rot"},"content":{"rendered":"<div class=\"disclaim\"> Farbe:<strong>Rot<\/strong> <\/div>\n<p> <!-- show up to 2 reviews by default --> <\/p>\n<h3>Produktbeschreibung<\/h3>\n<p><b>MOBCIOOL F15 Minik\u00fchlschrank<br \/>Retro-Charme trifft \u201einnere Werte\u201c<\/b><\/p>\n<p>Signalrot und frisches Blau: Die thermoelektrischen Mini-Ku\u0308hlschr\u00e4nke (ca. 15 Liter) setzen Farbakzente oder passen sich modernen Interieurs perfekt an. Sie u\u0308berzeugen durch maximale Raumausnutzung, viele Komfort-Details und starke Technik. Getr\u00e4nkedosen, Flaschen, Pausensnacks \u2013 alles bleibt wunderbar ku\u0308hl.<br \/>Bis zu 18 \u00b0C unter Umgebungstemperatur schaffen die thermoelektrischen Mini-Ku\u0308hler und bieten zus\u00e4tzlich noch eine Heizfunktion. Sie sind u\u0308bers h\u00e4usliche 230-Volt-Festnetz und im Fahrzeug (12 Volt) zu betreiben.<\/p>\n<ul>\n<li>Integrierter 220 \u2013 240 Volt \/ 12 Volt-Adapter<\/li>\n<li>Anschlusskabel f\u00fcr das 220-240 Volt Wechselstromnetz und 12-Volt Zigarettenanz\u00fcnderkabel f\u00fcr den Einsatz im Auto<\/li>\n<li>K\u00fchl- und Heizfunktion &#8211; (k\u00fchlen bis 18 \u00b0C unter Umgebungstemperatur, Abschaltung bei 5 \u00b0C, heizen bis ca. 65 \u00b0C)<\/li>\n<li>Stehh\u00f6he f\u00fcr zwei gro\u00dfe Getr\u00e4nkeflaschen<\/li>\n<li>herausnehmbares Trenngitter und T\u00fcrablage<\/li>\n<li>komfortabler ausklappbarer Tragegriff<\/li>\n<li>Gr\u00f6\u00dfe (L x B x H) \/ Gewicht: 28.5 x 35.5 x 43.5 cm \/ 5.9 kg<\/li>\n<li>Energieklasse: A++<\/li>\n<\/ul>\n<h3>Rechtliche Hinweise<\/h3>\n<p>Ich Verkaufe von Privat aber Probleme lassen sich immer kl\u00e4ren.R\u00fccksendung ist nach vorheriger Absprache auch m\u00f6glich innerhalb von 14 Tagen sollten Sie sich dazu aber entschieden haben.Artikel sollte dazu unbesch\u00e4digt sein und falls bei der Lieferung die Verpackung besch\u00e4digt ist \u00f6ffnen Sie den Artikel bitte im Beisein des Lieferanten damit ich die Versicherung gew\u00e4hrleisten kann die die Lieferunternehmen anbieten! <\/p>\n<p>Anschlussspannung: 12 Volt DC, 230 Volt AC (220 &#8211; 240 Volt) \/ 50 Hz eingebauter Adapter<br \/>\nK\u00fchlsystem: 4 A Peltier-Element mit direktem 12-Volt-Anschluss oder eingebautem 230-Volt-Adapter<br \/>\nK\u00fchlen bis 18 \u00b0C unter Umgebungstemperatur, Abschaltung bei 5 \u00b0C, heizen bis ca. 65 \u00b0C<br \/>\nGr\u00f6\u00dfe (L x B x H)\/Gewicht: 28,5 x 35,5 x 43,5 cm \/ 5,9 kg<br \/>\n<div class=\"main-cross-sell\" data-asin=\"B00792DLSU\">\n\n\t<div class=\"WooZone-cross-sell-loader\">\n\t\t<div>\n\t\t\t<div id=\"floatingBarsG\">\n\t\t\t\t<div class=\"blockG\" id=\"rotateG_01\"><\/div>\n\t\t\t\t<div class=\"blockG\" id=\"rotateG_02\"><\/div>\n\t\t\t\t<div class=\"blockG\" id=\"rotateG_03\"><\/div>\n\t\t\t\t<div class=\"blockG\" id=\"rotateG_04\"><\/div>\n\t\t\t\t<div class=\"blockG\" id=\"rotateG_05\"><\/div>\n\t\t\t\t<div class=\"blockG\" id=\"rotateG_06\"><\/div>\n\t\t\t\t<div class=\"blockG\" id=\"rotateG_07\"><\/div>\n\t\t\t\t<div class=\"blockG\" id=\"rotateG_08\"><\/div>\n\t\t\t<\/div>\n\t\t\t<div class=\"WooZone-cross-sell-loader-text\"><\/div>\n\t\t<\/div>\n\t<\/div>\n\n\t\t\n<\/div>\n<div style=\"clear:both;\"><\/div><\/p>\n","protected":false},"excerpt":{"rendered":"<p>Anschlussspannung: 12 Volt DC, 230 Volt AC (220 &#8211; 240 Volt) \/ 50 Hz eingebauter Adapter<br \/>\nK\u00fchlsystem: 4 A Peltier-Element mit direktem 12-Volt-Anschluss oder eingebautem 230-Volt-Adapter<br \/>\nK\u00fchlen bis 18 \u00b0C unter Umgebungstemperatur, Abschaltung bei 5 \u00b0C, heizen bis ca. 65 \u00b0C<\/p>\n","protected":false},"featured_media":15252,"comment_status":"open","ping_status":"closed","template":"","meta":[],"product_cat":[4125],"product_tag":[],"_links":{"self":[{"href":"http:\/\/campingland24.com\/index.php?rest_route=\/wp\/v2\/product\/15251"}],"collection":[{"href":"http:\/\/campingland24.com\/index.php?rest_route=\/wp\/v2\/product"}],"about":[{"href":"http:\/\/campingland24.com\/index.php?rest_route=\/wp\/v2\/types\/product"}],"replies":[{"embeddable":true,"href":"http:\/\/campingland24.com\/index.php?rest_route=%2Fwp%2Fv2%2Fcomments&post=15251"}],"version-history":[{"count":1,"href":"http:\/\/campingland24.com\/index.php?rest_route=\/wp\/v2\/product\/15251\/revisions"}],"predecessor-version":[{"id":18269,"href":"http:\/\/campingland24.com\/index.php?rest_route=\/wp\/v2\/product\/15251\/revisions\/18269"}],"wp:featuredmedia":[{"embeddable":true,"href":"http:\/\/campingland24.com\/index.php?rest_route=\/wp\/v2\/media\/15252"}],"wp:attachment":[{"href":"http:\/\/campingland24.com\/index.php?rest_route=%2Fwp%2Fv2%2Fmedia&parent=15251"}],"wp:term":[{"taxonomy":"product_cat","embeddable":true,"href":"http:\/\/campingland24.com\/index.php?rest_route=%2Fwp%2Fv2%2Fproduct_cat&post=15251"},{"taxonomy":"product_tag","embeddable":true,"href":"http:\/\/campingland24.com\/index.php?rest_route=%2Fwp%2Fv2%2Fproduct_tag&post=15251"}],"curies":[{"name":"wp","href":"https:\/\/api.w.org\/{rel}","templated":true}]}}