{"id":15277,"date":"2021-07-29T18:49:56","date_gmt":"2021-07-29T18:49:56","guid":{"rendered":"http:\/\/campingland24.com\/?product=mobicool-mdm100-isolierflasche-aus-edelstahl-1-l-mit-becher"},"modified":"2023-02-23T18:46:42","modified_gmt":"2023-02-23T18:46:42","slug":"mobicool-mdm100-isolierflasche-aus-edelstahl-1-l-mit-becher","status":"publish","type":"product","link":"http:\/\/campingland24.com\/?product=mobicool-mdm100-isolierflasche-aus-edelstahl-1-l-mit-becher","title":{"rendered":"Mobicool Mdm100 Isolierflasche Aus Edelstahl, 1 L, Mit Becher"},"content":{"rendered":"<p><!-- show up to 2 reviews by default --> <\/p>\n<p>Diese praktische 1-l-Thermoskanne besteht aus 18\/8 Edelstahl. F\u00fcr hei\u00dfe und kalte Getr\u00e4nke geeignet, sorgt die doppelwandige Isolierung f\u00fcr eine perfekte Temperatur \u00fcber mehrere Stunden. <\/p>\n<p>Abnehmbarer Verschluss mit automatischem Auslaufschutz f\u00fcr tropffreies Ausgie\u00dfen<br \/>\nAufgeschraubte Kappe dient als Trinkbecher<br \/>\nDoppelwandiger Edelstahlkorpus mit Beschichtung, hochvakuumisolierung f\u00fcr maximale Temperaturspeicherung<br \/>\nPerfekte Hygiene: alle Komponenten k\u00f6nnen zum Reinigen abgenommen werden.<br \/>\ne Alternative zu Einwegflaschen aus Kunststoff<br \/>\n<div class=\"main-cross-sell\" data-asin=\"B086W4QPSZ\">\n\n\t<div class=\"WooZone-cross-sell-loader\">\n\t\t<div>\n\t\t\t<div id=\"floatingBarsG\">\n\t\t\t\t<div class=\"blockG\" id=\"rotateG_01\"><\/div>\n\t\t\t\t<div class=\"blockG\" id=\"rotateG_02\"><\/div>\n\t\t\t\t<div class=\"blockG\" id=\"rotateG_03\"><\/div>\n\t\t\t\t<div class=\"blockG\" id=\"rotateG_04\"><\/div>\n\t\t\t\t<div class=\"blockG\" id=\"rotateG_05\"><\/div>\n\t\t\t\t<div class=\"blockG\" id=\"rotateG_06\"><\/div>\n\t\t\t\t<div class=\"blockG\" id=\"rotateG_07\"><\/div>\n\t\t\t\t<div class=\"blockG\" id=\"rotateG_08\"><\/div>\n\t\t\t<\/div>\n\t\t\t<div class=\"WooZone-cross-sell-loader-text\"><\/div>\n\t\t<\/div>\n\t<\/div>\n\n\t\t\n<\/div>\n<div style=\"clear:both;\"><\/div><\/p>\n","protected":false},"excerpt":{"rendered":"<p>Abnehmbarer Verschluss mit automatischem Auslaufschutz f\u00fcr tropffreies Ausgie\u00dfen<br \/>\nAufgeschraubte Kappe dient als Trinkbecher<br \/>\nDoppelwandiger Edelstahlkorpus mit Beschichtung, hochvakuumisolierung f\u00fcr maximale Temperaturspeicherung<\/p>\n","protected":false},"featured_media":15278,"comment_status":"open","ping_status":"closed","template":"","meta":[],"product_cat":[4125],"product_tag":[],"_links":{"self":[{"href":"http:\/\/campingland24.com\/index.php?rest_route=\/wp\/v2\/product\/15277"}],"collection":[{"href":"http:\/\/campingland24.com\/index.php?rest_route=\/wp\/v2\/product"}],"about":[{"href":"http:\/\/campingland24.com\/index.php?rest_route=\/wp\/v2\/types\/product"}],"replies":[{"embeddable":true,"href":"http:\/\/campingland24.com\/index.php?rest_route=%2Fwp%2Fv2%2Fcomments&post=15277"}],"version-history":[{"count":1,"href":"http:\/\/campingland24.com\/index.php?rest_route=\/wp\/v2\/product\/15277\/revisions"}],"predecessor-version":[{"id":18278,"href":"http:\/\/campingland24.com\/index.php?rest_route=\/wp\/v2\/product\/15277\/revisions\/18278"}],"wp:featuredmedia":[{"embeddable":true,"href":"http:\/\/campingland24.com\/index.php?rest_route=\/wp\/v2\/media\/15278"}],"wp:attachment":[{"href":"http:\/\/campingland24.com\/index.php?rest_route=%2Fwp%2Fv2%2Fmedia&parent=15277"}],"wp:term":[{"taxonomy":"product_cat","embeddable":true,"href":"http:\/\/campingland24.com\/index.php?rest_route=%2Fwp%2Fv2%2Fproduct_cat&post=15277"},{"taxonomy":"product_tag","embeddable":true,"href":"http:\/\/campingland24.com\/index.php?rest_route=%2Fwp%2Fv2%2Fproduct_tag&post=15277"}],"curies":[{"name":"wp","href":"https:\/\/api.w.org\/{rel}","templated":true}]}}