{"id":15281,"date":"2021-07-29T18:49:57","date_gmt":"2021-07-29T18:49:57","guid":{"rendered":"http:\/\/campingland24.com\/?product=mobicool-icecube-kuehltasche-gruen"},"modified":"2023-02-23T18:46:42","modified_gmt":"2023-02-23T18:46:42","slug":"mobicool-icecube-kuehltasche-gruen","status":"publish","type":"product","link":"http:\/\/campingland24.com\/?product=mobicool-icecube-kuehltasche-gruen","title":{"rendered":"Mobicool Icecube K\u00fchltasche, Gr\u00fcn"},"content":{"rendered":"<p><!-- show up to 2 reviews by default --> <\/p>\n<p>&#8218;Sch\u00f6nes, modernes Design und super robust, ist die K\u00fchltasche perfekt, das Sie am Strand oder beim Picknick. Einer Kapazit\u00e4t von 20 Litern, hat das Obermaterial aus Polyester und PVC-Blatt mit Fu\u00df aus Nylon, und L &#8218;Innenfutter aus PEVA Lebensmittelsicherheit. Das Klebeband ribattuto rundum ne sch\u00fctzt die Ecken und erleichtert die Biegung nach Verwendungsweisen. Mit Rei\u00dfverschluss, hat zwei Griffe. DIM. (B x H x T) 36 x 28 x 20 cm ca.<br \/> Gewicht: 447 g<br \/> Gewicht mit Verpackung: 655 gr<br \/> H\u00f6he: 28 cm<br \/> Breite: 36 cm<br \/> Einbautiefe: 20 cm<\/p>\n<p>Mobicool<br \/>\n<div class=\"main-cross-sell\" data-asin=\"B00K74DP6A\">\n\n\t<div class=\"WooZone-cross-sell-loader\">\n\t\t<div>\n\t\t\t<div id=\"floatingBarsG\">\n\t\t\t\t<div class=\"blockG\" id=\"rotateG_01\"><\/div>\n\t\t\t\t<div class=\"blockG\" id=\"rotateG_02\"><\/div>\n\t\t\t\t<div class=\"blockG\" id=\"rotateG_03\"><\/div>\n\t\t\t\t<div class=\"blockG\" id=\"rotateG_04\"><\/div>\n\t\t\t\t<div class=\"blockG\" id=\"rotateG_05\"><\/div>\n\t\t\t\t<div class=\"blockG\" id=\"rotateG_06\"><\/div>\n\t\t\t\t<div class=\"blockG\" id=\"rotateG_07\"><\/div>\n\t\t\t\t<div class=\"blockG\" id=\"rotateG_08\"><\/div>\n\t\t\t<\/div>\n\t\t\t<div class=\"WooZone-cross-sell-loader-text\"><\/div>\n\t\t<\/div>\n\t<\/div>\n\n\t\t\n<\/div>\n<div style=\"clear:both;\"><\/div><\/p>\n","protected":false},"excerpt":{"rendered":"<p>Mobicool<\/p>\n","protected":false},"featured_media":15282,"comment_status":"open","ping_status":"closed","template":"","meta":[],"product_cat":[4125],"product_tag":[],"_links":{"self":[{"href":"http:\/\/campingland24.com\/index.php?rest_route=\/wp\/v2\/product\/15281"}],"collection":[{"href":"http:\/\/campingland24.com\/index.php?rest_route=\/wp\/v2\/product"}],"about":[{"href":"http:\/\/campingland24.com\/index.php?rest_route=\/wp\/v2\/types\/product"}],"replies":[{"embeddable":true,"href":"http:\/\/campingland24.com\/index.php?rest_route=%2Fwp%2Fv2%2Fcomments&post=15281"}],"version-history":[{"count":1,"href":"http:\/\/campingland24.com\/index.php?rest_route=\/wp\/v2\/product\/15281\/revisions"}],"predecessor-version":[{"id":18279,"href":"http:\/\/campingland24.com\/index.php?rest_route=\/wp\/v2\/product\/15281\/revisions\/18279"}],"wp:featuredmedia":[{"embeddable":true,"href":"http:\/\/campingland24.com\/index.php?rest_route=\/wp\/v2\/media\/15282"}],"wp:attachment":[{"href":"http:\/\/campingland24.com\/index.php?rest_route=%2Fwp%2Fv2%2Fmedia&parent=15281"}],"wp:term":[{"taxonomy":"product_cat","embeddable":true,"href":"http:\/\/campingland24.com\/index.php?rest_route=%2Fwp%2Fv2%2Fproduct_cat&post=15281"},{"taxonomy":"product_tag","embeddable":true,"href":"http:\/\/campingland24.com\/index.php?rest_route=%2Fwp%2Fv2%2Fproduct_tag&post=15281"}],"curies":[{"name":"wp","href":"https:\/\/api.w.org\/{rel}","templated":true}]}}