{"id":15313,"date":"2021-07-29T18:55:09","date_gmt":"2021-07-29T18:55:09","guid":{"rendered":"http:\/\/campingland24.com\/?product=halfar-kuehltasche-flexible-kuehlbox-grosses-fassungsvermoegen-1812211"},"modified":"2023-02-23T18:46:43","modified_gmt":"2023-02-23T18:46:43","slug":"halfar-kuehltasche-flexible-kuehlbox-grosses-fassungsvermoegen-1812211","status":"publish","type":"product","link":"http:\/\/campingland24.com\/?product=halfar-kuehltasche-flexible-kuehlbox-grosses-fassungsvermoegen-1812211","title":{"rendered":"Halfar\u00a0\u2013\u00a0K\u00fchltasche\u00a0\u2013\u00a0flexible K\u00fchlbox\u00a0\u2013\u00a0gro\u00dfes Fassungsverm\u00f6gen\u00a0\u2013\u00a01812211"},"content":{"rendered":"<p><!-- show up to 2 reviews by default --> <\/p>\n<p>K\u00fchltasche Family. Material: Polyester 600D. Hauptfach mit Rei\u00dfverschluss. Netztaschen Seitliche. Tasche auf der Oberseite. Griffen schwarz. Ma\u00dfe der Artikel: 37 x 20 x 27 cm <\/p>\n<p>Ma\u00dfe des Produktes: 37 x 20 x 27 cm<br \/>\nMaterial: 600D Polyester.<br \/>\nHauptfach mit Rei\u00dfverschluss. Seitliche Netztaschen. Tasche auf der Oberseite. Schwarzen Griffen.<br \/>\n<div class=\"main-cross-sell\" data-asin=\"B01CBJO30U\">\n\n\t<div class=\"WooZone-cross-sell-loader\">\n\t\t<div>\n\t\t\t<div id=\"floatingBarsG\">\n\t\t\t\t<div class=\"blockG\" id=\"rotateG_01\"><\/div>\n\t\t\t\t<div class=\"blockG\" id=\"rotateG_02\"><\/div>\n\t\t\t\t<div class=\"blockG\" id=\"rotateG_03\"><\/div>\n\t\t\t\t<div class=\"blockG\" id=\"rotateG_04\"><\/div>\n\t\t\t\t<div class=\"blockG\" id=\"rotateG_05\"><\/div>\n\t\t\t\t<div class=\"blockG\" id=\"rotateG_06\"><\/div>\n\t\t\t\t<div class=\"blockG\" id=\"rotateG_07\"><\/div>\n\t\t\t\t<div class=\"blockG\" id=\"rotateG_08\"><\/div>\n\t\t\t<\/div>\n\t\t\t<div class=\"WooZone-cross-sell-loader-text\"><\/div>\n\t\t<\/div>\n\t<\/div>\n\n\t\t\n<\/div>\n<div style=\"clear:both;\"><\/div><\/p>\n","protected":false},"excerpt":{"rendered":"<p>Ma\u00dfe des Produktes: 37 x 20 x 27 cm<br \/>\nMaterial: 600D Polyester.<br \/>\nHauptfach mit Rei\u00dfverschluss. Seitliche Netztaschen. Tasche auf der Oberseite. Schwarzen Griffen.<\/p>\n","protected":false},"featured_media":15314,"comment_status":"open","ping_status":"closed","template":"","meta":[],"product_cat":[4125],"product_tag":[],"_links":{"self":[{"href":"http:\/\/campingland24.com\/index.php?rest_route=\/wp\/v2\/product\/15313"}],"collection":[{"href":"http:\/\/campingland24.com\/index.php?rest_route=\/wp\/v2\/product"}],"about":[{"href":"http:\/\/campingland24.com\/index.php?rest_route=\/wp\/v2\/types\/product"}],"replies":[{"embeddable":true,"href":"http:\/\/campingland24.com\/index.php?rest_route=%2Fwp%2Fv2%2Fcomments&post=15313"}],"version-history":[{"count":1,"href":"http:\/\/campingland24.com\/index.php?rest_route=\/wp\/v2\/product\/15313\/revisions"}],"predecessor-version":[{"id":18288,"href":"http:\/\/campingland24.com\/index.php?rest_route=\/wp\/v2\/product\/15313\/revisions\/18288"}],"wp:featuredmedia":[{"embeddable":true,"href":"http:\/\/campingland24.com\/index.php?rest_route=\/wp\/v2\/media\/15314"}],"wp:attachment":[{"href":"http:\/\/campingland24.com\/index.php?rest_route=%2Fwp%2Fv2%2Fmedia&parent=15313"}],"wp:term":[{"taxonomy":"product_cat","embeddable":true,"href":"http:\/\/campingland24.com\/index.php?rest_route=%2Fwp%2Fv2%2Fproduct_cat&post=15313"},{"taxonomy":"product_tag","embeddable":true,"href":"http:\/\/campingland24.com\/index.php?rest_route=%2Fwp%2Fv2%2Fproduct_tag&post=15313"}],"curies":[{"name":"wp","href":"https:\/\/api.w.org\/{rel}","templated":true}]}}