{"id":15349,"date":"2021-07-29T19:01:01","date_gmt":"2021-07-29T19:01:01","guid":{"rendered":"http:\/\/campingland24.com\/?product=coolfreeze-cf-cf-26-tragbare-kuehlbox-kompression"},"modified":"2023-02-23T18:46:44","modified_gmt":"2023-02-23T18:46:44","slug":"coolfreeze-cf-cf-26-tragbare-kuehlbox-kompression","status":"publish","type":"product","link":"http:\/\/campingland24.com\/?product=coolfreeze-cf-cf-26-tragbare-kuehlbox-kompression","title":{"rendered":"CoolFreeze CF CF-26 Tragbare K\u00fchlbox, Kompression"},"content":{"rendered":"<p><!-- show up to 2 reviews by default --> <\/p>\n<p>Kompakt, leicht und sehr schlank, \u00fcberall einsetzbar. Funktion f\u00fcr K\u00fchlen und Gefrieren. Elektronisches Thermostat mit digitaler Anzeige der Temperatur. Innenbeleuchtung mit LEDs. Akku\u00fcberwachung mit 3 Ebenen. Einstellung der Innentemperatur von +10 \u00b0C bis -18 \u00b0C. Spannung: 12\/24\/220 V. Kapazit\u00e4t: 21,5 l (Gefrierfach 4 l). Verbrauch: Mittel: 35 W. Ma\u00dfe (L x H x T): 550 x 425 x 260 mm. Gewicht: 10,5 kg. <\/p>\n<div class=\"main-cross-sell\" data-asin=\"B07255D8S2\">\n\n\t<div class=\"WooZone-cross-sell-loader\">\n\t\t<div>\n\t\t\t<div id=\"floatingBarsG\">\n\t\t\t\t<div class=\"blockG\" id=\"rotateG_01\"><\/div>\n\t\t\t\t<div class=\"blockG\" id=\"rotateG_02\"><\/div>\n\t\t\t\t<div class=\"blockG\" id=\"rotateG_03\"><\/div>\n\t\t\t\t<div class=\"blockG\" id=\"rotateG_04\"><\/div>\n\t\t\t\t<div class=\"blockG\" id=\"rotateG_05\"><\/div>\n\t\t\t\t<div class=\"blockG\" id=\"rotateG_06\"><\/div>\n\t\t\t\t<div class=\"blockG\" id=\"rotateG_07\"><\/div>\n\t\t\t\t<div class=\"blockG\" id=\"rotateG_08\"><\/div>\n\t\t\t<\/div>\n\t\t\t<div class=\"WooZone-cross-sell-loader-text\"><\/div>\n\t\t<\/div>\n\t<\/div>\n\n\t\t\n<\/div>\n<div style=\"clear:both;\"><\/div>\n","protected":false},"excerpt":{"rendered":"<p>Kompakt, leicht und sehr schlank, \u00fcberall einsetzbar. Funktion f\u00fcr K\u00fchlen und Gefrieren. Elektronisches Thermostat mit digitaler Anzeige der Temperatur. Innenbeleuchtung<\/p>\n","protected":false},"featured_media":15350,"comment_status":"open","ping_status":"closed","template":"","meta":[],"product_cat":[4125],"product_tag":[],"_links":{"self":[{"href":"http:\/\/campingland24.com\/index.php?rest_route=\/wp\/v2\/product\/15349"}],"collection":[{"href":"http:\/\/campingland24.com\/index.php?rest_route=\/wp\/v2\/product"}],"about":[{"href":"http:\/\/campingland24.com\/index.php?rest_route=\/wp\/v2\/types\/product"}],"replies":[{"embeddable":true,"href":"http:\/\/campingland24.com\/index.php?rest_route=%2Fwp%2Fv2%2Fcomments&post=15349"}],"version-history":[{"count":1,"href":"http:\/\/campingland24.com\/index.php?rest_route=\/wp\/v2\/product\/15349\/revisions"}],"predecessor-version":[{"id":18298,"href":"http:\/\/campingland24.com\/index.php?rest_route=\/wp\/v2\/product\/15349\/revisions\/18298"}],"wp:featuredmedia":[{"embeddable":true,"href":"http:\/\/campingland24.com\/index.php?rest_route=\/wp\/v2\/media\/15350"}],"wp:attachment":[{"href":"http:\/\/campingland24.com\/index.php?rest_route=%2Fwp%2Fv2%2Fmedia&parent=15349"}],"wp:term":[{"taxonomy":"product_cat","embeddable":true,"href":"http:\/\/campingland24.com\/index.php?rest_route=%2Fwp%2Fv2%2Fproduct_cat&post=15349"},{"taxonomy":"product_tag","embeddable":true,"href":"http:\/\/campingland24.com\/index.php?rest_route=%2Fwp%2Fv2%2Fproduct_tag&post=15349"}],"curies":[{"name":"wp","href":"https:\/\/api.w.org\/{rel}","templated":true}]}}