{"id":15371,"date":"2021-07-29T19:01:11","date_gmt":"2021-07-29T19:01:11","guid":{"rendered":"http:\/\/campingland24.com\/?product=dometic-coolfreeze-cfx28-kompressor-kuehler-2017"},"modified":"2023-02-23T18:46:44","modified_gmt":"2023-02-23T18:46:44","slug":"dometic-coolfreeze-cfx28-kompressor-kuehler-2017","status":"publish","type":"product","link":"http:\/\/campingland24.com\/?product=dometic-coolfreeze-cfx28-kompressor-kuehler-2017","title":{"rendered":"DOMETIC CFX 28, Kompressor-K\u00fchlbox elektrisch, 26 Liter, mit USB-Anschluss, 12\/24 V und 230 V, UK-Version"},"content":{"rendered":"<p><!-- show up to 2 reviews by default --> <\/p>\n<p>Ein beeindruckender 26 l K\u00fchler und Gefrierschrank mit einfacher Bedienung und in der Lage, schwere Betrieb zu sein. Die CFX K\u00fchlbox hat eine hervorragende K\u00fchlleistung auch bei hohen Umgebungstemperaturen. Sie ist robust, effizient und einsatzbereit. Die CFX ist unser am meisten preisgekr\u00f6ntes Produkt und Sie werden schnell verstehen, warum <\/p>\n<p>Gefriergeeignet bis -22\u00b0C<br \/>\nStauvolumen 26 l<br \/>\nK\u00fchlfach mit Drahtkorb und separatem Cracker f\u00fcr Obst und Gem\u00fcse<br \/>\nUSB-Anschluss zum Laden kleiner elektronischer Ger\u00e4te<br \/>\nPlatzsparend zusammenklappbare und abnehmbare Tragegriffe<br \/>\n<div class=\"main-cross-sell\" data-asin=\"B073D5C1NF\">\n\n\t<div class=\"WooZone-cross-sell-loader\">\n\t\t<div>\n\t\t\t<div id=\"floatingBarsG\">\n\t\t\t\t<div class=\"blockG\" id=\"rotateG_01\"><\/div>\n\t\t\t\t<div class=\"blockG\" id=\"rotateG_02\"><\/div>\n\t\t\t\t<div class=\"blockG\" id=\"rotateG_03\"><\/div>\n\t\t\t\t<div class=\"blockG\" id=\"rotateG_04\"><\/div>\n\t\t\t\t<div class=\"blockG\" id=\"rotateG_05\"><\/div>\n\t\t\t\t<div class=\"blockG\" id=\"rotateG_06\"><\/div>\n\t\t\t\t<div class=\"blockG\" id=\"rotateG_07\"><\/div>\n\t\t\t\t<div class=\"blockG\" id=\"rotateG_08\"><\/div>\n\t\t\t<\/div>\n\t\t\t<div class=\"WooZone-cross-sell-loader-text\"><\/div>\n\t\t<\/div>\n\t<\/div>\n\n\t\t\n<\/div>\n<div style=\"clear:both;\"><\/div><\/p>\n","protected":false},"excerpt":{"rendered":"<p>Gefriergeeignet bis -22\u00b0C<br \/>\nStauvolumen 26 l<br \/>\nK\u00fchlfach mit Drahtkorb und separatem Cracker f\u00fcr Obst und Gem\u00fcse<\/p>\n","protected":false},"featured_media":15372,"comment_status":"open","ping_status":"closed","template":"","meta":[],"product_cat":[4125],"product_tag":[],"_links":{"self":[{"href":"http:\/\/campingland24.com\/index.php?rest_route=\/wp\/v2\/product\/15371"}],"collection":[{"href":"http:\/\/campingland24.com\/index.php?rest_route=\/wp\/v2\/product"}],"about":[{"href":"http:\/\/campingland24.com\/index.php?rest_route=\/wp\/v2\/types\/product"}],"replies":[{"embeddable":true,"href":"http:\/\/campingland24.com\/index.php?rest_route=%2Fwp%2Fv2%2Fcomments&post=15371"}],"version-history":[{"count":2,"href":"http:\/\/campingland24.com\/index.php?rest_route=\/wp\/v2\/product\/15371\/revisions"}],"predecessor-version":[{"id":19749,"href":"http:\/\/campingland24.com\/index.php?rest_route=\/wp\/v2\/product\/15371\/revisions\/19749"}],"wp:featuredmedia":[{"embeddable":true,"href":"http:\/\/campingland24.com\/index.php?rest_route=\/wp\/v2\/media\/15372"}],"wp:attachment":[{"href":"http:\/\/campingland24.com\/index.php?rest_route=%2Fwp%2Fv2%2Fmedia&parent=15371"}],"wp:term":[{"taxonomy":"product_cat","embeddable":true,"href":"http:\/\/campingland24.com\/index.php?rest_route=%2Fwp%2Fv2%2Fproduct_cat&post=15371"},{"taxonomy":"product_tag","embeddable":true,"href":"http:\/\/campingland24.com\/index.php?rest_route=%2Fwp%2Fv2%2Fproduct_tag&post=15371"}],"curies":[{"name":"wp","href":"https:\/\/api.w.org\/{rel}","templated":true}]}}