{"id":15431,"date":"2021-07-29T19:08:58","date_gmt":"2021-07-29T19:08:58","guid":{"rendered":"http:\/\/campingland24.com\/?product=clatronic-heizluefter-hl-3378-2-heizstufen-1000-2000-watt-kaltstufe-ventilator-weiss"},"modified":"2023-02-23T18:46:46","modified_gmt":"2023-02-23T18:46:46","slug":"clatronic-heizluefter-hl-3378-2-heizstufen-1000-2000-watt-kaltstufe-ventilator-weiss","status":"publish","type":"product","link":"http:\/\/campingland24.com\/?product=clatronic-heizluefter-hl-3378-2-heizstufen-1000-2000-watt-kaltstufe-ventilator-weiss","title":{"rendered":"Clatronic Heizl\u00fcfter HL 3378, 2 Heizstufen (1000\/2000 Watt), Kaltstufe (Ventilator), wei\u00df"},"content":{"rendered":"<p><!-- show up to 2 reviews by default --> <\/p>\n<h3>Produktbeschreibung<\/h3>\n<p>Clatronic Heizl\u00fcfter HL 3378, 2 Heizstufen (1000\/2000 Watt), Kaltstufe (Ventilator), wei\u00df <\/p>\n<h3>Rechtliche Hinweise<\/h3>\n<p>&#8212; <\/p>\n<p>Mobile W\u00e4rme f\u00fcr Zuhause \u2014 Wohlige W\u00e4rme oder erfrischende Brise &#8211; der praktische Heizl\u00fcfter HL 3378 von Clatronic sorgt f\u00fcr optimale Luftzirkulation und mobile W\u00e4rme bei Ihnen Zuhause oder im B\u00fcro.<br \/>\nTop Ausstattung \u2014 Die Luft wird mit Hilfe des leistungsstarken Gebl\u00e4ses schnell und gleichm\u00e4\u00dfig im Raum verteilt. Neben zwei Heizstufen, einer Kaltstufe und einem stufenlos regelbaren Thermostat \u00fcberzeugt das Ger\u00e4t mit einem sicheren Stand, einem stabilen Tragegriff sowie einem \u00dcberhitzungsschutz.<br \/>\nTop Features \u2014 Regulieren Sie stufenlos die Luftzufuhr f\u00fcr optimale W\u00e4rme\/K\u00e4lte im Wohnzimmer, K\u00fcche oder wo auch immer Sie gerade das Ger\u00e4t ben\u00f6tigen.<br \/>\n<div class=\"main-cross-sell\" data-asin=\"B004540AWU\">\n\n\t<div class=\"WooZone-cross-sell-loader\">\n\t\t<div>\n\t\t\t<div id=\"floatingBarsG\">\n\t\t\t\t<div class=\"blockG\" id=\"rotateG_01\"><\/div>\n\t\t\t\t<div class=\"blockG\" id=\"rotateG_02\"><\/div>\n\t\t\t\t<div class=\"blockG\" id=\"rotateG_03\"><\/div>\n\t\t\t\t<div class=\"blockG\" id=\"rotateG_04\"><\/div>\n\t\t\t\t<div class=\"blockG\" id=\"rotateG_05\"><\/div>\n\t\t\t\t<div class=\"blockG\" id=\"rotateG_06\"><\/div>\n\t\t\t\t<div class=\"blockG\" id=\"rotateG_07\"><\/div>\n\t\t\t\t<div class=\"blockG\" id=\"rotateG_08\"><\/div>\n\t\t\t<\/div>\n\t\t\t<div class=\"WooZone-cross-sell-loader-text\"><\/div>\n\t\t<\/div>\n\t<\/div>\n\n\t\t\n<\/div>\n<div style=\"clear:both;\"><\/div><\/p>\n","protected":false},"excerpt":{"rendered":"<p>Mobile W\u00e4rme f\u00fcr Zuhause \u2014 Wohlige W\u00e4rme oder erfrischende Brise &#8211; der praktische Heizl\u00fcfter HL 3378 von Clatronic sorgt f\u00fcr optimale Luftzirkulation und mobile W\u00e4rme bei Ihnen Zuhause oder im B\u00fcro.<br \/>\nTop Ausstattung \u2014 Die Luft wird mit Hilfe des leistungsstarken Gebl\u00e4ses schnell und gleichm\u00e4\u00dfig im Raum verteilt. Neben zwei Heizstufen, einer Kaltstufe und einem stufenlos regelbaren Thermostat \u00fcberzeugt das Ger\u00e4t mit einem sicheren Stand, einem stabilen Tragegriff sowie einem \u00dcberhitzungsschutz.<br \/>\nTop Features \u2014 Regulieren Sie stufenlos die Luftzufuhr f\u00fcr optimale W\u00e4rme\/K\u00e4lte im Wohnzimmer, K\u00fcche oder wo auch immer Sie gerade das Ger\u00e4t ben\u00f6tigen.<\/p>\n","protected":false},"featured_media":15432,"comment_status":"open","ping_status":"closed","template":"","meta":[],"product_cat":[4126],"product_tag":[],"_links":{"self":[{"href":"http:\/\/campingland24.com\/index.php?rest_route=\/wp\/v2\/product\/15431"}],"collection":[{"href":"http:\/\/campingland24.com\/index.php?rest_route=\/wp\/v2\/product"}],"about":[{"href":"http:\/\/campingland24.com\/index.php?rest_route=\/wp\/v2\/types\/product"}],"replies":[{"embeddable":true,"href":"http:\/\/campingland24.com\/index.php?rest_route=%2Fwp%2Fv2%2Fcomments&post=15431"}],"version-history":[{"count":1,"href":"http:\/\/campingland24.com\/index.php?rest_route=\/wp\/v2\/product\/15431\/revisions"}],"predecessor-version":[{"id":18322,"href":"http:\/\/campingland24.com\/index.php?rest_route=\/wp\/v2\/product\/15431\/revisions\/18322"}],"wp:featuredmedia":[{"embeddable":true,"href":"http:\/\/campingland24.com\/index.php?rest_route=\/wp\/v2\/media\/15432"}],"wp:attachment":[{"href":"http:\/\/campingland24.com\/index.php?rest_route=%2Fwp%2Fv2%2Fmedia&parent=15431"}],"wp:term":[{"taxonomy":"product_cat","embeddable":true,"href":"http:\/\/campingland24.com\/index.php?rest_route=%2Fwp%2Fv2%2Fproduct_cat&post=15431"},{"taxonomy":"product_tag","embeddable":true,"href":"http:\/\/campingland24.com\/index.php?rest_route=%2Fwp%2Fv2%2Fproduct_tag&post=15431"}],"curies":[{"name":"wp","href":"https:\/\/api.w.org\/{rel}","templated":true}]}}