{"id":15447,"date":"2021-07-29T19:09:08","date_gmt":"2021-07-29T19:09:08","guid":{"rendered":"http:\/\/campingland24.com\/?product=honeywell-hz445e4-360-rundum-heizgeraet-hz445-1800-w-schwarz"},"modified":"2023-02-23T18:46:46","modified_gmt":"2023-02-23T18:46:46","slug":"honeywell-hz445e4-360-rundum-heizgeraet-hz445-1800-w-schwarz","status":"publish","type":"product","link":"http:\/\/campingland24.com\/?product=honeywell-hz445e4-360-rundum-heizgeraet-hz445-1800-w-schwarz","title":{"rendered":"Honeywell HZ445E4 Rundum Heizger\u00e4t, 360 Grad, Schwarz"},"content":{"rendered":"<p><!-- show up to 2 reviews by default --> <\/p>\n<p>&#8222;Innovative Keramiktechnologie f\u00fcr rundum angenehme, gleichm\u00e4\u00dfige W\u00e4rme. Surround Heat Heizfunktion: 360\u00b0Surround Heat f\u00fcr rundum Abstrahlung der W\u00e4rme oder 180\u00b0fokussierte Heizstrahlung zur Erw\u00e4rmung eines bestimmten Bereichs. 2 Schaltstufen (1.200 \/ 1.800 Watt). Energy SmartTM Technologie mit intelligenter, elektronischer Thermostat-Steuerung: erreicht schnell die gew\u00fcnschte Temperatur bei angemessenem Energieverbrauch, h\u00e4lt die Temperatur bei niedrigem Energieverbrauch und anzeige der aktuellen und der gew\u00fcnschten Temperatur.Zeitschaltuhr f\u00fcr 1, 2, 4 oder 8 Stunden programmierbar. Automatische Abschaltung nach Ablauf der eingestellten Zeit.Keramikheizer: speichert die W\u00e4rme f\u00fcr effizientere Heizleistung. Sicherheit, NEU: 360\u00b0SafetyTipTM &#8211; mehr Sicherheit durch spezielle Kippsicherung mit Abschaltautomatik. Griff erhitzt nicht. Fernbedienung f\u00fcr bequeme Steuerung. &#8220; <\/p>\n<p>Surround Heat Heizfunktion: 360\u00b0Surround Heat f\u00fcr rundum Abstrahlung der W\u00e4rme oder 180\u00b0fokussierte Heizstrahlung zur Erw\u00e4rmung eines bestimmten Bereichs<br \/>\nZeitschaltuhr f\u00fcr 1, 2, 4 oder 8 Stunden programmierbar. Automatische Abschaltung nach Ablauf der eingestellten Zeit. Fernbedienung f\u00fcr bequeme Steuerung.&#8220;<br \/>\n2 Schaltstufen (1.200\/ 1.800 Watt)<br \/>\nErreicht schnell die gew\u00fcnschte Temperatur bei angemessenem Energieverbrauch. H\u00e4lt die Temperatur bei niedrigem Energieverbrauch.<br \/>\n360\u00b0SafetyTip &#8211; mehr Sicherheit durch spezielle Kippsicherung mit Abschaltautomatik. Griff erhitzt nicht.<br \/>\n<div class=\"main-cross-sell\" data-asin=\"B0758DT4CJ\">\n\n\t<div class=\"WooZone-cross-sell-loader\">\n\t\t<div>\n\t\t\t<div id=\"floatingBarsG\">\n\t\t\t\t<div class=\"blockG\" id=\"rotateG_01\"><\/div>\n\t\t\t\t<div class=\"blockG\" id=\"rotateG_02\"><\/div>\n\t\t\t\t<div class=\"blockG\" id=\"rotateG_03\"><\/div>\n\t\t\t\t<div class=\"blockG\" id=\"rotateG_04\"><\/div>\n\t\t\t\t<div class=\"blockG\" id=\"rotateG_05\"><\/div>\n\t\t\t\t<div class=\"blockG\" id=\"rotateG_06\"><\/div>\n\t\t\t\t<div class=\"blockG\" id=\"rotateG_07\"><\/div>\n\t\t\t\t<div class=\"blockG\" id=\"rotateG_08\"><\/div>\n\t\t\t<\/div>\n\t\t\t<div class=\"WooZone-cross-sell-loader-text\"><\/div>\n\t\t<\/div>\n\t<\/div>\n\n\t\t\n<\/div>\n<div style=\"clear:both;\"><\/div><\/p>\n","protected":false},"excerpt":{"rendered":"<p>Surround Heat Heizfunktion: 360\u00b0Surround Heat f\u00fcr rundum Abstrahlung der W\u00e4rme oder 180\u00b0fokussierte Heizstrahlung zur Erw\u00e4rmung eines bestimmten Bereichs<br \/>\nZeitschaltuhr f\u00fcr 1, 2, 4 oder 8 Stunden programmierbar. Automatische Abschaltung nach Ablauf der eingestellten Zeit. Fernbedienung f\u00fcr bequeme Steuerung.&#8220;<br \/>\n2 Schaltstufen (1.200\/ 1.800 Watt)<\/p>\n","protected":false},"featured_media":15448,"comment_status":"open","ping_status":"closed","template":"","meta":[],"product_cat":[4126],"product_tag":[],"_links":{"self":[{"href":"http:\/\/campingland24.com\/index.php?rest_route=\/wp\/v2\/product\/15447"}],"collection":[{"href":"http:\/\/campingland24.com\/index.php?rest_route=\/wp\/v2\/product"}],"about":[{"href":"http:\/\/campingland24.com\/index.php?rest_route=\/wp\/v2\/types\/product"}],"replies":[{"embeddable":true,"href":"http:\/\/campingland24.com\/index.php?rest_route=%2Fwp%2Fv2%2Fcomments&post=15447"}],"version-history":[{"count":4,"href":"http:\/\/campingland24.com\/index.php?rest_route=\/wp\/v2\/product\/15447\/revisions"}],"predecessor-version":[{"id":19441,"href":"http:\/\/campingland24.com\/index.php?rest_route=\/wp\/v2\/product\/15447\/revisions\/19441"}],"wp:featuredmedia":[{"embeddable":true,"href":"http:\/\/campingland24.com\/index.php?rest_route=\/wp\/v2\/media\/15448"}],"wp:attachment":[{"href":"http:\/\/campingland24.com\/index.php?rest_route=%2Fwp%2Fv2%2Fmedia&parent=15447"}],"wp:term":[{"taxonomy":"product_cat","embeddable":true,"href":"http:\/\/campingland24.com\/index.php?rest_route=%2Fwp%2Fv2%2Fproduct_cat&post=15447"},{"taxonomy":"product_tag","embeddable":true,"href":"http:\/\/campingland24.com\/index.php?rest_route=%2Fwp%2Fv2%2Fproduct_tag&post=15447"}],"curies":[{"name":"wp","href":"https:\/\/api.w.org\/{rel}","templated":true}]}}