{"id":15520,"date":"2021-07-29T19:09:46","date_gmt":"2021-07-29T19:09:46","guid":{"rendered":"http:\/\/campingland24.com\/?product=rothenberger-industrial-35984-inkl-schlauch-regler-eco-gasheizstrahler-silber"},"modified":"2023-04-10T19:03:16","modified_gmt":"2023-04-10T19:03:16","slug":"rothenberger-industrial-35984-inkl-schlauch-regler-eco-gasheizstrahler-silber","status":"publish","type":"product","link":"http:\/\/campingland24.com\/?product=rothenberger-industrial-35984-inkl-schlauch-regler-eco-gasheizstrahler-silber","title":{"rendered":"ROTHENBERGER Heiz \u2013 Strahler inkl. Schlauch &amp; Regler Gasheizstrahler, Aufsatzheizstrahler, betrieben mit Propan &#8211; Gas\u2026"},"content":{"rendered":"<div class=\"disclaim\"> Stil:<strong>ohne Piezo<\/strong> <\/div>\n<p> <!-- show up to 2 reviews by default --> <\/p>\n<h3>Produktbeschreibung<\/h3>\n<p>Der Gasheizstrahler ECO von Rothenberger Industrial eignet sich perfekt f\u00fcr eine Anwendung im Outdoor Bereich. Der Strahler zeichnet sich unter anderem durch ein robustes Stahlblechgeh\u00e4use aus. Ideale W\u00e4rmestrahlung durch leistungsstarke Keramikelemente. Ein eng angelegtes Schutzgitter sorgt f\u00fcr den notwendigen Schutz und die sichere Montage kann durch den Standfu\u00df, welcher direkt auf der Handels\u00fcblichen Propangasflasche montiert wird, gew\u00e4hrleistet werden. Ob Gartenparty, am Auto-schrauben oder beim Camping, mit dem Gasheizstrahler Eco von Rothenberger Industrial wird\u2019s nicht kalt. <\/p>\n<h3>Set enth\u00e4lt:<\/h3>\n<\/p>\n<p><b>Achtung!<\/b>:Der Artikel soll nicht Auf den Boden gestellt werden.<\/p>\n<\/p>\n<p>Inklusive Propangas \u2013 Schlauch und Druckregler f\u00fcr DE<br \/>\nStufenlos regelbar<br \/>\nFeines Schutzgitter<br \/>\nInklusive Standfu\u00df<br \/>\n2, 7-4, 2 kW; Verbrauch 0, 2-0, 37 kg\/h<br \/>\n<div class=\"main-cross-sell\" data-asin=\"B0036UEGEC\">\n\n\t<div class=\"WooZone-cross-sell-loader\">\n\t\t<div>\n\t\t\t<div id=\"floatingBarsG\">\n\t\t\t\t<div class=\"blockG\" id=\"rotateG_01\"><\/div>\n\t\t\t\t<div class=\"blockG\" id=\"rotateG_02\"><\/div>\n\t\t\t\t<div class=\"blockG\" id=\"rotateG_03\"><\/div>\n\t\t\t\t<div class=\"blockG\" id=\"rotateG_04\"><\/div>\n\t\t\t\t<div class=\"blockG\" id=\"rotateG_05\"><\/div>\n\t\t\t\t<div class=\"blockG\" id=\"rotateG_06\"><\/div>\n\t\t\t\t<div class=\"blockG\" id=\"rotateG_07\"><\/div>\n\t\t\t\t<div class=\"blockG\" id=\"rotateG_08\"><\/div>\n\t\t\t<\/div>\n\t\t\t<div class=\"WooZone-cross-sell-loader-text\"><\/div>\n\t\t<\/div>\n\t<\/div>\n\n\t\t\n<\/div>\n<div style=\"clear:both;\"><\/div><\/p>\n","protected":false},"excerpt":{"rendered":"<p>Inklusive Propangas \u2013 Schlauch und Druckregler f\u00fcr DE<br \/>\nStufenlos regelbar<br \/>\nFeines Schutzgitter<\/p>\n","protected":false},"featured_media":15521,"comment_status":"open","ping_status":"closed","template":"","meta":[],"product_cat":[4126],"product_tag":[],"_links":{"self":[{"href":"http:\/\/campingland24.com\/index.php?rest_route=\/wp\/v2\/product\/15520"}],"collection":[{"href":"http:\/\/campingland24.com\/index.php?rest_route=\/wp\/v2\/product"}],"about":[{"href":"http:\/\/campingland24.com\/index.php?rest_route=\/wp\/v2\/types\/product"}],"replies":[{"embeddable":true,"href":"http:\/\/campingland24.com\/index.php?rest_route=%2Fwp%2Fv2%2Fcomments&post=15520"}],"version-history":[{"count":3,"href":"http:\/\/campingland24.com\/index.php?rest_route=\/wp\/v2\/product\/15520\/revisions"}],"predecessor-version":[{"id":19166,"href":"http:\/\/campingland24.com\/index.php?rest_route=\/wp\/v2\/product\/15520\/revisions\/19166"}],"wp:featuredmedia":[{"embeddable":true,"href":"http:\/\/campingland24.com\/index.php?rest_route=\/wp\/v2\/media\/15521"}],"wp:attachment":[{"href":"http:\/\/campingland24.com\/index.php?rest_route=%2Fwp%2Fv2%2Fmedia&parent=15520"}],"wp:term":[{"taxonomy":"product_cat","embeddable":true,"href":"http:\/\/campingland24.com\/index.php?rest_route=%2Fwp%2Fv2%2Fproduct_cat&post=15520"},{"taxonomy":"product_tag","embeddable":true,"href":"http:\/\/campingland24.com\/index.php?rest_route=%2Fwp%2Fv2%2Fproduct_tag&post=15520"}],"curies":[{"name":"wp","href":"https:\/\/api.w.org\/{rel}","templated":true}]}}