{"id":15570,"date":"2021-07-29T19:12:45","date_gmt":"2021-07-29T19:12:45","guid":{"rendered":"http:\/\/campingland24.com\/?product=easymaxx-mini-heizung-500w-mit-fernbedienung-in-schwarz"},"modified":"2023-04-10T19:03:17","modified_gmt":"2023-04-10T19:03:17","slug":"easymaxx-mini-heizung-500w-mit-fernbedienung-in-schwarz","status":"publish","type":"product","link":"http:\/\/campingland24.com\/?product=easymaxx-mini-heizung-500w-mit-fernbedienung-in-schwarz","title":{"rendered":"EASYmaxx Mini-Heizung 500W mit Fernbedienung in Schwarz"},"content":{"rendered":"<p><!-- show up to 2 reviews by default --> <\/p>\n<p><b>Betrieb direkt an der Steckdose!<\/b><\/p>\n<p>Ob unterwegs im Hotelzimmer oder beim Basteln im Hobbykeller, die &#8222;EASYmaxx&#8220; Mini-Heizung sorgt f\u00fcr wohlige W\u00e4rme &#8211; wo und wann immer Sie m\u00f6gen! Mit dem handlichen Ger\u00e4t wird es \u00fcberall dort schnell behaglich, wo eine Steckdose vorhanden ist &#8211; einfach reinstecken und einschalten! Die Bedienung ist herrlich unkompliziert und dank der gro\u00dfen digitalen Anzeige auch sehr \u00fcbersichtlich.<\/p>\n<p>Die Temperatur l\u00e4sst sich ganz nach Ihrem individuellen W\u00e4rmebed\u00fcrfnis von 15 \u00b0C bis 32 \u00b0C regulieren &#8211; sogar per Fernbedienung, bequem vom Sofa aus. Dank der praktischen Timerfunktion m\u00fcssen Sie sich auch keine Gedanken \u00fcber das Ausschalten machen. Sie haben die Wahl zwischen den Einstellungen Schnellheizung und Normalbetrieb. Mit der &#8222;EASYmaxx&#8220; Mini-Heizung k\u00f6nnen Sie es sich jetzt an nahezu jedem Ort gem\u00fctlich machen.<\/p>\n<p><i> Technische Details: Material: ABS, PA, Keramik-Heizelement Ma\u00dfe (L x B x H): ca. 8,5 x 12,6 x 15 cm Leistung: 220 &#8211; 240V~ 50Hz, 500 Watt Lieferumfang: 1 x Mini-Heizung, 1 x Fernbedienung mit 1 x 3 V-Knopfzelle (CR2025), bereits eingelegt<\/i><\/p>\n<\/p>\n<p>2-Stufen-Thermostat mit digitaler Anzeige: Schnellheizung &amp; Normalbetrieb (15 \u00b0C\u201332 \u00b0C)<br \/>\n12-Stunden-Timer &amp; automatische Abschaltfunktion des Heizstrahlers<br \/>\nKunststoffgeh\u00e4use des Steckdosenheizl\u00fcfters bleibt beim Heizen k\u00fchl<br \/>\nKompaktes Heizger\u00e4t mit Keramik-Heizelement f\u00fcr die Steckdose mit Digitalthermostat<br \/>\nKeramikheizl\u00fcfter f\u00fcr Badezimmer, Wohnmobil, Wohnwagen, Garage und viele mehr<br \/>\n<div class=\"main-cross-sell\" data-asin=\"B07JHKR27K\">\n\n\t<div class=\"WooZone-cross-sell-loader\">\n\t\t<div>\n\t\t\t<div id=\"floatingBarsG\">\n\t\t\t\t<div class=\"blockG\" id=\"rotateG_01\"><\/div>\n\t\t\t\t<div class=\"blockG\" id=\"rotateG_02\"><\/div>\n\t\t\t\t<div class=\"blockG\" id=\"rotateG_03\"><\/div>\n\t\t\t\t<div class=\"blockG\" id=\"rotateG_04\"><\/div>\n\t\t\t\t<div class=\"blockG\" id=\"rotateG_05\"><\/div>\n\t\t\t\t<div class=\"blockG\" id=\"rotateG_06\"><\/div>\n\t\t\t\t<div class=\"blockG\" id=\"rotateG_07\"><\/div>\n\t\t\t\t<div class=\"blockG\" id=\"rotateG_08\"><\/div>\n\t\t\t<\/div>\n\t\t\t<div class=\"WooZone-cross-sell-loader-text\"><\/div>\n\t\t<\/div>\n\t<\/div>\n\n\t\t\n<\/div>\n<div style=\"clear:both;\"><\/div><\/p>\n","protected":false},"excerpt":{"rendered":"<p>2-Stufen-Thermostat mit digitaler Anzeige: Schnellheizung &amp; Normalbetrieb (15 \u00b0C\u201332 \u00b0C)<br \/>\n12-Stunden-Timer &amp; automatische Abschaltfunktion des Heizstrahlers<br \/>\nKunststoffgeh\u00e4use des Steckdosenheizl\u00fcfters bleibt beim Heizen k\u00fchl<\/p>\n","protected":false},"featured_media":15571,"comment_status":"open","ping_status":"closed","template":"","meta":[],"product_cat":[4126],"product_tag":[],"_links":{"self":[{"href":"http:\/\/campingland24.com\/index.php?rest_route=\/wp\/v2\/product\/15570"}],"collection":[{"href":"http:\/\/campingland24.com\/index.php?rest_route=\/wp\/v2\/product"}],"about":[{"href":"http:\/\/campingland24.com\/index.php?rest_route=\/wp\/v2\/types\/product"}],"replies":[{"embeddable":true,"href":"http:\/\/campingland24.com\/index.php?rest_route=%2Fwp%2Fv2%2Fcomments&post=15570"}],"version-history":[{"count":1,"href":"http:\/\/campingland24.com\/index.php?rest_route=\/wp\/v2\/product\/15570\/revisions"}],"predecessor-version":[{"id":18359,"href":"http:\/\/campingland24.com\/index.php?rest_route=\/wp\/v2\/product\/15570\/revisions\/18359"}],"wp:featuredmedia":[{"embeddable":true,"href":"http:\/\/campingland24.com\/index.php?rest_route=\/wp\/v2\/media\/15571"}],"wp:attachment":[{"href":"http:\/\/campingland24.com\/index.php?rest_route=%2Fwp%2Fv2%2Fmedia&parent=15570"}],"wp:term":[{"taxonomy":"product_cat","embeddable":true,"href":"http:\/\/campingland24.com\/index.php?rest_route=%2Fwp%2Fv2%2Fproduct_cat&post=15570"},{"taxonomy":"product_tag","embeddable":true,"href":"http:\/\/campingland24.com\/index.php?rest_route=%2Fwp%2Fv2%2Fproduct_tag&post=15570"}],"curies":[{"name":"wp","href":"https:\/\/api.w.org\/{rel}","templated":true}]}}