{"id":15584,"date":"2021-07-29T19:12:51","date_gmt":"2021-07-29T19:12:51","guid":{"rendered":"http:\/\/campingland24.com\/?product=tristar-elektroheizung-3000-watt-3-waehlbare-heizstufen-ptc-keramik-einstellbarer-winkel-ka-5068"},"modified":"2023-04-10T19:03:17","modified_gmt":"2023-04-10T19:03:17","slug":"tristar-elektroheizung-3000-watt-3-waehlbare-heizstufen-ptc-keramik-einstellbarer-winkel-ka-5068","status":"publish","type":"product","link":"http:\/\/campingland24.com\/?product=tristar-elektroheizung-3000-watt-3-waehlbare-heizstufen-ptc-keramik-einstellbarer-winkel-ka-5068","title":{"rendered":"Tristar Elektroheizung &#8211; 3000 Watt, 3 w\u00e4hlbare Heizstufen, PTC Keramik, Einstellbarer Winkel, KA-5068"},"content":{"rendered":"<p><!-- show up to 2 reviews by default --> <\/p>\n<p>Die Tristar KA-5068 Elektroheizung ist die perfekte Heizung f\u00fcr Ihr Zuhause. Der Keramikheizk\u00f6rper hat eine Leistung von 3000 Watt, so dass der Raum im Handumdrehen warm wird. Die Heizung verf\u00fcgt \u00fcber 3 einstellbare Heizeinstellungen von 1200, 2000 und 3000 W. Die Heizung kann einfach \u00fcber den Tragegriff bewegt werden. Au\u00dferdem kann der Winkel mit 25\u2070 eingestellt werden. <\/p>\n<p>Leistung von 3000 Watt und 3 einstellbare Heizstufen<br \/>\nKann durch den Tragegriff leicht bewegt werden.<br \/>\nKeramische Erw\u00e4rmung und hohe Heizeffizienz<br \/>\nSicher in der Anwendung durch den \u00dcberhitzungsschutz<br \/>\nDas solide Gestell gibt dem Heizl\u00fcfter einen stabilen Stand<br \/>\n<div class=\"main-cross-sell\" data-asin=\"B07TGHK3XG\">\n\n\t<div class=\"WooZone-cross-sell-loader\">\n\t\t<div>\n\t\t\t<div id=\"floatingBarsG\">\n\t\t\t\t<div class=\"blockG\" id=\"rotateG_01\"><\/div>\n\t\t\t\t<div class=\"blockG\" id=\"rotateG_02\"><\/div>\n\t\t\t\t<div class=\"blockG\" id=\"rotateG_03\"><\/div>\n\t\t\t\t<div class=\"blockG\" id=\"rotateG_04\"><\/div>\n\t\t\t\t<div class=\"blockG\" id=\"rotateG_05\"><\/div>\n\t\t\t\t<div class=\"blockG\" id=\"rotateG_06\"><\/div>\n\t\t\t\t<div class=\"blockG\" id=\"rotateG_07\"><\/div>\n\t\t\t\t<div class=\"blockG\" id=\"rotateG_08\"><\/div>\n\t\t\t<\/div>\n\t\t\t<div class=\"WooZone-cross-sell-loader-text\"><\/div>\n\t\t<\/div>\n\t<\/div>\n\n\t\t\n<\/div>\n<div style=\"clear:both;\"><\/div><\/p>\n","protected":false},"excerpt":{"rendered":"<p>Leistung von 3000 Watt und 3 einstellbare Heizstufen<br \/>\nKann durch den Tragegriff leicht bewegt werden.<br \/>\nKeramische Erw\u00e4rmung und hohe Heizeffizienz<\/p>\n","protected":false},"featured_media":15585,"comment_status":"open","ping_status":"closed","template":"","meta":[],"product_cat":[4126],"product_tag":[],"_links":{"self":[{"href":"http:\/\/campingland24.com\/index.php?rest_route=\/wp\/v2\/product\/15584"}],"collection":[{"href":"http:\/\/campingland24.com\/index.php?rest_route=\/wp\/v2\/product"}],"about":[{"href":"http:\/\/campingland24.com\/index.php?rest_route=\/wp\/v2\/types\/product"}],"replies":[{"embeddable":true,"href":"http:\/\/campingland24.com\/index.php?rest_route=%2Fwp%2Fv2%2Fcomments&post=15584"}],"version-history":[{"count":1,"href":"http:\/\/campingland24.com\/index.php?rest_route=\/wp\/v2\/product\/15584\/revisions"}],"predecessor-version":[{"id":18363,"href":"http:\/\/campingland24.com\/index.php?rest_route=\/wp\/v2\/product\/15584\/revisions\/18363"}],"wp:featuredmedia":[{"embeddable":true,"href":"http:\/\/campingland24.com\/index.php?rest_route=\/wp\/v2\/media\/15585"}],"wp:attachment":[{"href":"http:\/\/campingland24.com\/index.php?rest_route=%2Fwp%2Fv2%2Fmedia&parent=15584"}],"wp:term":[{"taxonomy":"product_cat","embeddable":true,"href":"http:\/\/campingland24.com\/index.php?rest_route=%2Fwp%2Fv2%2Fproduct_cat&post=15584"},{"taxonomy":"product_tag","embeddable":true,"href":"http:\/\/campingland24.com\/index.php?rest_route=%2Fwp%2Fv2%2Fproduct_tag&post=15584"}],"curies":[{"name":"wp","href":"https:\/\/api.w.org\/{rel}","templated":true}]}}