{"id":15716,"date":"2021-07-29T19:13:54","date_gmt":"2021-07-29T19:13:54","guid":{"rendered":"http:\/\/campingland24.com\/?product=dema-keramik-heizer-kh-1500w-rot"},"modified":"2023-04-10T19:03:21","modified_gmt":"2023-04-10T19:03:21","slug":"dema-keramik-heizer-kh-1500w-rot","status":"publish","type":"product","link":"http:\/\/campingland24.com\/?product=dema-keramik-heizer-kh-1500w-rot","title":{"rendered":"DEMA Keramik Heizer KH 1500W Rot"},"content":{"rendered":"<p><!-- show up to 2 reviews by default --> <\/p>\n<p>Damit \u00fcberstehen Sie den Winter ohne Frostbeulen &#8211; der original Denner Edition Keramik Heizer KH 1500W!<br \/> Auspacken &#8211; einstecken &#8211; einschalten &#8211; warm! Die kinderleichte Inbetriebnahme und die fast selbsterkl\u00e4rende Bedienung sichern Ihnen zuverl\u00e4ssige W\u00e4rme und sichere Handhabung als eigentlich schon fast vollwertige Heizung zu. Der eingebaute Thermostat und die 3 stufige W\u00e4rmeeinstellung erm\u00f6glichen die optimale Temperaturkontrolle.<br \/> Schnelle, wohlige W\u00e4rme &#8211; mit dem Denner Edition Keramik Heizer KH 1500W!<\/p>\n<ul>\n<li>Betrieb an 230 Volt \/ 50 Hz<\/li>\n<li>Kabell\u00e4nge ca: 135 cm<\/li>\n<li>3 stufige Leistungsaufnahme: Max 1500 Watt (Stufe 1: Nur Ventilator ohne Heizfunktion \/ Stufe 2: 750 Watt \/ Stufe 3: 1500 Watt)<\/li>\n<li>Schutzklasse: 2<\/li>\n<li>Schutzart: IPX0<\/li>\n<li>BxTxH: 18x18x19 cm<\/li>\n<li>Gewicht: 1,6 kg<\/li>\n<\/ul>\n<ul>\n<li>Absolut stylisches Cube-Design<\/li>\n<li>Heizelement: Keramik<\/li>\n<li>Standger\u00e4t<\/li>\n<li>3 stufige Leistungswahl \u00fcber Drehschalter<\/li>\n<li>Optische Betriebsanzeige<\/li>\n<li>\u00dcberhitzungschutz \/ Kippschutz (Ger\u00e4t schaltet selbstst\u00e4ndig beim Umkippen aus)<\/li>\n<li>Temperatur stufenlos \u00fcber Thermostat einstellbar<\/li>\n<li>Geh\u00e4use aus Kunststoff<\/li>\n<li>Lieferung komplett montiert<\/li>\n<\/ul>\n<p>Bitte beachten: Nur f\u00fcr den Innenbereich zugelassen<\/p>\n<p>Betrieb an 230 Volt \/ 50 Hz<br \/>\nKabell\u00e4nge ca: 135 cm<br \/>\n3 stufige Leistungsaufnahme: Max 1500 Watt (Stufe 1: Nur Ventilator ohne Heizfunktion \/ Stufe 2: 750 Watt \/ Stufe 3: 1500 Watt)<br \/>\nSchutzklasse: 2<br \/>\nSchutzart: IPX0<br \/>\n<div class=\"main-cross-sell\" data-asin=\"B006H2SRFU\">\n\n\t<div class=\"WooZone-cross-sell-loader\">\n\t\t<div>\n\t\t\t<div id=\"floatingBarsG\">\n\t\t\t\t<div class=\"blockG\" id=\"rotateG_01\"><\/div>\n\t\t\t\t<div class=\"blockG\" id=\"rotateG_02\"><\/div>\n\t\t\t\t<div class=\"blockG\" id=\"rotateG_03\"><\/div>\n\t\t\t\t<div class=\"blockG\" id=\"rotateG_04\"><\/div>\n\t\t\t\t<div class=\"blockG\" id=\"rotateG_05\"><\/div>\n\t\t\t\t<div class=\"blockG\" id=\"rotateG_06\"><\/div>\n\t\t\t\t<div class=\"blockG\" id=\"rotateG_07\"><\/div>\n\t\t\t\t<div class=\"blockG\" id=\"rotateG_08\"><\/div>\n\t\t\t<\/div>\n\t\t\t<div class=\"WooZone-cross-sell-loader-text\"><\/div>\n\t\t<\/div>\n\t<\/div>\n\n\t\t\n<\/div>\n<div style=\"clear:both;\"><\/div><\/p>\n","protected":false},"excerpt":{"rendered":"<p>Betrieb an 230 Volt \/ 50 Hz<br \/>\nKabell\u00e4nge ca: 135 cm<br \/>\n3 stufige Leistungsaufnahme: Max 1500 Watt (Stufe 1: Nur Ventilator ohne Heizfunktion \/ Stufe 2: 750 Watt \/ Stufe 3: 1500 Watt)<\/p>\n","protected":false},"featured_media":15717,"comment_status":"open","ping_status":"closed","template":"","meta":[],"product_cat":[4126],"product_tag":[],"_links":{"self":[{"href":"http:\/\/campingland24.com\/index.php?rest_route=\/wp\/v2\/product\/15716"}],"collection":[{"href":"http:\/\/campingland24.com\/index.php?rest_route=\/wp\/v2\/product"}],"about":[{"href":"http:\/\/campingland24.com\/index.php?rest_route=\/wp\/v2\/types\/product"}],"replies":[{"embeddable":true,"href":"http:\/\/campingland24.com\/index.php?rest_route=%2Fwp%2Fv2%2Fcomments&post=15716"}],"version-history":[{"count":1,"href":"http:\/\/campingland24.com\/index.php?rest_route=\/wp\/v2\/product\/15716\/revisions"}],"predecessor-version":[{"id":18398,"href":"http:\/\/campingland24.com\/index.php?rest_route=\/wp\/v2\/product\/15716\/revisions\/18398"}],"wp:featuredmedia":[{"embeddable":true,"href":"http:\/\/campingland24.com\/index.php?rest_route=\/wp\/v2\/media\/15717"}],"wp:attachment":[{"href":"http:\/\/campingland24.com\/index.php?rest_route=%2Fwp%2Fv2%2Fmedia&parent=15716"}],"wp:term":[{"taxonomy":"product_cat","embeddable":true,"href":"http:\/\/campingland24.com\/index.php?rest_route=%2Fwp%2Fv2%2Fproduct_cat&post=15716"},{"taxonomy":"product_tag","embeddable":true,"href":"http:\/\/campingland24.com\/index.php?rest_route=%2Fwp%2Fv2%2Fproduct_tag&post=15716"}],"curies":[{"name":"wp","href":"https:\/\/api.w.org\/{rel}","templated":true}]}}