{"id":16550,"date":"2021-07-29T21:26:35","date_gmt":"2021-07-29T21:26:35","guid":{"rendered":"http:\/\/campingland24.com\/?product=aetkfo-elektrischer-insektenvernichter"},"modified":"2023-02-23T18:50:49","modified_gmt":"2023-02-23T18:50:49","slug":"aetkfo-elektrischer-insektenvernichter","status":"publish","type":"product","link":"http:\/\/campingland24.com\/?product=aetkfo-elektrischer-insektenvernichter","title":{"rendered":"AETKFO Insektenvernichter Elektrischer Fliegenfalle Moskito Killer Lampe UV M\u00fcckenlampe Innen M\u00fcckenvernichter\u2026"},"content":{"rendered":"<p>\u3010Wirkungsvoll und leistungsstark\u3011: Der elektronische Moskito-Killer verwendet hochintensivem 20 W Ultraviolettlampen , die violette UV-Lichtwellen von 365NM freisetzen k\u00f6nnen, um M\u00fccken effektiv durch die menschliche Bionik-Technologie zu locken und sie mit Hochspannung von 2000 V zu t\u00f6ten.Doppelseitiges Maschensieb zum Anziehen und T\u00f6ten von Fliegen bei 360 Grad.<br \/>\n\u3010Sicherer M\u00fcckenfalle\u3011: Der M\u00fcckenfallenentwurf mit physikalischen Methoden und leisem Betrieb, Es ist chemikalienfrei, sicher f\u00fcr Babys und Haustiere.Sie oder Ihr Kind oder Ihre Familie k\u00f6nnen seitdem gut schlafen. Gitter mit hoher Dichte verhindern, dass sich Kinder und Personen oder Haustiere im Inneren ber\u00fchren. Das schwer entflammbare Geh\u00e4use aus luminiumlegierung kann Br\u00e4nde durch gebackene Insekten verhindern<br \/>\n\u3010Neues Design\u3011: Einfaches Design Pr\u00e4gnantes Design mit offenem Attraktionskonzept f\u00fcr die Seitenwand, Die feste H\u00fclle besteht aus einer elektrophoretischen Aluminiumlegierung,Es ist mit einer Metallkette zur einfachen Aufh\u00e4ngung ausgestattet<br \/>\n\u3010Leicht zu reinigen und zu installieren\u3011:Am Boden des M\u00fcckenvernichters befindet sich eine herausnehmbare Ablage, in der tote Insekten gesammelt werden. Diese k\u00f6nnen zur Reinigung leicht entfernt werden. Sie k\u00f6nnen es auf eine feste Platte legen und durch eine mitgelieferte Kette an die Hauswand h\u00e4ngen. Einfach und bequem.<br \/>\n\u3010BREITE NUTZUNGSDECKUNG\u3011: Sch\u00fctzt eine Fl\u00e4che von bis zu 80 Quadratmetern. Erstellen Sie Ihr Zuhause, Ihre K\u00fcche, Schulen, Krankenh\u00e4user, Restaurants usw. frei von st\u00f6renden M\u00fccken, die auch f\u00fcr gewerbliche und industrielle Zwecke geeignet sind. Genie\u00dfen Sie eine insektenfreie Umgebung!<br \/>\n<div class=\"main-cross-sell\" data-asin=\"B08S318C51\">\n\n\t<div class=\"WooZone-cross-sell-loader\">\n\t\t<div>\n\t\t\t<div id=\"floatingBarsG\">\n\t\t\t\t<div class=\"blockG\" id=\"rotateG_01\"><\/div>\n\t\t\t\t<div class=\"blockG\" id=\"rotateG_02\"><\/div>\n\t\t\t\t<div class=\"blockG\" id=\"rotateG_03\"><\/div>\n\t\t\t\t<div class=\"blockG\" id=\"rotateG_04\"><\/div>\n\t\t\t\t<div class=\"blockG\" id=\"rotateG_05\"><\/div>\n\t\t\t\t<div class=\"blockG\" id=\"rotateG_06\"><\/div>\n\t\t\t\t<div class=\"blockG\" id=\"rotateG_07\"><\/div>\n\t\t\t\t<div class=\"blockG\" id=\"rotateG_08\"><\/div>\n\t\t\t<\/div>\n\t\t\t<div class=\"WooZone-cross-sell-loader-text\"><\/div>\n\t\t<\/div>\n\t<\/div>\n\n\t\t\n<\/div>\n<div style=\"clear:both;\"><\/div><\/p>\n","protected":false},"excerpt":{"rendered":"<p>\u3010Wirkungsvoll und leistungsstark\u3011: Der elektronische Moskito-Killer verwendet hochintensivem 20 W Ultraviolettlampen , die violette UV-Lichtwellen von 365NM freisetzen k\u00f6nnen, um M\u00fccken effektiv durch die menschliche Bionik-Technologie zu locken und sie mit Hochspannung von 2000 V zu t\u00f6ten.Doppelseitiges Maschensieb zum Anziehen und T\u00f6ten von Fliegen bei 360 Grad.<br \/>\n\u3010Sicherer M\u00fcckenfalle\u3011: Der M\u00fcckenfallenentwurf mit physikalischen Methoden und leisem Betrieb, Es ist chemikalienfrei, sicher f\u00fcr Babys und Haustiere.Sie oder Ihr Kind oder Ihre Familie k\u00f6nnen seitdem gut schlafen. Gitter mit hoher Dichte verhindern, dass sich Kinder und Personen oder Haustiere im Inneren ber\u00fchren. Das schwer entflammbare Geh\u00e4use aus luminiumlegierung kann Br\u00e4nde durch gebackene Insekten verhindern<br \/>\n\u3010Neues Design\u3011: Einfaches Design Pr\u00e4gnantes Design mit offenem Attraktionskonzept f\u00fcr die Seitenwand, Die feste H\u00fclle besteht aus einer elektrophoretischen Aluminiumlegierung,Es ist mit einer Metallkette zur einfachen Aufh\u00e4ngung ausgestattet<\/p>\n","protected":false},"featured_media":16551,"comment_status":"open","ping_status":"closed","template":"","meta":[],"product_cat":[69],"product_tag":[],"_links":{"self":[{"href":"http:\/\/campingland24.com\/index.php?rest_route=\/wp\/v2\/product\/16550"}],"collection":[{"href":"http:\/\/campingland24.com\/index.php?rest_route=\/wp\/v2\/product"}],"about":[{"href":"http:\/\/campingland24.com\/index.php?rest_route=\/wp\/v2\/types\/product"}],"replies":[{"embeddable":true,"href":"http:\/\/campingland24.com\/index.php?rest_route=%2Fwp%2Fv2%2Fcomments&post=16550"}],"version-history":[{"count":3,"href":"http:\/\/campingland24.com\/index.php?rest_route=\/wp\/v2\/product\/16550\/revisions"}],"predecessor-version":[{"id":19639,"href":"http:\/\/campingland24.com\/index.php?rest_route=\/wp\/v2\/product\/16550\/revisions\/19639"}],"wp:featuredmedia":[{"embeddable":true,"href":"http:\/\/campingland24.com\/index.php?rest_route=\/wp\/v2\/media\/16551"}],"wp:attachment":[{"href":"http:\/\/campingland24.com\/index.php?rest_route=%2Fwp%2Fv2%2Fmedia&parent=16550"}],"wp:term":[{"taxonomy":"product_cat","embeddable":true,"href":"http:\/\/campingland24.com\/index.php?rest_route=%2Fwp%2Fv2%2Fproduct_cat&post=16550"},{"taxonomy":"product_tag","embeddable":true,"href":"http:\/\/campingland24.com\/index.php?rest_route=%2Fwp%2Fv2%2Fproduct_tag&post=16550"}],"curies":[{"name":"wp","href":"https:\/\/api.w.org\/{rel}","templated":true}]}}