{"id":16657,"date":"2021-07-29T21:30:37","date_gmt":"2021-07-29T21:30:37","guid":{"rendered":"http:\/\/campingland24.com\/?product=insektenvernichter-insektenkiller-insektenfalle-insektenlampe-60w-ego-02-60w-maltec"},"modified":"2023-02-23T18:50:51","modified_gmt":"2023-02-23T18:50:51","slug":"insektenvernichter-insektenkiller-insektenfalle-insektenlampe-60w-ego-02-60w-maltec","status":"publish","type":"product","link":"http:\/\/campingland24.com\/?product=insektenvernichter-insektenkiller-insektenfalle-insektenlampe-60w-ego-02-60w-maltec","title":{"rendered":"Insektenvernichter Insektenkiller Insektenfalle Insektenlampe 60W EGO-02-60W Maltec"},"content":{"rendered":"<p><!-- show up to 2 reviews by default --> <\/p>\n<p>Der Insektenvernichter hat drei Leuchtr\u00f6hren 20W, die Licht spezieller Farbe ausstrahlen. Die Lampe bek\u00e4mpft Insekten auf dem Gebiet von 200m2. MALTEC EGO-02-60W Reichweite 300m2, Lampen UV 60 Watt (3&#215;20)<br \/><b>Die wichtigsten Eigenschaften:<\/b> <\/p>\n<ul>\n<li>leicht zu reinigen<\/li>\n<li>magnetischer Transformator<\/li>\n<li>hohe Effektivit\u00e4t der Vernichtungskraft 3000 V<\/li>\n<li>robustes Netz aus Aluminium<\/li>\n<\/ul>\n<p> Die Insektenlampe eignet sich perfekt f\u00fcr den Hausgebrauch, K\u00fcchen, Metzgereien, B\u00e4ckereien, Restaurants, Superm\u00e4rkten, Hotels, Ferienh\u00e4uschen und \u00fcberall, wo Insekten nicht gern gesehen sind. Unsere Insektenlampe besitzt den magnetischen Transformator, so dass sie 3000V auf dem Netz erreicht. Der Insektenvernichter dient zur Ausrottung von fliegenden Insekten durch Ausstrahlung vom Licht spezieller Farbe, das erfolgreich Insekten anlockt. Nachdem sie in die Falle geraten, werden sie von der Spannung auf dem Netz get\u00f6tet, das sich vor der Lichtquelle befindet. Im Set befindet sich auch Kette zum Aufh\u00e4ngen von der Lampe! Man muss das Ger\u00e4t nur an den Strom anschlie\u00dfen und den Schalter dr\u00fccken, damit die Lampe zum Schrecken aller Insekten wird! Der Insektenkiller trifft sie mit dem elektrischen Impuls.<br \/><b>Technische Daten:<\/b> <\/p>\n<ul>\n<li>Reichweite: 300m2<\/li>\n<li>Leuchtstoffr\u00f6hren: 60 Watt UV LAMP (3 x 20)<\/li>\n<li>Energieverbrauch: 63 Watt<\/li>\n<li>Spannung: 3000 Volt<\/li>\n<li>Geh\u00e4use: Aluminium<\/li>\n<li>Lebensdauer der Lampen: 20.000 Stunden<\/li>\n<li>Abmessungen: 65 x 30 x 10 cm<\/li>\n<li>Gewicht: 4,1 kg<\/li>\n<\/ul>\n<p>Reichweite: 300m2<br \/>\nLeuchtstoffr\u00f6hren: 60 Watt UV LAMP (3 x 20)<br \/>\nEnergieverbrauch: 63 Watt<br \/>\nSpannung: 3000 Volt<br \/>\nAbmessungen: 65 x 30 x 10 cm<br \/>\n<div class=\"main-cross-sell\" data-asin=\"B079DSGQ7X\">\n\n\t<div class=\"WooZone-cross-sell-loader\">\n\t\t<div>\n\t\t\t<div id=\"floatingBarsG\">\n\t\t\t\t<div class=\"blockG\" id=\"rotateG_01\"><\/div>\n\t\t\t\t<div class=\"blockG\" id=\"rotateG_02\"><\/div>\n\t\t\t\t<div class=\"blockG\" id=\"rotateG_03\"><\/div>\n\t\t\t\t<div class=\"blockG\" id=\"rotateG_04\"><\/div>\n\t\t\t\t<div class=\"blockG\" id=\"rotateG_05\"><\/div>\n\t\t\t\t<div class=\"blockG\" id=\"rotateG_06\"><\/div>\n\t\t\t\t<div class=\"blockG\" id=\"rotateG_07\"><\/div>\n\t\t\t\t<div class=\"blockG\" id=\"rotateG_08\"><\/div>\n\t\t\t<\/div>\n\t\t\t<div class=\"WooZone-cross-sell-loader-text\"><\/div>\n\t\t<\/div>\n\t<\/div>\n\n\t\t\n<\/div>\n<div style=\"clear:both;\"><\/div><\/p>\n","protected":false},"excerpt":{"rendered":"<p>Reichweite: 300m2<br \/>\nLeuchtstoffr\u00f6hren: 60 Watt UV LAMP (3 x 20)<br \/>\nEnergieverbrauch: 63 Watt<\/p>\n","protected":false},"featured_media":16658,"comment_status":"open","ping_status":"closed","template":"","meta":[],"product_cat":[69],"product_tag":[],"_links":{"self":[{"href":"http:\/\/campingland24.com\/index.php?rest_route=\/wp\/v2\/product\/16657"}],"collection":[{"href":"http:\/\/campingland24.com\/index.php?rest_route=\/wp\/v2\/product"}],"about":[{"href":"http:\/\/campingland24.com\/index.php?rest_route=\/wp\/v2\/types\/product"}],"replies":[{"embeddable":true,"href":"http:\/\/campingland24.com\/index.php?rest_route=%2Fwp%2Fv2%2Fcomments&post=16657"}],"version-history":[{"count":1,"href":"http:\/\/campingland24.com\/index.php?rest_route=\/wp\/v2\/product\/16657\/revisions"}],"predecessor-version":[{"id":18619,"href":"http:\/\/campingland24.com\/index.php?rest_route=\/wp\/v2\/product\/16657\/revisions\/18619"}],"wp:featuredmedia":[{"embeddable":true,"href":"http:\/\/campingland24.com\/index.php?rest_route=\/wp\/v2\/media\/16658"}],"wp:attachment":[{"href":"http:\/\/campingland24.com\/index.php?rest_route=%2Fwp%2Fv2%2Fmedia&parent=16657"}],"wp:term":[{"taxonomy":"product_cat","embeddable":true,"href":"http:\/\/campingland24.com\/index.php?rest_route=%2Fwp%2Fv2%2Fproduct_cat&post=16657"},{"taxonomy":"product_tag","embeddable":true,"href":"http:\/\/campingland24.com\/index.php?rest_route=%2Fwp%2Fv2%2Fproduct_tag&post=16657"}],"curies":[{"name":"wp","href":"https:\/\/api.w.org\/{rel}","templated":true}]}}