{"id":16717,"date":"2021-07-29T21:31:03","date_gmt":"2021-07-29T21:31:03","guid":{"rendered":"http:\/\/campingland24.com\/?product=moel-keimtoetender-uvc-fan-insektenvernichter-insectivoro-363g-mit-230v-50hz"},"modified":"2023-02-23T18:50:52","modified_gmt":"2023-02-23T18:50:52","slug":"moel-keimtoetender-uvc-fan-insektenvernichter-insectivoro-363g-mit-230v-50hz","status":"publish","type":"product","link":"http:\/\/campingland24.com\/?product=moel-keimtoetender-uvc-fan-insektenvernichter-insectivoro-363g-mit-230v-50hz","title":{"rendered":"Moel keimt\u00f6tender UVC Fan-Insektenvernichter Insectivoro 363G mit 230V &#8211; 50Hz"},"content":{"rendered":"<p><!-- show up to 2 reviews by default --> <\/p>\n<p>Der sintergelagerter 2-stufige Motor mit thermischem \u00dcberlastschutz sorgt f\u00fcr eine lange, st\u00f6rungsfreie Lebensdauer des Ger\u00e4tes. Der Insektenfangbeh\u00e4lter kann gefahrlos zum Entleeren entnommen werden. Wenn das Ger\u00e4t ausgeschaltet wird, schlie\u00dft sich der Beh\u00e4lter.<br \/>Dieser Insektenkiller 363G von Moel ist mit einer internen UVC-Lampe ausgestattet und erzielt damit eine keimt\u00f6tende Wirkung, welche die eingefangenen Insekten sterilisiert und die Bildung von Mikroben oder Bakterien verhindert. Dieses Model wurde entworfen um die hygienischen und \u00f6kologischen Probleme zu l\u00f6sen! Und ist somit ideal f\u00fcr Restaurants, Lebensmittelindustrien, Verkaufsfl\u00e4chen, Krankenh\u00e4user und \u00fcberall wo ein Mikroben- und Bakterienfreies Umfeld gefordert wird.<br \/>Produktdaten:<br \/>&#8211; Abmessungen: 245 x 220 x 340 mm (LxBxH)<br \/>&#8211; Gewicht: 2,4 kg<br \/>&#8211; Stromversorgung : 230V ~ 50Hz<br \/>&#8211; Gesamtverbrauch: 75W<br \/>&#8211; Motorumdrehungen: 900\/1050 rpm<br \/>&#8211; Wirkungsbereich: 14-16 m (ca. 60m\u00b2)<br \/>&#8211; Farbe: Grau<br \/>&#8211; Schutzklasse: II<br \/>&#8211; UV Lampen: 1&#215;32 Watt Rundr\u00f6hre &amp; 1&#215;9 Watt UVC Kompakt-R\u00f6hre (keimt\u00f6tende Wirkung) im inneren des Ger\u00e4tes (von au\u00dfen nicht Sichtbar)<br \/>&#8211; Lebensdauer der Lampen: ca. 2000 h<br \/>&#8211; Material: PC \/ ABS<br \/>&#8211; Spritzschutz IPX 3<br \/>&#8211; CE <br \/>Wirkung UVC-Systeme (Deutsch):<\/p>\n<p>HACCP-Erkl\u00e4rung (Englisch):<\/p>\n<p>Gebrauchsanweisung (Mehrsprachig): <\/p>\n<p>Insektenvernichter HACCP Ventilator-Technik Keimt\u00f6tende UV-C Lampe Insectivoro 363G<br \/>\nGewicht: 2,4 kg<br \/>\nStromversorgung : 230V ~ 50Hz<br \/>\nGesamtverbrauch: 75W<br \/>\nMotorumdrehungen: 900\/1050 rpm<br \/>\n<div class=\"main-cross-sell\" data-asin=\"B00GXP13T8\">\n\n\t<div class=\"WooZone-cross-sell-loader\">\n\t\t<div>\n\t\t\t<div id=\"floatingBarsG\">\n\t\t\t\t<div class=\"blockG\" id=\"rotateG_01\"><\/div>\n\t\t\t\t<div class=\"blockG\" id=\"rotateG_02\"><\/div>\n\t\t\t\t<div class=\"blockG\" id=\"rotateG_03\"><\/div>\n\t\t\t\t<div class=\"blockG\" id=\"rotateG_04\"><\/div>\n\t\t\t\t<div class=\"blockG\" id=\"rotateG_05\"><\/div>\n\t\t\t\t<div class=\"blockG\" id=\"rotateG_06\"><\/div>\n\t\t\t\t<div class=\"blockG\" id=\"rotateG_07\"><\/div>\n\t\t\t\t<div class=\"blockG\" id=\"rotateG_08\"><\/div>\n\t\t\t<\/div>\n\t\t\t<div class=\"WooZone-cross-sell-loader-text\"><\/div>\n\t\t<\/div>\n\t<\/div>\n\n\t\t\n<\/div>\n<div style=\"clear:both;\"><\/div><\/p>\n","protected":false},"excerpt":{"rendered":"<p>Insektenvernichter HACCP Ventilator-Technik Keimt\u00f6tende UV-C Lampe Insectivoro 363G<br \/>\nGewicht: 2,4 kg<br \/>\nStromversorgung : 230V ~ 50Hz<\/p>\n","protected":false},"featured_media":16718,"comment_status":"open","ping_status":"closed","template":"","meta":[],"product_cat":[69],"product_tag":[],"_links":{"self":[{"href":"http:\/\/campingland24.com\/index.php?rest_route=\/wp\/v2\/product\/16717"}],"collection":[{"href":"http:\/\/campingland24.com\/index.php?rest_route=\/wp\/v2\/product"}],"about":[{"href":"http:\/\/campingland24.com\/index.php?rest_route=\/wp\/v2\/types\/product"}],"replies":[{"embeddable":true,"href":"http:\/\/campingland24.com\/index.php?rest_route=%2Fwp%2Fv2%2Fcomments&post=16717"}],"version-history":[{"count":1,"href":"http:\/\/campingland24.com\/index.php?rest_route=\/wp\/v2\/product\/16717\/revisions"}],"predecessor-version":[{"id":18635,"href":"http:\/\/campingland24.com\/index.php?rest_route=\/wp\/v2\/product\/16717\/revisions\/18635"}],"wp:featuredmedia":[{"embeddable":true,"href":"http:\/\/campingland24.com\/index.php?rest_route=\/wp\/v2\/media\/16718"}],"wp:attachment":[{"href":"http:\/\/campingland24.com\/index.php?rest_route=%2Fwp%2Fv2%2Fmedia&parent=16717"}],"wp:term":[{"taxonomy":"product_cat","embeddable":true,"href":"http:\/\/campingland24.com\/index.php?rest_route=%2Fwp%2Fv2%2Fproduct_cat&post=16717"},{"taxonomy":"product_tag","embeddable":true,"href":"http:\/\/campingland24.com\/index.php?rest_route=%2Fwp%2Fv2%2Fproduct_tag&post=16717"}],"curies":[{"name":"wp","href":"https:\/\/api.w.org\/{rel}","templated":true}]}}