{"id":16939,"date":"2021-07-29T21:33:03","date_gmt":"2021-07-29T21:33:03","guid":{"rendered":"http:\/\/campingland24.com\/?product=edi-tronic-uv-insektenvernichter-20w-insektenkiller-insekten-lampe-insektenlampe-insektenfalle"},"modified":"2026-01-07T00:22:52","modified_gmt":"2026-01-07T00:22:52","slug":"edi-tronic-uv-insektenvernichter-20w-insektenkiller-insekten-lampe-insektenlampe-insektenfalle","status":"publish","type":"product","link":"http:\/\/campingland24.com\/?product=edi-tronic-uv-insektenvernichter-20w-insektenkiller-insekten-lampe-insektenlampe-insektenfalle","title":{"rendered":"UV Insektenvernichter 20W Insektenkiller Insekten Lampe Insektenlampe Insektenfalle"},"content":{"rendered":"<p>Praktisch: Die Fluginsekten werden von dem Licht der Leuchtstoffr\u00f6hren angelockt und anschlie\u00dfend beim Durchfliegen des inneren Gitters mit einer Hochspannung get\u00f6tet. Das \u00e4u\u00dfere Gitter sch\u00fctzt Sie vor dem unbeabsichtigtem Anfassen des inneren Gitters.<br \/>\nOptimal f\u00fcr: Wohnungen, Garten, Terrasse, Restaurant , Lebensmittelr\u00e4ume, Lagerr\u00e4ume etc. Sehr einfache Reinigung durch Auffangbeh\u00e4lter<br \/>\nWirkt ideal gegen: M\u00fccken, Schnaken und andere fliegende Insekten und ist dabei umweltfreundlich ganz ohne Chemie<br \/>\nProduktvorteile: Stehend oder Deckenmontage, inkl. Aufh\u00e4ngekette \/ \u00e4u\u00dferes Schutzgitter \/ An-und Ausschalter an der Seite \/ einfach zu reinigen durch herausnehmbaren Auffangbeh\u00e4lter \/ UV Leuchtr\u00f6hre &#8211; hohe Anziehungskraft f\u00fcr Fliegen \/ keine Chemikalien, kein Rauch, kein Geruch, kein Dreck<br \/>\n<div class=\"main-cross-sell\" data-asin=\"B00M0M8BK2\">\n\n\t<div class=\"WooZone-cross-sell-loader\">\n\t\t<div>\n\t\t\t<div id=\"floatingBarsG\">\n\t\t\t\t<div class=\"blockG\" id=\"rotateG_01\"><\/div>\n\t\t\t\t<div class=\"blockG\" id=\"rotateG_02\"><\/div>\n\t\t\t\t<div class=\"blockG\" id=\"rotateG_03\"><\/div>\n\t\t\t\t<div class=\"blockG\" id=\"rotateG_04\"><\/div>\n\t\t\t\t<div class=\"blockG\" id=\"rotateG_05\"><\/div>\n\t\t\t\t<div class=\"blockG\" id=\"rotateG_06\"><\/div>\n\t\t\t\t<div class=\"blockG\" id=\"rotateG_07\"><\/div>\n\t\t\t\t<div class=\"blockG\" id=\"rotateG_08\"><\/div>\n\t\t\t<\/div>\n\t\t\t<div class=\"WooZone-cross-sell-loader-text\"><\/div>\n\t\t<\/div>\n\t<\/div>\n\n\t\t\n<\/div>\n<div style=\"clear:both;\"><\/div><\/p>\n","protected":false},"excerpt":{"rendered":"<p>Praktisch: Die Fluginsekten werden von dem Licht der Leuchtstoffr\u00f6hren angelockt und anschlie\u00dfend beim Durchfliegen des inneren Gitters mit einer Hochspannung get\u00f6tet. Das \u00e4u\u00dfere Gitter sch\u00fctzt Sie vor dem unbeabsichtigtem Anfassen des inneren Gitters.<br \/>\nOptimal f\u00fcr: Wohnungen, Garten, Terrasse, Restaurant , Lebensmittelr\u00e4ume, Lagerr\u00e4ume etc. Sehr einfache Reinigung durch Auffangbeh\u00e4lter<br \/>\nWirkt ideal gegen: M\u00fccken, Schnaken und andere fliegende Insekten und ist dabei umweltfreundlich ganz ohne Chemie<\/p>\n","protected":false},"featured_media":16940,"comment_status":"open","ping_status":"closed","template":"","meta":[],"product_cat":[69],"product_tag":[],"_links":{"self":[{"href":"http:\/\/campingland24.com\/index.php?rest_route=\/wp\/v2\/product\/16939"}],"collection":[{"href":"http:\/\/campingland24.com\/index.php?rest_route=\/wp\/v2\/product"}],"about":[{"href":"http:\/\/campingland24.com\/index.php?rest_route=\/wp\/v2\/types\/product"}],"replies":[{"embeddable":true,"href":"http:\/\/campingland24.com\/index.php?rest_route=%2Fwp%2Fv2%2Fcomments&post=16939"}],"version-history":[{"count":2,"href":"http:\/\/campingland24.com\/index.php?rest_route=\/wp\/v2\/product\/16939\/revisions"}],"predecessor-version":[{"id":20122,"href":"http:\/\/campingland24.com\/index.php?rest_route=\/wp\/v2\/product\/16939\/revisions\/20122"}],"wp:featuredmedia":[{"embeddable":true,"href":"http:\/\/campingland24.com\/index.php?rest_route=\/wp\/v2\/media\/16940"}],"wp:attachment":[{"href":"http:\/\/campingland24.com\/index.php?rest_route=%2Fwp%2Fv2%2Fmedia&parent=16939"}],"wp:term":[{"taxonomy":"product_cat","embeddable":true,"href":"http:\/\/campingland24.com\/index.php?rest_route=%2Fwp%2Fv2%2Fproduct_cat&post=16939"},{"taxonomy":"product_tag","embeddable":true,"href":"http:\/\/campingland24.com\/index.php?rest_route=%2Fwp%2Fv2%2Fproduct_tag&post=16939"}],"curies":[{"name":"wp","href":"https:\/\/api.w.org\/{rel}","templated":true}]}}