{"id":16959,"date":"2021-07-29T21:40:18","date_gmt":"2021-07-29T21:40:18","guid":{"rendered":"http:\/\/campingland24.com\/?product=cmp-jungen-hose-zip-off-hose"},"modified":"2023-02-23T18:50:56","modified_gmt":"2023-02-23T18:50:56","slug":"cmp-jungen-hose-zip-off-hose","status":"publish","type":"product","link":"http:\/\/campingland24.com\/?product=cmp-jungen-hose-zip-off-hose","title":{"rendered":"CMP Jungen Hose Zip Off Hose"},"content":{"rendered":"<p><!-- show up to 2 reviews by default --> <\/p>\n<p>Die ultraleichte Campagnolo Wanderhose l\u00e4sst sich dank der Zip Off-Funktion mithilfe eines Rei\u00dfverschlusses ganz einfach in eine kurze Hose verwandeln. Die Hose ist somit ideal um f\u00fcr jede Wetterlage auf sommerlichen Ausfl\u00fcgen gewappnet zu sein. Diese elastische Hose besteht aus einem schnelltrocknenden, schmutzabweisenden Stoff. Au\u00dferdem bietet sie Schutz vor UV-Strahlen. Zudem verf\u00fcgt die Hose \u00fcber 2 Seitentaschen und einen elastischen regulierbaren Hosenbund sowie einen G\u00fcrtel. <\/p>\n<p>Ergonomische und vorgeformte Kniepartie<br \/>\nDrei Taschen<br \/>\nVerschluss: Rei\u00dfverschluss<br \/>\n89% Polyester, 11% Elasthan<br \/>\nZip Off Hose<br \/>\nPflegehinweis: Maschinenw\u00e4sche<br \/>\nModellnummer: 3T51644<br \/>\nVerdunsten und Atmungsaktiv<br \/>\nInnen regulierbarer G\u00fcrtel; Minimaler Platzbedarf<br \/>\nSchn\u00fcrung im Saum; Material: 89% Polyester, 11% Elastan<br \/>\n<div class=\"main-cross-sell\" data-asin=\"B00GV3OE8E\">\n\n\t<div class=\"WooZone-cross-sell-loader\">\n\t\t<div>\n\t\t\t<div id=\"floatingBarsG\">\n\t\t\t\t<div class=\"blockG\" id=\"rotateG_01\"><\/div>\n\t\t\t\t<div class=\"blockG\" id=\"rotateG_02\"><\/div>\n\t\t\t\t<div class=\"blockG\" id=\"rotateG_03\"><\/div>\n\t\t\t\t<div class=\"blockG\" id=\"rotateG_04\"><\/div>\n\t\t\t\t<div class=\"blockG\" id=\"rotateG_05\"><\/div>\n\t\t\t\t<div class=\"blockG\" id=\"rotateG_06\"><\/div>\n\t\t\t\t<div class=\"blockG\" id=\"rotateG_07\"><\/div>\n\t\t\t\t<div class=\"blockG\" id=\"rotateG_08\"><\/div>\n\t\t\t<\/div>\n\t\t\t<div class=\"WooZone-cross-sell-loader-text\"><\/div>\n\t\t<\/div>\n\t<\/div>\n\n\t\t\n<\/div>\n<div style=\"clear:both;\"><\/div><\/p>\n","protected":false},"excerpt":{"rendered":"<p>Ergonomische und vorgeformte Kniepartie<br \/>\nDrei Taschen<br \/>\nVerschluss: Rei\u00dfverschluss<\/p>\n","protected":false},"featured_media":16960,"comment_status":"open","ping_status":"closed","template":"","meta":[],"product_cat":[37],"product_tag":[],"_links":{"self":[{"href":"http:\/\/campingland24.com\/index.php?rest_route=\/wp\/v2\/product\/16959"}],"collection":[{"href":"http:\/\/campingland24.com\/index.php?rest_route=\/wp\/v2\/product"}],"about":[{"href":"http:\/\/campingland24.com\/index.php?rest_route=\/wp\/v2\/types\/product"}],"replies":[{"embeddable":true,"href":"http:\/\/campingland24.com\/index.php?rest_route=%2Fwp%2Fv2%2Fcomments&post=16959"}],"version-history":[{"count":1,"href":"http:\/\/campingland24.com\/index.php?rest_route=\/wp\/v2\/product\/16959\/revisions"}],"predecessor-version":[{"id":18696,"href":"http:\/\/campingland24.com\/index.php?rest_route=\/wp\/v2\/product\/16959\/revisions\/18696"}],"wp:featuredmedia":[{"embeddable":true,"href":"http:\/\/campingland24.com\/index.php?rest_route=\/wp\/v2\/media\/16960"}],"wp:attachment":[{"href":"http:\/\/campingland24.com\/index.php?rest_route=%2Fwp%2Fv2%2Fmedia&parent=16959"}],"wp:term":[{"taxonomy":"product_cat","embeddable":true,"href":"http:\/\/campingland24.com\/index.php?rest_route=%2Fwp%2Fv2%2Fproduct_cat&post=16959"},{"taxonomy":"product_tag","embeddable":true,"href":"http:\/\/campingland24.com\/index.php?rest_route=%2Fwp%2Fv2%2Fproduct_tag&post=16959"}],"curies":[{"name":"wp","href":"https:\/\/api.w.org\/{rel}","templated":true}]}}