{"id":16967,"date":"2021-07-29T21:40:21","date_gmt":"2021-07-29T21:40:21","guid":{"rendered":"http:\/\/campingland24.com\/?product=regatta-kompatible-herren-regenhose"},"modified":"2023-02-23T18:50:56","modified_gmt":"2023-02-23T18:50:56","slug":"regatta-kompatible-herren-regenhose","status":"publish","type":"product","link":"http:\/\/campingland24.com\/?product=regatta-kompatible-herren-regenhose","title":{"rendered":"Regatta Herren Hose Pack It O\/TRS"},"content":{"rendered":"<p><!-- show up to 2 reviews by default --> <\/p>\n<h3>Produktbeschreibung<\/h3>\n<p>Diese federleichte, wasserdichte, atmungsaktive Hose l\u00e4sst sich m\u00fchelos f\u00fcr einen regnerischen Tag verstauen. <\/p>\n<h3>Warnhinweise<\/h3>\n<p>Vor Gebrauch bitte Etikett und Gebrauchsanweisungen lesen. <\/p>\n<p>Wasserdichtes, atmungsaktives und leichtgewichtiges Isolite 5.000 Polyamidgewebe<br \/>\nAtmungsaktivit\u00e4t 5.000g\/m\u00b2\/24 Stunden<br \/>\nDauerhaft wasserabweisende Ausstattung<br \/>\n<div class=\"main-cross-sell\" data-asin=\"B00BN60Y6U\">\n\n\t<div class=\"WooZone-cross-sell-loader\">\n\t\t<div>\n\t\t\t<div id=\"floatingBarsG\">\n\t\t\t\t<div class=\"blockG\" id=\"rotateG_01\"><\/div>\n\t\t\t\t<div class=\"blockG\" id=\"rotateG_02\"><\/div>\n\t\t\t\t<div class=\"blockG\" id=\"rotateG_03\"><\/div>\n\t\t\t\t<div class=\"blockG\" id=\"rotateG_04\"><\/div>\n\t\t\t\t<div class=\"blockG\" id=\"rotateG_05\"><\/div>\n\t\t\t\t<div class=\"blockG\" id=\"rotateG_06\"><\/div>\n\t\t\t\t<div class=\"blockG\" id=\"rotateG_07\"><\/div>\n\t\t\t\t<div class=\"blockG\" id=\"rotateG_08\"><\/div>\n\t\t\t<\/div>\n\t\t\t<div class=\"WooZone-cross-sell-loader-text\"><\/div>\n\t\t<\/div>\n\t<\/div>\n\n\t\t\n<\/div>\n<div style=\"clear:both;\"><\/div><\/p>\n","protected":false},"excerpt":{"rendered":"<p>Wasserdichtes, atmungsaktives und leichtgewichtiges Isolite 5.000 Polyamidgewebe<br \/>\nAtmungsaktivit\u00e4t 5.000g\/m\u00b2\/24 Stunden<br \/>\nDauerhaft wasserabweisende Ausstattung<\/p>\n","protected":false},"featured_media":16968,"comment_status":"open","ping_status":"closed","template":"","meta":[],"product_cat":[37],"product_tag":[],"_links":{"self":[{"href":"http:\/\/campingland24.com\/index.php?rest_route=\/wp\/v2\/product\/16967"}],"collection":[{"href":"http:\/\/campingland24.com\/index.php?rest_route=\/wp\/v2\/product"}],"about":[{"href":"http:\/\/campingland24.com\/index.php?rest_route=\/wp\/v2\/types\/product"}],"replies":[{"embeddable":true,"href":"http:\/\/campingland24.com\/index.php?rest_route=%2Fwp%2Fv2%2Fcomments&post=16967"}],"version-history":[{"count":4,"href":"http:\/\/campingland24.com\/index.php?rest_route=\/wp\/v2\/product\/16967\/revisions"}],"predecessor-version":[{"id":19387,"href":"http:\/\/campingland24.com\/index.php?rest_route=\/wp\/v2\/product\/16967\/revisions\/19387"}],"wp:featuredmedia":[{"embeddable":true,"href":"http:\/\/campingland24.com\/index.php?rest_route=\/wp\/v2\/media\/16968"}],"wp:attachment":[{"href":"http:\/\/campingland24.com\/index.php?rest_route=%2Fwp%2Fv2%2Fmedia&parent=16967"}],"wp:term":[{"taxonomy":"product_cat","embeddable":true,"href":"http:\/\/campingland24.com\/index.php?rest_route=%2Fwp%2Fv2%2Fproduct_cat&post=16967"},{"taxonomy":"product_tag","embeddable":true,"href":"http:\/\/campingland24.com\/index.php?rest_route=%2Fwp%2Fv2%2Fproduct_tag&post=16967"}],"curies":[{"name":"wp","href":"https:\/\/api.w.org\/{rel}","templated":true}]}}