{"id":16991,"date":"2021-07-29T21:40:31","date_gmt":"2021-07-29T21:40:31","guid":{"rendered":"http:\/\/campingland24.com\/?product=magcomsen-herren-cargo-hose-baumwolle-outdoor-hose-maenner-sommer-unifarben-hose-combat-tactical-hose-mit-vielen-taschen-ranger-hose-arbeitshose"},"modified":"2023-02-23T18:50:57","modified_gmt":"2023-02-23T18:50:57","slug":"magcomsen-herren-cargo-hose-baumwolle-outdoor-hose-maenner-sommer-unifarben-hose-combat-tactical-hose-mit-vielen-taschen-ranger-hose-arbeitshose","status":"publish","type":"product","link":"http:\/\/campingland24.com\/?product=magcomsen-herren-cargo-hose-baumwolle-outdoor-hose-maenner-sommer-unifarben-hose-combat-tactical-hose-mit-vielen-taschen-ranger-hose-arbeitshose","title":{"rendered":"MAGCOMSEN Herren Cargo Hose Baumwolle Outdoor Hose mit 8 Taschen M\u00e4nner Stretch Arbeitshosen Combat Tactical Hose Ranger\u2026"},"content":{"rendered":"<p><!-- show up to 2 reviews by default --> <\/p>\n<p><b>MEHR ZU DIESEM PRODUKT:<\/b><br \/> Material: Baumwolle<br \/> Pflegehinweise: Maschinenw\u00e4sche oder Handw\u00e4sche<br \/> Leibh\u00f6he: Normal<br \/> Packungsinhalt: 1 * Herren Hose (Ohne G\u00fcrtel)<br \/> Verschluss: Rei\u00dfverschluss<br \/> Muster: Unifarben und Camouflage<\/p>\n<p><b>GR\u00d6SSENTABELLE<\/b><br \/> Size 32: Taille: 80-86cm, L\u00e4nge: 106cm, H\u00fcftumfang: 110cm<br \/> Size 33: Taille: 83-89cm, L\u00e4nge: 106cm, H\u00fcftumfang: 112cm<br \/> Size 34: Taille: 86-92cm, L\u00e4nge: 108cm, H\u00fcftumfang: 114cm<br \/> Size 35: Taille: 89-95cm, L\u00e4nge: 109cm, H\u00fcftumfang: 116cm<br \/> Size 36: Taille: 90-96cm, L\u00e4nge: 110cm, H\u00fcftumfang: 118cm<br \/> Size 38: Taille: 96-102cm, L\u00e4nge: 111cm, H\u00fcftumfang: 124cm<\/p>\n<p><b>Weitere Informationen: <\/b><br \/> 1. Bitte erlauben Sie eine Abweichung von 1-3 cm wegen des manuellen Messen.<br \/> 2. Produktfarben k\u00f6nnen geringf\u00fcgig von den Produktbildern abweichen, Dank f\u00fcr Ihr Verst\u00e4ndnis.<br \/> 3. Falls Sie weitere Fragen haben, k\u00f6nnen Sie sich jederzeit an uns wenden. <\/p>\n<p>Hinweise: Mehr Gr\u00f6\u00dfendetails finden Sie bitte in der Produktbeschreibung.<br \/>\nMaterial: Baumwolle; Verschluss: Rei\u00dfverschluss<br \/>\nCargotaschen: 8 Taschen (2 Ges\u00e4\u00dftaschen mit Rei\u00dfverschluss, 2 Einschubtaschen und 4 seitliche Eingriffstaschen mit Rei\u00dfverschluss)<br \/>\nExtras: Rei\u00dfverschluss an der Unterseite, zur sch\u00f6nen Optik und zum einfachen An- und Ausziehen<br \/>\nEinsatzbereich: ideal f\u00fcr Outdoor-Aktivit\u00e4ten wie Wandern, Camping, Trekking, Angeln, Camping, Jagen usw.<br \/>\n<div class=\"main-cross-sell\" data-asin=\"B079HWZMVJ\">\n\n\t<div class=\"WooZone-cross-sell-loader\">\n\t\t<div>\n\t\t\t<div id=\"floatingBarsG\">\n\t\t\t\t<div class=\"blockG\" id=\"rotateG_01\"><\/div>\n\t\t\t\t<div class=\"blockG\" id=\"rotateG_02\"><\/div>\n\t\t\t\t<div class=\"blockG\" id=\"rotateG_03\"><\/div>\n\t\t\t\t<div class=\"blockG\" id=\"rotateG_04\"><\/div>\n\t\t\t\t<div class=\"blockG\" id=\"rotateG_05\"><\/div>\n\t\t\t\t<div class=\"blockG\" id=\"rotateG_06\"><\/div>\n\t\t\t\t<div class=\"blockG\" id=\"rotateG_07\"><\/div>\n\t\t\t\t<div class=\"blockG\" id=\"rotateG_08\"><\/div>\n\t\t\t<\/div>\n\t\t\t<div class=\"WooZone-cross-sell-loader-text\"><\/div>\n\t\t<\/div>\n\t<\/div>\n\n\t\t\n<\/div>\n<div style=\"clear:both;\"><\/div><\/p>\n","protected":false},"excerpt":{"rendered":"<p>Hinweise: Mehr Gr\u00f6\u00dfendetails finden Sie bitte in der Produktbeschreibung.<br \/>\nMaterial: Baumwolle; Verschluss: Rei\u00dfverschluss<br \/>\nCargotaschen: 8 Taschen (2 Ges\u00e4\u00dftaschen mit Rei\u00dfverschluss, 2 Einschubtaschen und 4 seitliche Eingriffstaschen mit Rei\u00dfverschluss)<\/p>\n","protected":false},"featured_media":16992,"comment_status":"open","ping_status":"closed","template":"","meta":[],"product_cat":[37],"product_tag":[],"_links":{"self":[{"href":"http:\/\/campingland24.com\/index.php?rest_route=\/wp\/v2\/product\/16991"}],"collection":[{"href":"http:\/\/campingland24.com\/index.php?rest_route=\/wp\/v2\/product"}],"about":[{"href":"http:\/\/campingland24.com\/index.php?rest_route=\/wp\/v2\/types\/product"}],"replies":[{"embeddable":true,"href":"http:\/\/campingland24.com\/index.php?rest_route=%2Fwp%2Fv2%2Fcomments&post=16991"}],"version-history":[{"count":2,"href":"http:\/\/campingland24.com\/index.php?rest_route=\/wp\/v2\/product\/16991\/revisions"}],"predecessor-version":[{"id":20067,"href":"http:\/\/campingland24.com\/index.php?rest_route=\/wp\/v2\/product\/16991\/revisions\/20067"}],"wp:featuredmedia":[{"embeddable":true,"href":"http:\/\/campingland24.com\/index.php?rest_route=\/wp\/v2\/media\/16992"}],"wp:attachment":[{"href":"http:\/\/campingland24.com\/index.php?rest_route=%2Fwp%2Fv2%2Fmedia&parent=16991"}],"wp:term":[{"taxonomy":"product_cat","embeddable":true,"href":"http:\/\/campingland24.com\/index.php?rest_route=%2Fwp%2Fv2%2Fproduct_cat&post=16991"},{"taxonomy":"product_tag","embeddable":true,"href":"http:\/\/campingland24.com\/index.php?rest_route=%2Fwp%2Fv2%2Fproduct_tag&post=16991"}],"curies":[{"name":"wp","href":"https:\/\/api.w.org\/{rel}","templated":true}]}}