{"id":17007,"date":"2021-07-29T21:40:38","date_gmt":"2021-07-29T21:40:38","guid":{"rendered":"http:\/\/campingland24.com\/?product=vaude-damen-hose-womens-farley-stretch-capri-ii"},"modified":"2023-02-23T18:50:57","modified_gmt":"2023-02-23T18:50:57","slug":"vaude-damen-hose-womens-farley-stretch-capri-ii","status":"publish","type":"product","link":"http:\/\/campingland24.com\/?product=vaude-damen-hose-womens-farley-stretch-capri-ii","title":{"rendered":"VAUDE Damen Hose Women&#8217;s Farley Stretch Capri Ii"},"content":{"rendered":"<p><!-- show up to 2 reviews by default --> <\/p>\n<p>Unser Klassiker in der Capri-Variante! \u00c4u\u00dferst bequeme Caprihose aus umweltfreundlichen, bluesign zertifiziertem Material. Macht auf jeder Reise eine gute Figur. Der bequeme Hosenbund, der hohe Stretchanteil und die vorgeformten Kniepartien bieten sehr hohen Tragekomfort. Der pflegeleichte, schnelltrocknende Stoff sorgt f\u00fcr zuverl\u00e4ssige Funktionalit\u00e4t. Mit Rei\u00dfverschlusstaschen f\u00fcr mehr Sicherheit gegen Langfinger. Dieses Produkt ist mit Eco Finish umweltfreundlich wasserabweisend ohne Fluorcarbone (PFC) hergestellt. Green Shape ist Deine VAUDE Garantie f\u00fcr umweltfreundliche Produkte &#8211; aus nachhaltigen Materialien und ressourcenschonender Herstellung. <\/p>\n<p>Women&#8217;s Farley Stretch Capri II<br \/>\nCapri-Hose zum Wandern: pflegeleicht und schnelltrocknend<br \/>\nHauptstoff: 89% Polyamid, 11% Elastan<br \/>\nWomen&#8217;s Farley Stretch Capri II<br \/>\nModellnummer: 4578<br \/>\nHoher Tragekomfort: Der bequeme Hosenbund, der hohe Stretchanteil und die vorgeformten Kniepartien bieten sehr hohen Tragekomfort<br \/>\nZuverl\u00e4ssige Funktionalit\u00e4t: Der pflegeleichte, schnelltrocknende Stoff sorgt f\u00fcr zuverl\u00e4ssige Funktionalit\u00e4t<br \/>\nUmweltfreundliche Herstellung: Dieses Produkt ist mit Eco Finish umweltfreundlich wasserabweisend ohne Fluorcarbone (PFC) hergestellt<br \/>\nGreen-Shape Label: Green Shape ist Ihre VAUDE Garantie f\u00fcr umweltfreundliche Produkte &#8211; aus nachhaltigen Materialien und ressourcenschonender Herstellung<br \/>\n<div class=\"main-cross-sell\" data-asin=\"B00H9D2DUQ\">\n\n\t<div class=\"WooZone-cross-sell-loader\">\n\t\t<div>\n\t\t\t<div id=\"floatingBarsG\">\n\t\t\t\t<div class=\"blockG\" id=\"rotateG_01\"><\/div>\n\t\t\t\t<div class=\"blockG\" id=\"rotateG_02\"><\/div>\n\t\t\t\t<div class=\"blockG\" id=\"rotateG_03\"><\/div>\n\t\t\t\t<div class=\"blockG\" id=\"rotateG_04\"><\/div>\n\t\t\t\t<div class=\"blockG\" id=\"rotateG_05\"><\/div>\n\t\t\t\t<div class=\"blockG\" id=\"rotateG_06\"><\/div>\n\t\t\t\t<div class=\"blockG\" id=\"rotateG_07\"><\/div>\n\t\t\t\t<div class=\"blockG\" id=\"rotateG_08\"><\/div>\n\t\t\t<\/div>\n\t\t\t<div class=\"WooZone-cross-sell-loader-text\"><\/div>\n\t\t<\/div>\n\t<\/div>\n\n\t\t\n<\/div>\n<div style=\"clear:both;\"><\/div><\/p>\n","protected":false},"excerpt":{"rendered":"<p>Women&#8217;s Farley Stretch Capri II<br \/>\nCapri-Hose zum Wandern: pflegeleicht und schnelltrocknend<br \/>\nHauptstoff: 89% Polyamid, 11% Elastan<\/p>\n","protected":false},"featured_media":17008,"comment_status":"open","ping_status":"closed","template":"","meta":[],"product_cat":[37],"product_tag":[],"_links":{"self":[{"href":"http:\/\/campingland24.com\/index.php?rest_route=\/wp\/v2\/product\/17007"}],"collection":[{"href":"http:\/\/campingland24.com\/index.php?rest_route=\/wp\/v2\/product"}],"about":[{"href":"http:\/\/campingland24.com\/index.php?rest_route=\/wp\/v2\/types\/product"}],"replies":[{"embeddable":true,"href":"http:\/\/campingland24.com\/index.php?rest_route=%2Fwp%2Fv2%2Fcomments&post=17007"}],"version-history":[{"count":1,"href":"http:\/\/campingland24.com\/index.php?rest_route=\/wp\/v2\/product\/17007\/revisions"}],"predecessor-version":[{"id":18707,"href":"http:\/\/campingland24.com\/index.php?rest_route=\/wp\/v2\/product\/17007\/revisions\/18707"}],"wp:featuredmedia":[{"embeddable":true,"href":"http:\/\/campingland24.com\/index.php?rest_route=\/wp\/v2\/media\/17008"}],"wp:attachment":[{"href":"http:\/\/campingland24.com\/index.php?rest_route=%2Fwp%2Fv2%2Fmedia&parent=17007"}],"wp:term":[{"taxonomy":"product_cat","embeddable":true,"href":"http:\/\/campingland24.com\/index.php?rest_route=%2Fwp%2Fv2%2Fproduct_cat&post=17007"},{"taxonomy":"product_tag","embeddable":true,"href":"http:\/\/campingland24.com\/index.php?rest_route=%2Fwp%2Fv2%2Fproduct_tag&post=17007"}],"curies":[{"name":"wp","href":"https:\/\/api.w.org\/{rel}","templated":true}]}}