{"id":17059,"date":"2021-07-29T21:41:01","date_gmt":"2021-07-29T21:41:01","guid":{"rendered":"http:\/\/campingland24.com\/?product=vaude-damen-womens-farley-stretch-capri-t-zip-ii-hose"},"modified":"2023-02-23T18:52:06","modified_gmt":"2023-02-23T18:52:06","slug":"vaude-damen-womens-farley-stretch-capri-t-zip-ii-hose","status":"publish","type":"product","link":"http:\/\/campingland24.com\/?product=vaude-damen-womens-farley-stretch-capri-t-zip-ii-hose","title":{"rendered":"VAUDE Damen Women&#8217;s Farley Stretch Capri T-Zip Ii Hose"},"content":{"rendered":"<p><!-- show up to 2 reviews by default --> <\/p>\n<p>Unser Klassiker mit T-Zips. \u00c4u\u00dferst bequeme Wander- und Trekkinghose mit abnehmbaren Beinen aus umweltvertr\u00e4glichem und bluesign-zertifiziertem Material. Macht auf jeder Reise eine hervorragende Figur. Der bequeme Bund, der hohe Stretchanteil und die vorgeformten Kniepartien bieten einen besonders hohen Tragekomfort. Das pflegeleichte und schnell trocknende Gewebe sorgt f\u00fcr eine zuverl\u00e4ssige Funktionalit\u00e4t. Mit Rei\u00dfverschlusstaschen f\u00fcr mehr Sicherheit gegen Langfinger. Unser Produkt wird mit Eco-Finish hergestellt, das umweltvertr\u00e4glich und wasserabweisend ist und ohne Fluorcarbone (PFC) auskommt. Das VAUDE Green Shape-Label steht f\u00fcr ein umweltvertr\u00e4gliches und funktionelles Produkt aus nachhaltigen Materialien. <\/p>\n<p>Women&#8217;s Farley Stretch Capri T-Zip II<br \/>\nDamen Stretch Hose zum Wandern: Unser Klassiker mit T-Zips. Besonders bequeme Wanderhose, Trekkinghose und Outdoorhose f\u00fcr Damen mit abnehmbaren Beinen<br \/>\nVerschluss: Rei\u00dfverschluss<br \/>\nHauptstoff: 89% Polyamid, 11% Elastan<br \/>\nFarley Stretch Capri T-Zip II<br \/>\nModellnummer: 4577<br \/>\nErstklassiger Tragekomfort: Dank dem bequemen und elastischen Stretch Bund, des dehnbaren Materials und der vorgeformten Kniepartien ist die Outdoor Camping Hose f\u00fcr Frauen sehr angenehm zu tragen<br \/>\n\u00c4u\u00dferst pflegeleicht und schnell trocknend: Das schnell trocknende Gewebe der wasserabweisenden und bequemen Damenhose und das pflegeleichte Material sorgen f\u00fcr eine zuverl\u00e4ssige Funktionalit\u00e4t<br \/>\nWasserabweisende Hose f\u00fcr Damen: Unsere Outdoor Hose f\u00fcr Damen wird mit umweltschonenden und wasserabweisenden Eco Finish und ohne Verwendung von Fluorcarbonen hergestellt (PFC frei)<br \/>\nGreen Shape Label: Funktionelle und umweltvertr\u00e4gliche Zip Off Hose f\u00fcr Damen aus nachhaltigen Materialien. Bei der Herstellung wird auf faire Arbeitsbedingungen in der gesamten Lieferkette geachtet<br \/>\n<div class=\"main-cross-sell\" data-asin=\"B00BL9E2AI\">\n\n\t<div class=\"WooZone-cross-sell-loader\">\n\t\t<div>\n\t\t\t<div id=\"floatingBarsG\">\n\t\t\t\t<div class=\"blockG\" id=\"rotateG_01\"><\/div>\n\t\t\t\t<div class=\"blockG\" id=\"rotateG_02\"><\/div>\n\t\t\t\t<div class=\"blockG\" id=\"rotateG_03\"><\/div>\n\t\t\t\t<div class=\"blockG\" id=\"rotateG_04\"><\/div>\n\t\t\t\t<div class=\"blockG\" id=\"rotateG_05\"><\/div>\n\t\t\t\t<div class=\"blockG\" id=\"rotateG_06\"><\/div>\n\t\t\t\t<div class=\"blockG\" id=\"rotateG_07\"><\/div>\n\t\t\t\t<div class=\"blockG\" id=\"rotateG_08\"><\/div>\n\t\t\t<\/div>\n\t\t\t<div class=\"WooZone-cross-sell-loader-text\"><\/div>\n\t\t<\/div>\n\t<\/div>\n\n\t\t\n<\/div>\n<div style=\"clear:both;\"><\/div><\/p>\n","protected":false},"excerpt":{"rendered":"<p>Women&#8217;s Farley Stretch Capri T-Zip II<br \/>\nDamen Stretch Hose zum Wandern: Unser Klassiker mit T-Zips. Besonders bequeme Wanderhose, Trekkinghose und Outdoorhose f\u00fcr Damen mit abnehmbaren Beinen<br \/>\nVerschluss: Rei\u00dfverschluss<\/p>\n","protected":false},"featured_media":17060,"comment_status":"open","ping_status":"closed","template":"","meta":[],"product_cat":[37],"product_tag":[],"_links":{"self":[{"href":"http:\/\/campingland24.com\/index.php?rest_route=\/wp\/v2\/product\/17059"}],"collection":[{"href":"http:\/\/campingland24.com\/index.php?rest_route=\/wp\/v2\/product"}],"about":[{"href":"http:\/\/campingland24.com\/index.php?rest_route=\/wp\/v2\/types\/product"}],"replies":[{"embeddable":true,"href":"http:\/\/campingland24.com\/index.php?rest_route=%2Fwp%2Fv2%2Fcomments&post=17059"}],"version-history":[{"count":3,"href":"http:\/\/campingland24.com\/index.php?rest_route=\/wp\/v2\/product\/17059\/revisions"}],"predecessor-version":[{"id":19302,"href":"http:\/\/campingland24.com\/index.php?rest_route=\/wp\/v2\/product\/17059\/revisions\/19302"}],"wp:featuredmedia":[{"embeddable":true,"href":"http:\/\/campingland24.com\/index.php?rest_route=\/wp\/v2\/media\/17060"}],"wp:attachment":[{"href":"http:\/\/campingland24.com\/index.php?rest_route=%2Fwp%2Fv2%2Fmedia&parent=17059"}],"wp:term":[{"taxonomy":"product_cat","embeddable":true,"href":"http:\/\/campingland24.com\/index.php?rest_route=%2Fwp%2Fv2%2Fproduct_cat&post=17059"},{"taxonomy":"product_tag","embeddable":true,"href":"http:\/\/campingland24.com\/index.php?rest_route=%2Fwp%2Fv2%2Fproduct_tag&post=17059"}],"curies":[{"name":"wp","href":"https:\/\/api.w.org\/{rel}","templated":true}]}}