{"id":17063,"date":"2021-07-29T21:41:02","date_gmt":"2021-07-29T21:41:02","guid":{"rendered":"http:\/\/campingland24.com\/?product=kefitevd-laufshirt-herren-half-zip-atmungsaktiv-sportshirt-fleece-stehkragen-sweatshirt-langarm-stretch-gym-running-shirt"},"modified":"2023-02-23T18:52:06","modified_gmt":"2023-02-23T18:52:06","slug":"kefitevd-laufshirt-herren-half-zip-atmungsaktiv-sportshirt-fleece-stehkragen-sweatshirt-langarm-stretch-gym-running-shirt","status":"publish","type":"product","link":"http:\/\/campingland24.com\/?product=kefitevd-laufshirt-herren-half-zip-atmungsaktiv-sportshirt-fleece-stehkragen-sweatshirt-langarm-stretch-gym-running-shirt","title":{"rendered":"KEFITEVD Fleece Pullover Herren Half Zip Langarm Funktionsshirt Warm Wanderpullover Atmungsaktiv Sportshirt Ski Fahrrad\u2026"},"content":{"rendered":"<p><!-- show up to 2 reviews by default --> <\/p>\n<p><b>KEFITEVD Laufshirt Herren Half Zip Stretch Atmungsaktiv Sportshirt Langarm Sport Oberteil<\/b><\/p>\n<p><b>Material:<\/b> 92% Polyester &amp; 8% Elasthan<br \/><b>Passform:<\/b> Slim Fit<br \/><b>Kragen:<\/b> Stehkragen mit 1\/2 Zip<br \/><b>Stil:<\/b> l\u00e4ssig und sportiv<br \/><b>Extras:<\/b> Innenseite mit kuscheligem Fleece<br \/><b>Einsatzbereich:<\/b> Allt\u00e4glichkeit, Joggen, Running, Training, Fitness, Gym, Radfahren, Wandern, Trekking, Safari, Angeln, Camping, Golf, Klettern, Arbeit, Freizeit<\/p>\n<p><b>Hinweis:<\/b><br \/> 1. Die Hersteller-Gr\u00f6\u00dfe auf dem Etikett am Bekleidungsst\u00fcck ist asiatischen Standard gem\u00e4\u00df gekennzeichnet und kann anders als die gew\u00e4hlte Gr\u00f6\u00dfe sein.<br \/> 2. Aufgrund unterschiedlicher Monitore, Lichtquelle, Umgebungsfaktoren usw. kann es zu geringf\u00fcgigen Farbabweichungen kommen. <\/p>\n<p>Material: 92% Polyester &amp; 8% Elasthan<br \/>\nWeich &amp; elastisch: das weiche Stretchmaterial bietet Ihnen viele Bewegungsfreiheit an<br \/>\nAtmungsaktiv &amp; warm: das feuchtigkeitstransportierende Material h\u00e4lt Sie angenehm frisch, Innenseite mit kuscheligem Microfleece zum warmen Tragekomfort<br \/>\nModellnummer: KEF-192-EU-Navy Blue-M<br \/>\n1\/2 Rei\u00dfverschluss: praktische \u00d6ffnung zur guten Bel\u00fcftung nach Bewegen, Rei\u00dfverschluss mit Deckung vermindert die Reibung zwischen Kinn und Zip<br \/>\nIdeal f\u00fcr Allt\u00e4glichkeit, Jogging, Running, Training, Fitness, Gym, Radfahren, Wandern, Trekking, Jagd, Angeln, Camping, Golf, Klettern, Arbeit, Freizeit<br \/>\n<div class=\"main-cross-sell\" data-asin=\"B08QHXL4PQ\">\n\n\t<div class=\"WooZone-cross-sell-loader\">\n\t\t<div>\n\t\t\t<div id=\"floatingBarsG\">\n\t\t\t\t<div class=\"blockG\" id=\"rotateG_01\"><\/div>\n\t\t\t\t<div class=\"blockG\" id=\"rotateG_02\"><\/div>\n\t\t\t\t<div class=\"blockG\" id=\"rotateG_03\"><\/div>\n\t\t\t\t<div class=\"blockG\" id=\"rotateG_04\"><\/div>\n\t\t\t\t<div class=\"blockG\" id=\"rotateG_05\"><\/div>\n\t\t\t\t<div class=\"blockG\" id=\"rotateG_06\"><\/div>\n\t\t\t\t<div class=\"blockG\" id=\"rotateG_07\"><\/div>\n\t\t\t\t<div class=\"blockG\" id=\"rotateG_08\"><\/div>\n\t\t\t<\/div>\n\t\t\t<div class=\"WooZone-cross-sell-loader-text\"><\/div>\n\t\t<\/div>\n\t<\/div>\n\n\t\t\n<\/div>\n<div style=\"clear:both;\"><\/div><\/p>\n","protected":false},"excerpt":{"rendered":"<p>Material: 92% Polyester &amp; 8% Elasthan<br \/>\nWeich &amp; elastisch: das weiche Stretchmaterial bietet Ihnen viele Bewegungsfreiheit an<br \/>\nAtmungsaktiv &amp; warm: das feuchtigkeitstransportierende Material h\u00e4lt Sie angenehm frisch, Innenseite mit kuscheligem Microfleece zum warmen Tragekomfort<\/p>\n","protected":false},"featured_media":17064,"comment_status":"open","ping_status":"closed","template":"","meta":[],"product_cat":[37],"product_tag":[],"_links":{"self":[{"href":"http:\/\/campingland24.com\/index.php?rest_route=\/wp\/v2\/product\/17063"}],"collection":[{"href":"http:\/\/campingland24.com\/index.php?rest_route=\/wp\/v2\/product"}],"about":[{"href":"http:\/\/campingland24.com\/index.php?rest_route=\/wp\/v2\/types\/product"}],"replies":[{"embeddable":true,"href":"http:\/\/campingland24.com\/index.php?rest_route=%2Fwp%2Fv2%2Fcomments&post=17063"}],"version-history":[{"count":2,"href":"http:\/\/campingland24.com\/index.php?rest_route=\/wp\/v2\/product\/17063\/revisions"}],"predecessor-version":[{"id":19539,"href":"http:\/\/campingland24.com\/index.php?rest_route=\/wp\/v2\/product\/17063\/revisions\/19539"}],"wp:featuredmedia":[{"embeddable":true,"href":"http:\/\/campingland24.com\/index.php?rest_route=\/wp\/v2\/media\/17064"}],"wp:attachment":[{"href":"http:\/\/campingland24.com\/index.php?rest_route=%2Fwp%2Fv2%2Fmedia&parent=17063"}],"wp:term":[{"taxonomy":"product_cat","embeddable":true,"href":"http:\/\/campingland24.com\/index.php?rest_route=%2Fwp%2Fv2%2Fproduct_cat&post=17063"},{"taxonomy":"product_tag","embeddable":true,"href":"http:\/\/campingland24.com\/index.php?rest_route=%2Fwp%2Fv2%2Fproduct_tag&post=17063"}],"curies":[{"name":"wp","href":"https:\/\/api.w.org\/{rel}","templated":true}]}}