{"id":17067,"date":"2021-07-29T21:42:39","date_gmt":"2021-07-29T21:42:39","guid":{"rendered":"http:\/\/campingland24.com\/?product=adidas-herren-sport-trousers-core18-rn-pnt"},"modified":"2023-02-23T18:52:06","modified_gmt":"2023-02-23T18:52:06","slug":"adidas-herren-sport-trousers-core18-rn-pnt","status":"publish","type":"product","link":"http:\/\/campingland24.com\/?product=adidas-herren-sport-trousers-core18-rn-pnt","title":{"rendered":"adidas Herren Herren Hose Core18 Hose"},"content":{"rendered":"<p><!-- show up to 2 reviews by default --> <\/p>\n<p>Hose f\u00fcr regnerische Tage im Feld: wenn es Regnet oder Sonnenschein gibt, geben Sie das Spiel nicht auf. Halten Sie das Wetter mit dieser Fu\u00dfballhose f\u00fcr M\u00e4nner fern. Die Rei\u00dfverschl\u00fcsse an den Kn\u00f6cheln erleichtern das An- und Ausziehen. Die Taschen mit \u00d6ffnungen und elastischen R\u00e4ndern erh\u00f6hen die Praktikabilit\u00e4t und den Schutz. <\/p>\n<p>Regular Fit<br \/>\nFront pockets<br \/>\nVerschluss: Ohne Verschluss<br \/>\n100% Polyester<br \/>\nCORE18 PRE PNT<br \/>\nPflegehinweis: Maschinenw\u00e4sche<br \/>\nModellnummer: CV3690<br \/>\nElastic waistband with lanyard<br \/>\n<div class=\"main-cross-sell\" data-asin=\"B076HPGXWG\">\n\n\t<div class=\"WooZone-cross-sell-loader\">\n\t\t<div>\n\t\t\t<div id=\"floatingBarsG\">\n\t\t\t\t<div class=\"blockG\" id=\"rotateG_01\"><\/div>\n\t\t\t\t<div class=\"blockG\" id=\"rotateG_02\"><\/div>\n\t\t\t\t<div class=\"blockG\" id=\"rotateG_03\"><\/div>\n\t\t\t\t<div class=\"blockG\" id=\"rotateG_04\"><\/div>\n\t\t\t\t<div class=\"blockG\" id=\"rotateG_05\"><\/div>\n\t\t\t\t<div class=\"blockG\" id=\"rotateG_06\"><\/div>\n\t\t\t\t<div class=\"blockG\" id=\"rotateG_07\"><\/div>\n\t\t\t\t<div class=\"blockG\" id=\"rotateG_08\"><\/div>\n\t\t\t<\/div>\n\t\t\t<div class=\"WooZone-cross-sell-loader-text\"><\/div>\n\t\t<\/div>\n\t<\/div>\n\n\t\t\n<\/div>\n<div style=\"clear:both;\"><\/div><\/p>\n","protected":false},"excerpt":{"rendered":"<p>Regular Fit<br \/>\nFront pockets<br \/>\nVerschluss: Ohne Verschluss<\/p>\n","protected":false},"featured_media":17068,"comment_status":"open","ping_status":"closed","template":"","meta":[],"product_cat":[37],"product_tag":[],"_links":{"self":[{"href":"http:\/\/campingland24.com\/index.php?rest_route=\/wp\/v2\/product\/17067"}],"collection":[{"href":"http:\/\/campingland24.com\/index.php?rest_route=\/wp\/v2\/product"}],"about":[{"href":"http:\/\/campingland24.com\/index.php?rest_route=\/wp\/v2\/types\/product"}],"replies":[{"embeddable":true,"href":"http:\/\/campingland24.com\/index.php?rest_route=%2Fwp%2Fv2%2Fcomments&post=17067"}],"version-history":[{"count":2,"href":"http:\/\/campingland24.com\/index.php?rest_route=\/wp\/v2\/product\/17067\/revisions"}],"predecessor-version":[{"id":19113,"href":"http:\/\/campingland24.com\/index.php?rest_route=\/wp\/v2\/product\/17067\/revisions\/19113"}],"wp:featuredmedia":[{"embeddable":true,"href":"http:\/\/campingland24.com\/index.php?rest_route=\/wp\/v2\/media\/17068"}],"wp:attachment":[{"href":"http:\/\/campingland24.com\/index.php?rest_route=%2Fwp%2Fv2%2Fmedia&parent=17067"}],"wp:term":[{"taxonomy":"product_cat","embeddable":true,"href":"http:\/\/campingland24.com\/index.php?rest_route=%2Fwp%2Fv2%2Fproduct_cat&post=17067"},{"taxonomy":"product_tag","embeddable":true,"href":"http:\/\/campingland24.com\/index.php?rest_route=%2Fwp%2Fv2%2Fproduct_tag&post=17067"}],"curies":[{"name":"wp","href":"https:\/\/api.w.org\/{rel}","templated":true}]}}