{"id":17075,"date":"2021-07-29T21:42:43","date_gmt":"2021-07-29T21:42:43","guid":{"rendered":"http:\/\/campingland24.com\/?product=mizuno-inspire-kurz-tight-women-s"},"modified":"2023-02-23T18:52:06","modified_gmt":"2023-02-23T18:52:06","slug":"mizuno-inspire-kurz-tight-women-s","status":"publish","type":"product","link":"http:\/\/campingland24.com\/?product=mizuno-inspire-kurz-tight-women-s","title":{"rendered":"Mizuno Inspire Kurz Tight Women &#8217;s"},"content":{"rendered":"<p><!-- show up to 2 reviews by default --><br \/>\nDryLite Feuchtigkeit Management Material<br \/>\n10,2 cm Hosenl\u00e4nge<br \/>\n4 Nadel Flatlock-N\u00e4hte<br \/>\nStretch Mesh-Eins\u00e4tze f\u00fcr Bel\u00fcftung<br \/>\nReflex-Logo und Akzente vorne und hinten<br \/>\n<div class=\"main-cross-sell\" data-asin=\"B003YL35F4\">\n\n\t<div class=\"WooZone-cross-sell-loader\">\n\t\t<div>\n\t\t\t<div id=\"floatingBarsG\">\n\t\t\t\t<div class=\"blockG\" id=\"rotateG_01\"><\/div>\n\t\t\t\t<div class=\"blockG\" id=\"rotateG_02\"><\/div>\n\t\t\t\t<div class=\"blockG\" id=\"rotateG_03\"><\/div>\n\t\t\t\t<div class=\"blockG\" id=\"rotateG_04\"><\/div>\n\t\t\t\t<div class=\"blockG\" id=\"rotateG_05\"><\/div>\n\t\t\t\t<div class=\"blockG\" id=\"rotateG_06\"><\/div>\n\t\t\t\t<div class=\"blockG\" id=\"rotateG_07\"><\/div>\n\t\t\t\t<div class=\"blockG\" id=\"rotateG_08\"><\/div>\n\t\t\t<\/div>\n\t\t\t<div class=\"WooZone-cross-sell-loader-text\"><\/div>\n\t\t<\/div>\n\t<\/div>\n\n\t\t\n<\/div>\n<div style=\"clear:both;\"><\/div><\/p>\n","protected":false},"excerpt":{"rendered":"<p>DryLite Feuchtigkeit Management Material<br \/>\n10,2 cm Hosenl\u00e4nge<br \/>\n4 Nadel Flatlock-N\u00e4hte<\/p>\n","protected":false},"featured_media":17076,"comment_status":"open","ping_status":"closed","template":"","meta":[],"product_cat":[37],"product_tag":[],"_links":{"self":[{"href":"http:\/\/campingland24.com\/index.php?rest_route=\/wp\/v2\/product\/17075"}],"collection":[{"href":"http:\/\/campingland24.com\/index.php?rest_route=\/wp\/v2\/product"}],"about":[{"href":"http:\/\/campingland24.com\/index.php?rest_route=\/wp\/v2\/types\/product"}],"replies":[{"embeddable":true,"href":"http:\/\/campingland24.com\/index.php?rest_route=%2Fwp%2Fv2%2Fcomments&post=17075"}],"version-history":[{"count":1,"href":"http:\/\/campingland24.com\/index.php?rest_route=\/wp\/v2\/product\/17075\/revisions"}],"predecessor-version":[{"id":18722,"href":"http:\/\/campingland24.com\/index.php?rest_route=\/wp\/v2\/product\/17075\/revisions\/18722"}],"wp:featuredmedia":[{"embeddable":true,"href":"http:\/\/campingland24.com\/index.php?rest_route=\/wp\/v2\/media\/17076"}],"wp:attachment":[{"href":"http:\/\/campingland24.com\/index.php?rest_route=%2Fwp%2Fv2%2Fmedia&parent=17075"}],"wp:term":[{"taxonomy":"product_cat","embeddable":true,"href":"http:\/\/campingland24.com\/index.php?rest_route=%2Fwp%2Fv2%2Fproduct_cat&post=17075"},{"taxonomy":"product_tag","embeddable":true,"href":"http:\/\/campingland24.com\/index.php?rest_route=%2Fwp%2Fv2%2Fproduct_tag&post=17075"}],"curies":[{"name":"wp","href":"https:\/\/api.w.org\/{rel}","templated":true}]}}