{"id":17086,"date":"2021-07-29T21:42:46","date_gmt":"2021-07-29T21:42:46","guid":{"rendered":"http:\/\/campingland24.com\/?product=geographical-norway-upaline-damen-fleecejacke"},"modified":"2023-02-23T18:52:07","modified_gmt":"2023-02-23T18:52:07","slug":"geographical-norway-upaline-damen-fleecejacke","status":"publish","type":"product","link":"http:\/\/campingland24.com\/?product=geographical-norway-upaline-damen-fleecejacke","title":{"rendered":"Geographical Norway Upaline Lady &#8211; Fleece Fine Frauen Warm Fermetur Zip &#8211; Jacke Herbst Winter Fr\u00fchling Warm Frauen\u2026"},"content":{"rendered":"<p>  .aplus-tech-spec-hide-loading { visibility: visible !important; }  <\/p>\n<div class=\"celwidget aplus-module module-2 aplus-standard\">\n<div data-a-expander-name=\"aplus-module-expander\" data-a-expander-collapsed-height=\"700\" class=\"a-expander-collapsed-height a-row a-expander-container a-expander-partial-collapse-container\">\n<div class=\"a-expander-content a-expander-partial-collapse-content\">\n<div class=\"aplus-module-wrapper apm-floatnone apm-fixed-width\">\n<div class=\"apm-sidemodule apm-spacing\">\n<div class=\"apm-sidemodule-imageleft\"> <img alt=\"Parka, Jacke, Jacke, Jacke, Daunenjacke, wasserdicht, Skifahren, Berge, Herren, Winter, Windschutz, Anorak, Jacke, Outdoor\" src=\"https:\/\/images-na.ssl-images-amazon.com\/images\/G\/01\/x-locale\/common\/grey-pixel.gif\" class=\"a-lazy-loaded\" data-src=\"https:\/\/m.media-amazon.com\/images\/S\/aplus-media\/sc\/4d5f3944-6ab6-48e6-918b-fc5a87fdc502.__CR181,0,601,601_PT0_SX300_V1___.jpg\"><img alt=\"Parka, Jacke, Jacke, Jacke, Daunenjacke, wasserdicht, Skifahren, Berge, Herren, Winter, Windschutz, Anorak, Jacke, Outdoor\" src=\"https:\/\/m.media-amazon.com\/images\/S\/aplus-media\/sc\/4d5f3944-6ab6-48e6-918b-fc5a87fdc502.__CR181,0,601,601_PT0_SX300_V1___.jpg\"> <\/div>\n<div class=\"apm-sidemodule-textright\">\n<h3 class=\"a-spacing-mini\"> Erkunden Sie die Welt mit Geographical Norway <\/h3>\n<p> Geographical Norway wurde im Jahr 2005 gegr\u00fcndet und hat sich mit gr\u00f6\u00dfter Sorgfalt im Bereich der Sportswear und Outdoor-Sportarten durchgesetzt. <\/p>\n<\/p><\/div>\n<\/p><\/div>\n<\/p><\/div>\n<div><\/div>\n<\/p><\/div>\n<div class=\"a-expander-header a-expander-partial-collapse-header a-text-left\">\n<div class=\"a-expander-content-fade\"><\/div>\n<p><a href=\"void(0)\" data-action=\"a-expander-toggle\" class=\"a-declarative\" data-a-expander-toggle=\"{\"><i class=\"a-icon a-icon-extender-expand\"><\/i><span class=\"a-expander-prompt\">Mehr lesen<\/span><\/a><\/div>\n<\/p><\/div>\n<\/p><\/div>\n<div class=\"celwidget aplus-module 3p-module-b aplus-standard\">\n<div class=\"aplus-module-wrapper aplus-3p-fixed-width\">\n<h3 class=\"a-spacing-mini\"> Ausgezeichnetes Preis-Leistungs-Verh\u00e4ltnis mit Geographical Norway <\/h3>\n<p> <img alt=\"Kapuzenpullover, Hoodie, Sweatshirt, Sport, Komfort \" src=\"https:\/\/images-na.ssl-images-amazon.com\/images\/G\/01\/x-locale\/common\/grey-pixel.gif\" class=\"a-spacing-base a-lazy-loaded\" data-src=\"https:\/\/m.media-amazon.com\/images\/S\/aplus-media\/sc\/a2453975-3312-442e-b694-562d406abc8c.__CR333,0,1374,850_PT0_SX970_V1___.jpg\"><img alt=\"Kapuzenpullover, Hoodie, Sweatshirt, Sport, Komfort \" src=\"https:\/\/m.media-amazon.com\/images\/S\/aplus-media\/sc\/a2453975-3312-442e-b694-562d406abc8c.__CR333,0,1374,850_PT0_SX970_V1___.jpg\"> <\/p>\n<p class=\"a-spacing-base\"> Urspr\u00fcnglich auf Wintersportarten spezialisierte Geographical Norway bietet die ideale Skibekleidung f\u00fcr den Genuss der Schneestrecken. Heute hat die Marke ihre Bekleidungssortimente erheblich erweitert und umfasst mehrere Welten des m\u00e4nnlichen, femininen und Kinderkleiders. Geographical Norway steht f\u00fcr anspruchsvolle Kunden, Sport-Liebhaber, Mode, Komfort und die Suche nach qualitativ hochwertigen Produkten. Die Marke ist auch f\u00fcr die warmen Farben ihrer Kreationen sowie f\u00fcr die Verwendung von Materialien bei niedrigen Temperaturen beliebt. <\/p>\n<\/p><\/div>\n<\/p><\/div>\n<div class=\"celwidget aplus-module module-9 aplus-standard\">\n<div data-a-expander-name=\"aplus-module-expander\" data-a-expander-collapsed-height=\"700\" class=\"a-expander-collapsed-height a-row a-expander-container a-expander-partial-collapse-container\">\n<div class=\"a-expander-content a-expander-partial-collapse-content\">\n<div class=\"aplus-module-wrapper apm-fixed-width\">\n<div class=\"apm-spacing apm-fixed-width\">\n<h3 class=\"a-spacing-small\"> Entdecken Sie unsere Welt <\/h3>\n<table class=\"apm-fixed-width apm-eventhirdcol-table\">\n<tbody>\n<tr>\n<th class=\"apm-center\">\n<div class=\"apm-eventhirdcol apm-floatleft\">\n<p> <img alt=\"PULL\" src=\"https:\/\/images-na.ssl-images-amazon.com\/images\/G\/01\/x-locale\/common\/grey-pixel.gif\" class=\"a-spacing-mini a-lazy-loaded\" data-src=\"https:\/\/m.media-amazon.com\/images\/S\/aplus-media\/sc\/3381a5fa-b044-45fd-98c1-be005eeae151.__CR661,0,850,850_PT0_SX300_V1___.jpg\"><\/p>\n<p><img alt=\"PULL\" src=\"https:\/\/m.media-amazon.com\/images\/S\/aplus-media\/sc\/3381a5fa-b044-45fd-98c1-be005eeae151.__CR661,0,850,850_PT0_SX300_V1___.jpg\"> <\/div>\n<\/th>\n<th class=\"apm-center\">\n<div class=\"apm-eventhirdcol apm-floatleft\">\n<p> <img alt=\"Pull.\" src=\"https:\/\/images-na.ssl-images-amazon.com\/images\/G\/01\/x-locale\/common\/grey-pixel.gif\" class=\"a-spacing-mini a-lazy-loaded\" data-src=\"https:\/\/m.media-amazon.com\/images\/S\/aplus-media\/sc\/cc15a0ff-d2e1-45a5-978b-2b27bcc3eb50.__CR0,82,410,410_PT0_SX300_V1___.png\"><\/p>\n<p><img alt=\"Pull.\" src=\"https:\/\/m.media-amazon.com\/images\/S\/aplus-media\/sc\/cc15a0ff-d2e1-45a5-978b-2b27bcc3eb50.__CR0,82,410,410_PT0_SX300_V1___.png\"> <\/div>\n<\/th>\n<th class=\"apm-center\">\n<div class=\"apm-eventhirdcol apm-floatleft\">\n<p> <img alt=\"Pull.\" src=\"https:\/\/images-na.ssl-images-amazon.com\/images\/G\/01\/x-locale\/common\/grey-pixel.gif\" class=\"a-spacing-mini a-lazy-loaded\" data-src=\"https:\/\/m.media-amazon.com\/images\/S\/aplus-media\/sc\/55277399-de91-4df9-b4dc-52b13d52110f.__CR638,0,850,850_PT0_SX300_V1___.jpg\"><\/p>\n<p><img alt=\"Pull.\" src=\"https:\/\/m.media-amazon.com\/images\/S\/aplus-media\/sc\/55277399-de91-4df9-b4dc-52b13d52110f.__CR638,0,850,850_PT0_SX300_V1___.jpg\"> <\/div>\n<\/th>\n<\/tr>\n<tr>\n<td class=\"apm-top\">\n<div class=\"apm-eventhirdcol apm-floatleft\">\n<h4 class=\"a-spacing-mini\"> Komfort f\u00fcr den Alltag. <\/h4>\n<p> Die Fleecejacken UPALINE LADY sorgen f\u00fcr sofortige W\u00e4rme und sind angenehm warm. <\/p>\n<p> Diese Jacke ist perfekt, um sich warm zu f\u00fchlen. <\/p>\n<p> Ob zu Hause, in der Stadt oder im Urlaub. <\/p>\n<\/p><\/div>\n<\/td>\n<td class=\"apm-top\">\n<div class=\"apm-eventhirdcol apm-floatleft\">\n<h4 class=\"a-spacing-mini\"> W\u00e4hlen Sie Ihren Stil. <\/h4>\n<p> Dank der gro\u00dfen Farbauswahl w\u00e4hlen Sie die passende Gr\u00f6\u00dfe. <\/p>\n<p> Schwarz, Wei\u00df oder bunt. <\/p>\n<\/p><\/div>\n<\/td>\n<td class=\"apm-top\">\n<div class=\"apm-eventhirdcol apm-floatleft\">\n<h4 class=\"a-spacing-mini\"> Ideal zum Warmhalten <\/h4>\n<p> Dank des hochwertigen Materials h\u00e4lt diese Jacke den ganzen Tag warm. <\/p>\n<p> In der Jacke im Herbst oder Fr\u00fchling, unter einem Mantel im Winter sind Sie immer warm <\/p>\n<\/p><\/div>\n<\/td>\n<\/tr>\n<\/tbody>\n<\/table>\n<\/div><\/div>\n<div><\/div>\n<\/p><\/div>\n<div class=\"a-expander-header a-expander-partial-collapse-header a-text-left\">\n<div class=\"a-expander-content-fade\"><\/div>\n<p><a href=\"void(0)\" data-action=\"a-expander-toggle\" class=\"a-declarative\" data-a-expander-toggle=\"{\"><i class=\"a-icon a-icon-extender-expand\"><\/i><span class=\"a-expander-prompt\">Mehr lesen<\/span><\/a><\/div>\n<\/p><\/div>\n<\/p><\/div>\n<div class=\"celwidget aplus-module module-5 aplus-standard\">\n<div class=\"aplus-module-wrapper apm-fixed-width\">\n<div class=\"apm-spacing aplus-module-content\">\n<div class=\"apm-tablemodule\">\n<table class=\"apm-tablemodule-table\" cellspacing=\"0\" cellpadding=\"0\">\n<tbody>\n<tr class=\"apm-tablemodule-imagerows\">\n<th class=\"apm-tablemodule-blankkeyhead\"> <\/th>\n<th class=\"apm-tablemodule-image \"> <a href=\"\/dp\/B08125K6BY\/ref=emc_b_5_i\"> <img alt=\"Jacke, Daunenjacke, Parka, Winter, Skifahren, Wandern, Fleece, wasserdicht, Jacke, Komfort, Mode, Komfort\" src=\"https:\/\/m.media-amazon.com\/images\/S\/aplus-media\/sc\/5987f5f0-e33b-4f48-83dc-b0c17857f25e.__CR140,0,365,730_PT0_SX150_V1___.jpg\" width=\"121.66666666666667px\"><\/a> <\/th>\n<th class=\"apm-tablemodule-image \"> <a href=\"\/dp\/B08P287VG6\/ref=emc_b_5_i\"> <img alt=\"Jacke, Daunenjacke, Parka, Winter, Skifahren, Wandern, Fleece, wasserdicht, Jacke, Komfort, Mode, Komfort\" src=\"https:\/\/m.media-amazon.com\/images\/S\/aplus-media\/sc\/04a96a70-f450-4e7d-845a-fd00cec5c78c.__CR173,0,364,727_PT0_SX150_V1___.jpg\" width=\"121.66666666666667px\"><\/a> <\/th>\n<th class=\"apm-tablemodule-image \"> <a href=\"\/dp\/B08P269W8T\/ref=emc_b_5_i\"> <img alt=\"Jacke, Daunenjacke, Parka, Winter, Skifahren, Wandern, Fleece, wasserdicht, Jacke, Komfort, Mode, Komfort\" src=\"https:\/\/m.media-amazon.com\/images\/S\/aplus-media\/sc\/a37df641-b2ca-4374-840c-2349c51daadf.__CR183,0,365,729_PT0_SX150_V1___.jpg\" width=\"121.66666666666667px\"><\/a> <\/th>\n<th class=\"apm-tablemodule-image \"> <a href=\"\/dp\/B08P25RX5V\/ref=emc_b_5_i\"> <img alt=\"Jacke, Daunenjacke, Parka, Winter, Skifahren, Wandern, Fleece, wasserdicht, Jacke, Komfort, Mode, Komfort\" src=\"https:\/\/m.media-amazon.com\/images\/S\/aplus-media\/sc\/8879c223-e725-42ae-93e6-83390b1389af.__CR187,0,363,726_PT0_SX150_V1___.jpg\" width=\"121.66666666666667px\"><\/a> <\/th>\n<th class=\"apm-tablemodule-image \"> <a href=\"\/dp\/B08P271L1K\/ref=emc_b_5_i\"> <img alt=\"Jacke, Daunenjacke, Parka, Winter, Skifahren, Wandern, Fleece, wasserdicht, Jacke, Komfort, Mode, Komfort\" src=\"https:\/\/m.media-amazon.com\/images\/S\/aplus-media\/sc\/ebe479fe-305e-4a48-a83f-31c9a86e22a0.__CR166,0,364,728_PT0_SX150_V1___.jpg\" width=\"121.66666666666667px\"><\/a> <\/th>\n<th class=\"apm-tablemodule-image \"> <img alt=\"Pullover-Sweatshirt. \" src=\"https:\/\/m.media-amazon.com\/images\/S\/aplus-media\/sc\/d7afe0c2-31a9-49cc-ba5f-d2178ac00dc0.__CR167,0,362,723_PT0_SX150_V1___.jpg\" width=\"121.66666666666667px\"><\/th>\n<\/tr>\n<tr class=\"apm-tablemodule-imagerows\">\n<th class=\"apm-tablemodule-blankkeyhead\"> <\/th>\n<th> <a href=\"\/dp\/B08125K6BY\/ref=emc_b_5_t\"> Geographical Norway UPALINE LADY Hellgrau <\/a> <\/th>\n<th> <a href=\"\/dp\/B08P287VG6\/ref=emc_b_5_t\"> Geographical Norway UPALINE LADY Olive <\/a> <\/th>\n<th> <a href=\"\/dp\/B08P269W8T\/ref=emc_b_5_t\"> Geographical Norway UPALINE LADY Rosa <\/a> <\/th>\n<th> <a href=\"\/dp\/B08P25RX5V\/ref=emc_b_5_t\"> Geographical Norway UPALINE LADY Lachs <\/a> <\/th>\n<th> <a href=\"\/dp\/B08P271L1K\/ref=emc_b_5_t\"> Geographical Norway UPALINE LADY Rot <\/a> <\/th>\n<th> <\/th>\n<\/tr>\n<\/tbody>\n<\/table>\n<\/div><\/div>\n<\/p><\/div>\n<div><\/div>\n<\/p><\/div>\n<div class=\"celwidget aplus-module module-5 aplus-standard\">\n<div class=\"aplus-module-wrapper apm-fixed-width\">\n<div class=\"apm-spacing aplus-module-content\">\n<div class=\"apm-tablemodule\">\n<table class=\"apm-tablemodule-table\" cellspacing=\"0\" cellpadding=\"0\">\n<tbody>\n<tr class=\"apm-tablemodule-imagerows\">\n<th class=\"apm-tablemodule-blankkeyhead\"> <\/th>\n<th class=\"apm-tablemodule-image \"> <a href=\"\/dp\/B07ZS6ZWNR\/ref=emc_b_5_i\"> <img alt=\"Kapuzenpullover, Hoodie, Sweatshirt, Sport, Komfort \" src=\"https:\/\/m.media-amazon.com\/images\/S\/aplus-media\/sc\/65aca4f0-7efe-4975-87fe-10907c3d7fdc.__CR245,0,450,900_PT0_SX150_V1___.jpg\" width=\"121.66666666666667px\"><\/a> <\/th>\n<th class=\"apm-tablemodule-image \"> <a href=\"\/dp\/B08Q4MFGQN\/ref=emc_b_5_i\"> <img alt=\"Kapuzenpullover, Hoodie, Sweatshirt, Sport, Komfort \" src=\"https:\/\/m.media-amazon.com\/images\/S\/aplus-media\/sc\/b2658d47-b4e1-4804-9419-ee22728ca8bd.__CR327,0,600,1200_PT0_SX150_V1___.jpg\" width=\"121.66666666666667px\"><\/a> <\/th>\n<th class=\"apm-tablemodule-image \"> <a href=\"\/dp\/B08Q4L5BPF\/ref=emc_b_5_i\"> <img alt=\"Damen Parka\" src=\"https:\/\/m.media-amazon.com\/images\/S\/aplus-media\/sc\/3fc1e28c-28a0-4351-bca0-20b96a0c4e63.__CR277,0,553,1106_PT0_SX150_V1___.jpg\" width=\"121.66666666666667px\"><\/a> <\/th>\n<th class=\"apm-tablemodule-image \"> <a href=\"\/dp\/B08NXPMYFX\/ref=emc_b_5_i\"> <img alt=\"Damen-Kapuzenpullover\" src=\"https:\/\/m.media-amazon.com\/images\/S\/aplus-media\/sc\/e992e7c4-718a-4463-8c6b-033bd75e0e69.__CR95,0,368,736_PT0_SX150_V1___.jpg\" width=\"121.66666666666667px\"><\/a> <\/th>\n<th class=\"apm-tablemodule-image \"> <a href=\"\/dp\/B081SCH8Z7\/ref=emc_b_5_i\"> <img alt=\"Kapuzenpullover, Hoodie, Sweatshirt, Sport, Komfort \" src=\"https:\/\/m.media-amazon.com\/images\/S\/aplus-media\/sc\/de0e8e2a-7714-4239-aa41-a2c24aca2c3b.__CR275,0,617,1234_PT0_SX150_V1___.jpg\" width=\"121.66666666666667px\"><\/a> <\/th>\n<th class=\"apm-tablemodule-image \"> <a href=\"\/dp\/B08DVBQD5N\/ref=emc_b_5_i\"> <img alt=\"Kapuzenpullover, Hoodie, Sweatshirt, Sport, Komfort \" src=\"https:\/\/m.media-amazon.com\/images\/S\/aplus-media\/sc\/0416b971-f862-4266-b4aa-ba12773b3fb8.__CR338,0,600,1200_PT0_SX150_V1___.jpg\" width=\"121.66666666666667px\"><\/a> <\/th>\n<\/tr>\n<tr class=\"apm-tablemodule-imagerows\">\n<th class=\"apm-tablemodule-blankkeyhead\"> <\/th>\n<th> <a href=\"\/dp\/B07ZS6ZWNR\/ref=emc_b_5_t\"> Geographical Norway Bubble Lady Grau <\/a> <\/th>\n<th> <a href=\"\/dp\/B08Q4MFGQN\/ref=emc_b_5_t\"> Geographical Norway Brasilian Lady Burgunderrot <\/a> <\/th>\n<th> <a href=\"\/dp\/B08Q4L5BPF\/ref=emc_b_5_t\"> Geographical Norway Bruna Lady Wei\u00df <\/a> <\/th>\n<th> <a href=\"\/dp\/B08NXPMYFX\/ref=emc_b_5_t\"> Geographical Norway GYMCLASS LADY Rosa <\/a> <\/th>\n<th> <a href=\"\/dp\/B081SCH8Z7\/ref=emc_b_5_t\"> Geographical Norway Angely Lady Beige <\/a> <\/th>\n<th> <a href=\"\/dp\/B08DVBQD5N\/ref=emc_b_5_t\"> Geographical Norway ALPES LADY Rosa <\/a> <\/th>\n<\/tr>\n<\/tbody>\n<\/table>\n<\/div><\/div>\n<\/p><\/div>\n<div><\/div>\n<\/p><\/div>\n<div class=\"celwidget aplus-module launchpad-company-logo aplus-standard\">\n<div class=\"a-section a-text-center launchpad-module launchpad-module-company-logo\"> <img alt=\"Geographical Norway, Pyrenex, Moncler, Salomon, Rossignol, S.olive, Blend, Jack and Jones\" src=\"https:\/\/images-na.ssl-images-amazon.com\/images\/G\/01\/x-locale\/common\/grey-pixel.gif\" class=\"a-lazy-loaded\" data-src=\"https:\/\/m.media-amazon.com\/images\/S\/aplus-media\/sc\/dc2a029c-8699-4817-aecf-e3d00ab53b33.__CR0,0,1200,360_PT0_SX600_V1___.jpg\"><img alt=\"Geographical Norway, Pyrenex, Moncler, Salomon, Rossignol, S.olive, Blend, Jack and Jones\" src=\"https:\/\/m.media-amazon.com\/images\/S\/aplus-media\/sc\/dc2a029c-8699-4817-aecf-e3d00ab53b33.__CR0,0,1200,360_PT0_SX600_V1___.jpg\"> <\/div>\n<\/p><\/div>\n<div class=\"celwidget aplus-module module-16-tech-specs aplus-standard\">\n<div class=\"a-section a-spacing-large aplus-module-wrapper apm-fixed-width aplus-index-6\">\n<h3 class=\"a-size-extra-large a-spacing-base a-text-center\"> Technische Daten: <\/h3>\n<div class=\"a-row\">\n<div class=\"a-column a-span6 aplus-tech-spec-hide-loading\">\n<table class=\"a-bordered a-horizontal-stripes aplus-tech-spec-table\">\n<tbody>\n<tr>\n<td class=\"a-text-bold\"> <span> Material: <\/span> <\/td>\n<td> <span> 100 % Polyester. <\/span> <\/td>\n<\/tr>\n<tr>\n<td class=\"a-text-bold\"> <span> Waschen: <\/span> <\/td>\n<td> <span> Handw\u00e4sche <\/span> <\/td>\n<\/tr>\n<\/tbody>\n<\/table>\n<\/div>\n<div class=\"a-column a-span6 aplus-tech-spec-hide-loading a-span-last\">\n<table class=\"a-bordered a-horizontal-stripes aplus-tech-spec-table\">\n<tbody>\n<tr>\n<td class=\"a-text-bold\"> <span> Stil: <\/span> <\/td>\n<td> <span> Urban &#8211; Sport <\/span> <\/td>\n<\/tr>\n<tr>\n<td class=\"a-text-bold\"> <span> Produkteigenschaften: <\/span> <\/td>\n<td> <span> Fleecejacke <\/span> <\/td>\n<\/tr>\n<\/tbody>\n<\/table>\n<\/div><\/div>\n<\/p><\/div>\n<\/p><\/div>\n<p>&#x1f525; {Ideal, um sich wohlzuf\u00fchlen}: Geographical Norway Fleece f\u00fcr Damen, sehr bequem. Das weiche Innenmaterial sorgt f\u00fcr ein angenehmes Tragegef\u00fchl in jeder Jahreszeit, egal ob im Fr\u00fchling, Herbst oder Winter.<br \/>\n&#x1f4af; { PERFEKT F\u00dcR ALLE TAGE}: Der Geographical Norway Fleece ist Ihr t\u00e4glicher Begleiter Egal ob zu Hause, in der Stadt oder beim Sport, diese Fleecejacke wird den ganzen Tag \u00fcber perfekt sein.<br \/>\nKragenform: Stehkragen<br \/>\nVerschluss: Rei\u00dfverschluss<br \/>\nPolyester<br \/>\nPflegehinweis: Maschinenw\u00e4sche, Nur Handw\u00e4sche<br \/>\n&#x1f4b0; &#8211; &#8211;<br \/>\n&#x2b50; { Ein gut durchdachtes Outfit}: Diese Fleecejacke wurde aus 100 % Polyester hergestellt, um Ihnen ein angenehmes Tragegef\u00fchl zu bieten.<br \/>\n&#x1f381; {Ein ideales Geschenk}: Ob f\u00fcr Sie oder f\u00fcr einen geliebten Menschen &#8211; die Geographical Norway Sweatshirts machen immer Freude! Weihnachten, Valentinstag, Geburtstag, Muttertag, Vatertag oder jeder andere besonderen Anlass sind gute Gelegenheiten, um jemandem mit Geographical Norway eine Freude zu machen.<br \/>\n<div class=\"main-cross-sell\" data-asin=\"B07T835X3S\">\n\n\t<div class=\"WooZone-cross-sell-loader\">\n\t\t<div>\n\t\t\t<div id=\"floatingBarsG\">\n\t\t\t\t<div class=\"blockG\" id=\"rotateG_01\"><\/div>\n\t\t\t\t<div class=\"blockG\" id=\"rotateG_02\"><\/div>\n\t\t\t\t<div class=\"blockG\" id=\"rotateG_03\"><\/div>\n\t\t\t\t<div class=\"blockG\" id=\"rotateG_04\"><\/div>\n\t\t\t\t<div class=\"blockG\" id=\"rotateG_05\"><\/div>\n\t\t\t\t<div class=\"blockG\" id=\"rotateG_06\"><\/div>\n\t\t\t\t<div class=\"blockG\" id=\"rotateG_07\"><\/div>\n\t\t\t\t<div class=\"blockG\" id=\"rotateG_08\"><\/div>\n\t\t\t<\/div>\n\t\t\t<div class=\"WooZone-cross-sell-loader-text\"><\/div>\n\t\t<\/div>\n\t<\/div>\n\n\t\t\n<\/div>\n<div style=\"clear:both;\"><\/div><\/p>\n","protected":false},"excerpt":{"rendered":"<p>&#x1f525; {Ideal, um sich wohlzuf\u00fchlen}: Geographical Norway Fleece f\u00fcr Damen, sehr bequem. Das weiche Innenmaterial sorgt f\u00fcr ein angenehmes Tragegef\u00fchl in jeder Jahreszeit, egal ob im Fr\u00fchling, Herbst oder Winter.<br \/>\n&#x1f4af; { PERFEKT F\u00dcR ALLE TAGE}: Der Geographical Norway Fleece ist Ihr t\u00e4glicher Begleiter Egal ob zu Hause, in der Stadt oder beim Sport, diese Fleecejacke wird den ganzen Tag \u00fcber perfekt sein.<br \/>\nKragenform: Stehkragen<\/p>\n","protected":false},"featured_media":17087,"comment_status":"open","ping_status":"closed","template":"","meta":[],"product_cat":[37],"product_tag":[],"_links":{"self":[{"href":"http:\/\/campingland24.com\/index.php?rest_route=\/wp\/v2\/product\/17086"}],"collection":[{"href":"http:\/\/campingland24.com\/index.php?rest_route=\/wp\/v2\/product"}],"about":[{"href":"http:\/\/campingland24.com\/index.php?rest_route=\/wp\/v2\/types\/product"}],"replies":[{"embeddable":true,"href":"http:\/\/campingland24.com\/index.php?rest_route=%2Fwp%2Fv2%2Fcomments&post=17086"}],"version-history":[{"count":5,"href":"http:\/\/campingland24.com\/index.php?rest_route=\/wp\/v2\/product\/17086\/revisions"}],"predecessor-version":[{"id":19984,"href":"http:\/\/campingland24.com\/index.php?rest_route=\/wp\/v2\/product\/17086\/revisions\/19984"}],"wp:featuredmedia":[{"embeddable":true,"href":"http:\/\/campingland24.com\/index.php?rest_route=\/wp\/v2\/media\/17087"}],"wp:attachment":[{"href":"http:\/\/campingland24.com\/index.php?rest_route=%2Fwp%2Fv2%2Fmedia&parent=17086"}],"wp:term":[{"taxonomy":"product_cat","embeddable":true,"href":"http:\/\/campingland24.com\/index.php?rest_route=%2Fwp%2Fv2%2Fproduct_cat&post=17086"},{"taxonomy":"product_tag","embeddable":true,"href":"http:\/\/campingland24.com\/index.php?rest_route=%2Fwp%2Fv2%2Fproduct_tag&post=17086"}],"curies":[{"name":"wp","href":"https:\/\/api.w.org\/{rel}","templated":true}]}}