{"id":17123,"date":"2021-07-29T21:43:05","date_gmt":"2021-07-29T21:43:05","guid":{"rendered":"http:\/\/campingland24.com\/?product=brandit-windbreaker-viele-tarn-farben-groesse-s-bis-5xl"},"modified":"2023-02-23T18:52:08","modified_gmt":"2023-02-23T18:52:08","slug":"brandit-windbreaker-viele-tarn-farben-groesse-s-bis-5xl","status":"publish","type":"product","link":"http:\/\/campingland24.com\/?product=brandit-windbreaker-viele-tarn-farben-groesse-s-bis-5xl","title":{"rendered":"Brandit Windbreaker, viele (Tarn-) Farben, Gr\u00f6\u00dfe S bis 5XL"},"content":{"rendered":"<p><!-- show up to 2 reviews by default --> <\/p>\n<p>&#8222;. ob es regnet , st\u00fcrmt oder schneit. allzeit bereit !!! Dieser Windbreaker verbindet Nutzen und Komfort auf wunderbare Art. Aufgrund des leichten Trage-Komforts und des flauschigen Innen-Fleece-Futters ist die Jacke ein Begleiter f\u00fcr fast alle schmuddeligen Witterungen. Ob Regen- oder Sturmwetter , oder auch f\u00fcr kalte Wintertage. diese Jacke ist sich f\u00fcr nix zu schade. Atmungsaktive , wind- und wasserabweisende Regenjacke mit integriertem Fleece-Futter (nicht austrennbar.) &#8211; hochschlie\u00dfender Brustzipper und Kapuze &#8211; aufgesetzte Brust-Tasche mit Rei\u00dfverschluss &#8211; seitlich eingearbeiteter Rei\u00dfverschluss (erleichtert das An- und Ausziehen) &#8211; 2 eingelassene Front-Eingriffs-Taschen mit RV &#8211; Klettverschluss an \u00c4rmelenden &#8211; Tunnelzug in H\u00fcftbund Gr\u00f6\u00dfe\/Ma\u00dfe: S &#8211; Brustweite (halber Umfang,von Achsel zu Achsel) 62 cm &#8211; Gesamtl\u00e4nge ab Schulter 73 cm &#8211; Arml\u00e4nge ab Schulter 66 cm M &#8211; Brustweite (halber Umfang,von Achsel zu Achsel) 65 cm &#8211; Gesamtl\u00e4nge ab Schulter 75 cm &#8211; Arml\u00e4nge ab Schulter 67 cm L &#8211; Brustweite (halber Umfang,von Achsel zu Achsel) 68 cm &#8211; Gesamtl\u00e4nge ab Schulter 77 cm &#8211; Arml\u00e4nge ab Schulter 69 cm XL &#8211; Brustweite (halber Umfang,von Achsel zu Achsel) 71 cm &#8211; Gesamtl\u00e4nge ab Schulter 79 cm &#8211; Arml\u00e4nge ab Schulter 70 cm XXL &#8211; Brustweite (halber Umfang,von Achsel zu Achsel) 74 cm &#8211; Gesamtl\u00e4nge ab Schulter 81 cm &#8211; Arml\u00e4nge ab Schulter 72 cm 3XL &#8211; Brustweite (halber Umfang,von Achsel zu Achsel) 77 cm &#8211; Gesamtl\u00e4nge ab Schulter 81 cm &#8211; Arml\u00e4nge ab Schulter 73 cm 4XL &#8211; Brustweite (halber Umfang,von Achsel zu Achsel) 80 cm &#8211; Gesamtl\u00e4nge ab Schulter 83 cm &#8211; Arml\u00e4nge ab Schulter 74 cm 5XL &#8211; Brustweite (halber Umfang,von Achsel zu Achsel) 83 cm &#8211; Gesamtl\u00e4nge ab Schulter 83 cm &#8211; Arml\u00e4nge ab Schulter 75 cm &#8220; <\/p>\n<p>Atmungsaktiv, Wind- und Wasserabweisend<br \/>\nIntegriertes Fleece Futter<br \/>\nLangarm<br \/>\nVerschluss: tunnelzug<br \/>\n100% Nylon (Futter: 100% Polyester)<br \/>\nBlouson<br \/>\nPflegehinweis: Maschinenw\u00e4sche 30\u00b0<br \/>\nModellnummer: 3001<br \/>\nAngenehmer Trage-Komfort<br \/>\nAlle Taschen mit Rei\u00dfverschl\u00fcssen und Handschuh-freundlichen Ziehlaschen<br \/>\nExtra langer seitlicher Rei\u00dfverschluss f\u00fcrs leichte an- und ausziehen. Gro\u00dfe Brusttasche mit Rei\u00dfverschluss.<br \/>\n<div class=\"main-cross-sell\" data-asin=\"B005HGM3M0\">\n\n\t<div class=\"WooZone-cross-sell-loader\">\n\t\t<div>\n\t\t\t<div id=\"floatingBarsG\">\n\t\t\t\t<div class=\"blockG\" id=\"rotateG_01\"><\/div>\n\t\t\t\t<div class=\"blockG\" id=\"rotateG_02\"><\/div>\n\t\t\t\t<div class=\"blockG\" id=\"rotateG_03\"><\/div>\n\t\t\t\t<div class=\"blockG\" id=\"rotateG_04\"><\/div>\n\t\t\t\t<div class=\"blockG\" id=\"rotateG_05\"><\/div>\n\t\t\t\t<div class=\"blockG\" id=\"rotateG_06\"><\/div>\n\t\t\t\t<div class=\"blockG\" id=\"rotateG_07\"><\/div>\n\t\t\t\t<div class=\"blockG\" id=\"rotateG_08\"><\/div>\n\t\t\t<\/div>\n\t\t\t<div class=\"WooZone-cross-sell-loader-text\"><\/div>\n\t\t<\/div>\n\t<\/div>\n\n\t\t\n<\/div>\n<div style=\"clear:both;\"><\/div><\/p>\n","protected":false},"excerpt":{"rendered":"<p>Atmungsaktiv, Wind- und Wasserabweisend<br \/>\nIntegriertes Fleece Futter<br \/>\nLangarm<\/p>\n","protected":false},"featured_media":17124,"comment_status":"open","ping_status":"closed","template":"","meta":[],"product_cat":[37],"product_tag":[],"_links":{"self":[{"href":"http:\/\/campingland24.com\/index.php?rest_route=\/wp\/v2\/product\/17123"}],"collection":[{"href":"http:\/\/campingland24.com\/index.php?rest_route=\/wp\/v2\/product"}],"about":[{"href":"http:\/\/campingland24.com\/index.php?rest_route=\/wp\/v2\/types\/product"}],"replies":[{"embeddable":true,"href":"http:\/\/campingland24.com\/index.php?rest_route=%2Fwp%2Fv2%2Fcomments&post=17123"}],"version-history":[{"count":1,"href":"http:\/\/campingland24.com\/index.php?rest_route=\/wp\/v2\/product\/17123\/revisions"}],"predecessor-version":[{"id":18735,"href":"http:\/\/campingland24.com\/index.php?rest_route=\/wp\/v2\/product\/17123\/revisions\/18735"}],"wp:featuredmedia":[{"embeddable":true,"href":"http:\/\/campingland24.com\/index.php?rest_route=\/wp\/v2\/media\/17124"}],"wp:attachment":[{"href":"http:\/\/campingland24.com\/index.php?rest_route=%2Fwp%2Fv2%2Fmedia&parent=17123"}],"wp:term":[{"taxonomy":"product_cat","embeddable":true,"href":"http:\/\/campingland24.com\/index.php?rest_route=%2Fwp%2Fv2%2Fproduct_cat&post=17123"},{"taxonomy":"product_tag","embeddable":true,"href":"http:\/\/campingland24.com\/index.php?rest_route=%2Fwp%2Fv2%2Fproduct_tag&post=17123"}],"curies":[{"name":"wp","href":"https:\/\/api.w.org\/{rel}","templated":true}]}}