{"id":17126,"date":"2021-07-29T21:43:07","date_gmt":"2021-07-29T21:43:07","guid":{"rendered":"http:\/\/campingland24.com\/?product=under-armour-herren-tech-2-0-shortsleeve-atmungsaktives-sportshirt"},"modified":"2023-02-23T18:52:08","modified_gmt":"2023-02-23T18:52:08","slug":"under-armour-herren-tech-2-0-shortsleeve-atmungsaktives-sportshirt","status":"publish","type":"product","link":"http:\/\/campingland24.com\/?product=under-armour-herren-tech-2-0-shortsleeve-atmungsaktives-sportshirt","title":{"rendered":"Under Armour Herren Tech 2.0 Ss Tee atmungsaktives Sportshirt, kurz\u00e4rmliges und schnelltrocknendes Trainingsshirt mit\u2026"},"content":{"rendered":"<p><!-- show up to 2 reviews by default --> <\/p>\n<p><strong>Under Armour Herren Tech 2.0 T-Shirt \u2013 ultraleichtes Trainingsshirt mit loser Passform<\/strong><\/p>\n<p>Ultraleicht, atmungsaktiv und schnelltrocknend: Das Shirt von Under Armour \u00fcberzeugt durch sein hochwertiges Material und die lose Passform. Durch den losen Schnitt ist absoluter Komfort garantiert.<\/p>\n<p>Das kurz\u00e4rmlige Sportshirt ist aus hochwertigem, besonders strapazierf\u00e4higem Material gefertigt. Zus\u00e4tzlich ist das Material ultraleicht, atmungsaktiv und trocknet sehr schnell. Au\u00dferdem verhindert die Anti-Odor Technologie das Wachstum von Mikroben und beugt so der Geruchsbildung vor. Das Shirt leitet den Schwei\u00df vom K\u00f6rper weg und h\u00e4lt angenehm k\u00fchl. Zudem verf\u00fcgt es \u00fcber einen stromlinienf\u00f6rmigen Schnitt und einen gebogenen Saum. Das Oberteil besteht aus 100 % Polyester.<\/p>\n<p>UNDER ARMOUR MACHT ATHLETEN BESSER.<\/p>\n<p>Wir haben mit einem T-Shirt, das Sportlern einen unbestreitbaren Vorteil gab, angefangen und letztendlich eine v\u00f6llige Erneuerung von Sportkleidung herbeigef\u00fchrt. Heute ist Innovation unser Lebenselixier und der Schl\u00fcssel zum Erreichen unserer Markenmission.<\/p>\n<p><strong>Die Vorteile auf einen Blick:<\/strong><\/p>\n<ul>\n<li>Sport Shirt mit loser Passform<\/li>\n<li>Ultraleichter Stoff<\/li>\n<li>Atmungsaktiv &amp; schnelltrocknend<\/li>\n<li>Material leitet Schwei\u00df vom K\u00f6rper weg<\/li>\n<li>Neuer, stromlinienf\u00f6rmiger Schnitt und gebogener Saum<\/li>\n<li>Anti-Odor Technologie<\/li>\n<li>100 % Polyester<\/li>\n<\/ul>\n<p>Das Under Armour Tech-Gewebe trocknet schnell, ist ultraweich und f\u00fchlt sich sehr nat\u00fcrlich an<br \/>\nDas Material leitet Schwei\u00df ab und trocknet sehr schnell<br \/>\nKurzarm<br \/>\nVerschluss: Pull-On<br \/>\nTech 2.0 Shortsleeve<br \/>\nPflegehinweis: Maschinenw\u00e4sche<br \/>\nModellnummer: 1326413<br \/>\nNeue, optimierte Passform und geformter Saum<br \/>\nArtikelnr.: 1326413<br \/>\n100 % Polyester<br \/>\n<div class=\"main-cross-sell\" data-asin=\"B0785VV446\">\n\n\t<div class=\"WooZone-cross-sell-loader\">\n\t\t<div>\n\t\t\t<div id=\"floatingBarsG\">\n\t\t\t\t<div class=\"blockG\" id=\"rotateG_01\"><\/div>\n\t\t\t\t<div class=\"blockG\" id=\"rotateG_02\"><\/div>\n\t\t\t\t<div class=\"blockG\" id=\"rotateG_03\"><\/div>\n\t\t\t\t<div class=\"blockG\" id=\"rotateG_04\"><\/div>\n\t\t\t\t<div class=\"blockG\" id=\"rotateG_05\"><\/div>\n\t\t\t\t<div class=\"blockG\" id=\"rotateG_06\"><\/div>\n\t\t\t\t<div class=\"blockG\" id=\"rotateG_07\"><\/div>\n\t\t\t\t<div class=\"blockG\" id=\"rotateG_08\"><\/div>\n\t\t\t<\/div>\n\t\t\t<div class=\"WooZone-cross-sell-loader-text\"><\/div>\n\t\t<\/div>\n\t<\/div>\n\n\t\t\n<\/div>\n<div style=\"clear:both;\"><\/div><\/p>\n","protected":false},"excerpt":{"rendered":"<p>Das Under Armour Tech-Gewebe trocknet schnell, ist ultraweich und f\u00fchlt sich sehr nat\u00fcrlich an<br \/>\nDas Material leitet Schwei\u00df ab und trocknet sehr schnell<br \/>\nKurzarm<\/p>\n","protected":false},"featured_media":17127,"comment_status":"open","ping_status":"closed","template":"","meta":[],"product_cat":[37],"product_tag":[],"_links":{"self":[{"href":"http:\/\/campingland24.com\/index.php?rest_route=\/wp\/v2\/product\/17126"}],"collection":[{"href":"http:\/\/campingland24.com\/index.php?rest_route=\/wp\/v2\/product"}],"about":[{"href":"http:\/\/campingland24.com\/index.php?rest_route=\/wp\/v2\/types\/product"}],"replies":[{"embeddable":true,"href":"http:\/\/campingland24.com\/index.php?rest_route=%2Fwp%2Fv2%2Fcomments&post=17126"}],"version-history":[{"count":13,"href":"http:\/\/campingland24.com\/index.php?rest_route=\/wp\/v2\/product\/17126\/revisions"}],"predecessor-version":[{"id":20139,"href":"http:\/\/campingland24.com\/index.php?rest_route=\/wp\/v2\/product\/17126\/revisions\/20139"}],"wp:featuredmedia":[{"embeddable":true,"href":"http:\/\/campingland24.com\/index.php?rest_route=\/wp\/v2\/media\/17127"}],"wp:attachment":[{"href":"http:\/\/campingland24.com\/index.php?rest_route=%2Fwp%2Fv2%2Fmedia&parent=17126"}],"wp:term":[{"taxonomy":"product_cat","embeddable":true,"href":"http:\/\/campingland24.com\/index.php?rest_route=%2Fwp%2Fv2%2Fproduct_cat&post=17126"},{"taxonomy":"product_tag","embeddable":true,"href":"http:\/\/campingland24.com\/index.php?rest_route=%2Fwp%2Fv2%2Fproduct_tag&post=17126"}],"curies":[{"name":"wp","href":"https:\/\/api.w.org\/{rel}","templated":true}]}}