{"id":17130,"date":"2021-07-29T21:43:08","date_gmt":"2021-07-29T21:43:08","guid":{"rendered":"http:\/\/campingland24.com\/?product=tacvasen-herren-fleecejacke-military-outdoor-winddichte-jacke-mit-kapuze"},"modified":"2023-02-23T18:52:08","modified_gmt":"2023-02-23T18:52:08","slug":"tacvasen-herren-fleecejacke-military-outdoor-winddichte-jacke-mit-kapuze","status":"publish","type":"product","link":"http:\/\/campingland24.com\/?product=tacvasen-herren-fleecejacke-military-outdoor-winddichte-jacke-mit-kapuze","title":{"rendered":"TACVASEN Herren Fleecejacke Military Outdoor Winddichte Jacke mit Kapuze"},"content":{"rendered":"<p>  .aplus-tech-spec-hide-loading { visibility: visible !important; }  <\/p>\n<div class=\"celwidget aplus-module launchpad-company-logo aplus-standard\">\n<div class=\"a-section a-text-center launchpad-module launchpad-module-company-logo\"> <img alt=\"tacvasen fleecejacke fleece jacke herrenjacke winterjacke\" src=\"https:\/\/images-na.ssl-images-amazon.com\/images\/G\/01\/x-locale\/common\/grey-pixel.gif\" class=\"a-lazy-loaded\" data-src=\"https:\/\/m.media-amazon.com\/images\/S\/aplus-media-library-service-media\/4bdc5434-4f95-4794-8c89-7143c4dc895f.__CR0,0,600,180_PT0_SX600_V1___.jpg\"><img alt=\"tacvasen fleecejacke fleece jacke herrenjacke winterjacke\" src=\"https:\/\/m.media-amazon.com\/images\/S\/aplus-media-library-service-media\/4bdc5434-4f95-4794-8c89-7143c4dc895f.__CR0,0,600,180_PT0_SX600_V1___.jpg\"> <\/div>\n<\/p><\/div>\n<div class=\"celwidget aplus-module 3p-module-b aplus-standard\">\n<div class=\"aplus-module-wrapper aplus-3p-fixed-width\"> <img alt=\"fleecejacke outdoorjacke\" src=\"https:\/\/images-na.ssl-images-amazon.com\/images\/G\/01\/x-locale\/common\/grey-pixel.gif\" class=\"a-spacing-base a-lazy-loaded\" data-src=\"https:\/\/m.media-amazon.com\/images\/S\/aplus-media-library-service-media\/a2e02e54-db1d-406f-a373-16059104691c.__CR0,0,970,600_PT0_SX970_V1___.jpg\"><img alt=\"fleecejacke outdoorjacke\" src=\"https:\/\/m.media-amazon.com\/images\/S\/aplus-media-library-service-media\/a2e02e54-db1d-406f-a373-16059104691c.__CR0,0,970,600_PT0_SX970_V1___.jpg\"> <\/div>\n<\/p><\/div>\n<div class=\"celwidget aplus-module module-16-tech-specs aplus-standard\">\n<div class=\"a-section a-spacing-large aplus-module-wrapper apm-fixed-width aplus-index-2\">\n<div class=\"a-row\">\n<div class=\"a-column a-span6 aplus-tech-spec-hide-loading\">\n<table class=\"a-bordered a-horizontal-stripes aplus-tech-spec-table\">\n<tbody>\n<tr>\n<td class=\"a-text-bold\"> <span> Objekt: <\/span> <\/td>\n<td> <span> Herren <\/span> <\/td>\n<\/tr>\n<tr>\n<td class=\"a-text-bold\"> <span> Material: <\/span> <\/td>\n<td> <span> Polyester <\/span> <\/td>\n<\/tr>\n<tr>\n<td class=\"a-text-bold\"> <span> Gewicht: <\/span> <\/td>\n<td> <span> 800-1000g <\/span> <\/td>\n<\/tr>\n<\/tbody>\n<\/table>\n<\/div>\n<div class=\"a-column a-span6 aplus-tech-spec-hide-loading a-span-last\">\n<table class=\"a-bordered a-horizontal-stripes aplus-tech-spec-table\">\n<tbody>\n<tr>\n<td class=\"a-text-bold\"> <span> Dicke: <\/span> <\/td>\n<td> <span> Mittel <\/span> <\/td>\n<\/tr>\n<tr>\n<td class=\"a-text-bold\"> <span> Saison: <\/span> <\/td>\n<td> <span> Fr\u00fchling, Herbst, Winter <\/span> <\/td>\n<\/tr>\n<tr>\n<td class=\"a-text-bold\"> <span> Eigenschaften: <\/span> <\/td>\n<td> <span> Multi-Tasche <\/span> <\/td>\n<\/tr>\n<\/tbody>\n<\/table>\n<\/div><\/div>\n<\/p><\/div>\n<\/p><\/div>\n<div class=\"celwidget aplus-module 3p-module-b aplus-standard\">\n<div class=\"aplus-module-wrapper aplus-3p-fixed-width\"> <img alt=\"reissverschlusstaschen zip taschen us\" src=\"https:\/\/images-na.ssl-images-amazon.com\/images\/G\/01\/x-locale\/common\/grey-pixel.gif\" class=\"a-spacing-base a-lazy-loaded\" data-src=\"https:\/\/m.media-amazon.com\/images\/S\/aplus-media-library-service-media\/d579335c-f30d-49ab-a5a3-4fce00a31bba.__CR0,0,970,600_PT0_SX970_V1___.jpg\"><img alt=\"reissverschlusstaschen zip taschen us\" src=\"https:\/\/m.media-amazon.com\/images\/S\/aplus-media-library-service-media\/d579335c-f30d-49ab-a5a3-4fce00a31bba.__CR0,0,970,600_PT0_SX970_V1___.jpg\"> <\/div>\n<\/p><\/div>\n<div class=\"celwidget aplus-module 3p-module-b aplus-standard\">\n<div class=\"aplus-module-wrapper aplus-3p-fixed-width\"> <img alt=\"size gr. s m l xl xxl 3xl \" src=\"https:\/\/images-na.ssl-images-amazon.com\/images\/G\/01\/x-locale\/common\/grey-pixel.gif\" class=\"a-spacing-base a-lazy-loaded\" data-src=\"https:\/\/m.media-amazon.com\/images\/S\/aplus-media-library-service-media\/51330975-fd92-4e9e-ae97-33011a5129aa.__CR0,0,970,600_PT0_SX970_V1___.jpg\"><img alt=\"size gr. s m l xl xxl 3xl \" src=\"https:\/\/m.media-amazon.com\/images\/S\/aplus-media-library-service-media\/51330975-fd92-4e9e-ae97-33011a5129aa.__CR0,0,970,600_PT0_SX970_V1___.jpg\"> <\/div>\n<\/p><\/div>\n<p>Gr\u00f6\u00dfe: \u00dcberpr\u00fcfen Sie bitte die Gr\u00f6\u00dfendaten unten in der Produktbeschreibung vor dem Kauf.<br \/>\nMaterial: 100% Polyester &#8211; Winddicht, Weich, Atmungsaktiv und Warme Fleece.<br \/>\nKragenform: Stehkragen<br \/>\nLangarm<br \/>\nVerschluss: Rei\u00dfverschluss<br \/>\nWarmer, thermischer und winddichter Stoff: 100 % Polyester (inklusive 400 g Fleece).<br \/>\nBlouson<br \/>\nPflegehinweis: Maschinenw\u00e4sche<br \/>\nModellnummer: ZRY-1-grey-S<br \/>\nHighlights: Zwei-Wege-Rei\u00dfverschluss, Saum mit verstellbarem Kordelzug, Winddichter Stehkragen und Kapuze, Daumenloch.<br \/>\nMultitaschen: 1* gro\u00dfe Ges\u00e4\u00dftasche, 2* Brusttaschen, und 3* Arm-Rei\u00dfverschlusstaschen.<br \/>\nTaktische Fleecejacken eignen sich sehr gut f\u00fcr Outdoor-Sportarten, wie Radfahren, Angeln, Abenteuer, Angeln, Fishing, Wandern, Camping, Bike, Training, Jogging, Arbeiten usw.<br \/>\n<div class=\"main-cross-sell\" data-asin=\"B01M66GLNH\">\n\n\t<div class=\"WooZone-cross-sell-loader\">\n\t\t<div>\n\t\t\t<div id=\"floatingBarsG\">\n\t\t\t\t<div class=\"blockG\" id=\"rotateG_01\"><\/div>\n\t\t\t\t<div class=\"blockG\" id=\"rotateG_02\"><\/div>\n\t\t\t\t<div class=\"blockG\" id=\"rotateG_03\"><\/div>\n\t\t\t\t<div class=\"blockG\" id=\"rotateG_04\"><\/div>\n\t\t\t\t<div class=\"blockG\" id=\"rotateG_05\"><\/div>\n\t\t\t\t<div class=\"blockG\" id=\"rotateG_06\"><\/div>\n\t\t\t\t<div class=\"blockG\" id=\"rotateG_07\"><\/div>\n\t\t\t\t<div class=\"blockG\" id=\"rotateG_08\"><\/div>\n\t\t\t<\/div>\n\t\t\t<div class=\"WooZone-cross-sell-loader-text\"><\/div>\n\t\t<\/div>\n\t<\/div>\n\n\t\t\n<\/div>\n<div style=\"clear:both;\"><\/div><\/p>\n","protected":false},"excerpt":{"rendered":"<p>Gr\u00f6\u00dfe: \u00dcberpr\u00fcfen Sie bitte die Gr\u00f6\u00dfendaten unten in der Produktbeschreibung vor dem Kauf.<br \/>\nMaterial: 100% Polyester &#8211; Winddicht, Weich, Atmungsaktiv und Warme Fleece.<br \/>\nKragenform: Stehkragen<\/p>\n","protected":false},"featured_media":17131,"comment_status":"open","ping_status":"closed","template":"","meta":[],"product_cat":[37],"product_tag":[],"_links":{"self":[{"href":"http:\/\/campingland24.com\/index.php?rest_route=\/wp\/v2\/product\/17130"}],"collection":[{"href":"http:\/\/campingland24.com\/index.php?rest_route=\/wp\/v2\/product"}],"about":[{"href":"http:\/\/campingland24.com\/index.php?rest_route=\/wp\/v2\/types\/product"}],"replies":[{"embeddable":true,"href":"http:\/\/campingland24.com\/index.php?rest_route=%2Fwp%2Fv2%2Fcomments&post=17130"}],"version-history":[{"count":1,"href":"http:\/\/campingland24.com\/index.php?rest_route=\/wp\/v2\/product\/17130\/revisions"}],"predecessor-version":[{"id":18737,"href":"http:\/\/campingland24.com\/index.php?rest_route=\/wp\/v2\/product\/17130\/revisions\/18737"}],"wp:featuredmedia":[{"embeddable":true,"href":"http:\/\/campingland24.com\/index.php?rest_route=\/wp\/v2\/media\/17131"}],"wp:attachment":[{"href":"http:\/\/campingland24.com\/index.php?rest_route=%2Fwp%2Fv2%2Fmedia&parent=17130"}],"wp:term":[{"taxonomy":"product_cat","embeddable":true,"href":"http:\/\/campingland24.com\/index.php?rest_route=%2Fwp%2Fv2%2Fproduct_cat&post=17130"},{"taxonomy":"product_tag","embeddable":true,"href":"http:\/\/campingland24.com\/index.php?rest_route=%2Fwp%2Fv2%2Fproduct_tag&post=17130"}],"curies":[{"name":"wp","href":"https:\/\/api.w.org\/{rel}","templated":true}]}}