{"id":17146,"date":"2021-07-29T21:45:20","date_gmt":"2021-07-29T21:45:20","guid":{"rendered":"http:\/\/campingland24.com\/?product=jako-damen-polyesterhose-classico-9250d"},"modified":"2023-02-23T18:52:09","modified_gmt":"2023-02-23T18:52:09","slug":"jako-damen-polyesterhose-classico-9250d","status":"publish","type":"product","link":"http:\/\/campingland24.com\/?product=jako-damen-polyesterhose-classico-9250d","title":{"rendered":"JAKO Damen Polyesterhose Classico 9250D"},"content":{"rendered":"<p><!-- show up to 2 reviews by default --> <\/p>\n<p>Eine klassische Fu\u00dfballhose, im Design auf das Wesentliche fokussiert und mit allen Funktionen ausgestattet, die Du auf dem Platz ben\u00f6tigst. Das Textilmaterial aus Polyester ist leicht und trocknet schnell. Der Beinabschluss ist mit einem Rei\u00dfverschluss und Rippeinsatz ausgestattet: Dadurch l\u00e4sst sich die Hose einfach anziehen undliegt angenehm am Bein. Der elastische Bund mit Kordelzug l\u00e4sst sich individuell einstellen und verleiht so einen optimalen Sitz an der H\u00fcfte. Bei Bedarf lassen sich in den Seitentaschen Alltagsgegenst\u00e4nde verstauen. Auch geeignet als Teil eines Jogginganzug. <\/p>\n<p>Seitentaschen<br \/>\nBeinabschluss mit Rei\u00dfverschluss und Ripp<br \/>\nElastischer Bund mit Kordelzug<br \/>\nDamenschnitt<br \/>\nSporttyp: Athletic Sports Apparel<br \/>\n<div class=\"main-cross-sell\" data-asin=\"B07HRDTCJJ\">\n\n\t<div class=\"WooZone-cross-sell-loader\">\n\t\t<div>\n\t\t\t<div id=\"floatingBarsG\">\n\t\t\t\t<div class=\"blockG\" id=\"rotateG_01\"><\/div>\n\t\t\t\t<div class=\"blockG\" id=\"rotateG_02\"><\/div>\n\t\t\t\t<div class=\"blockG\" id=\"rotateG_03\"><\/div>\n\t\t\t\t<div class=\"blockG\" id=\"rotateG_04\"><\/div>\n\t\t\t\t<div class=\"blockG\" id=\"rotateG_05\"><\/div>\n\t\t\t\t<div class=\"blockG\" id=\"rotateG_06\"><\/div>\n\t\t\t\t<div class=\"blockG\" id=\"rotateG_07\"><\/div>\n\t\t\t\t<div class=\"blockG\" id=\"rotateG_08\"><\/div>\n\t\t\t<\/div>\n\t\t\t<div class=\"WooZone-cross-sell-loader-text\"><\/div>\n\t\t<\/div>\n\t<\/div>\n\n\t\t\n<\/div>\n<div style=\"clear:both;\"><\/div><\/p>\n","protected":false},"excerpt":{"rendered":"<p>Seitentaschen<br \/>\nBeinabschluss mit Rei\u00dfverschluss und Ripp<br \/>\nElastischer Bund mit Kordelzug<\/p>\n","protected":false},"featured_media":17147,"comment_status":"open","ping_status":"closed","template":"","meta":[],"product_cat":[37],"product_tag":[],"_links":{"self":[{"href":"http:\/\/campingland24.com\/index.php?rest_route=\/wp\/v2\/product\/17146"}],"collection":[{"href":"http:\/\/campingland24.com\/index.php?rest_route=\/wp\/v2\/product"}],"about":[{"href":"http:\/\/campingland24.com\/index.php?rest_route=\/wp\/v2\/types\/product"}],"replies":[{"embeddable":true,"href":"http:\/\/campingland24.com\/index.php?rest_route=%2Fwp%2Fv2%2Fcomments&post=17146"}],"version-history":[{"count":1,"href":"http:\/\/campingland24.com\/index.php?rest_route=\/wp\/v2\/product\/17146\/revisions"}],"predecessor-version":[{"id":18741,"href":"http:\/\/campingland24.com\/index.php?rest_route=\/wp\/v2\/product\/17146\/revisions\/18741"}],"wp:featuredmedia":[{"embeddable":true,"href":"http:\/\/campingland24.com\/index.php?rest_route=\/wp\/v2\/media\/17147"}],"wp:attachment":[{"href":"http:\/\/campingland24.com\/index.php?rest_route=%2Fwp%2Fv2%2Fmedia&parent=17146"}],"wp:term":[{"taxonomy":"product_cat","embeddable":true,"href":"http:\/\/campingland24.com\/index.php?rest_route=%2Fwp%2Fv2%2Fproduct_cat&post=17146"},{"taxonomy":"product_tag","embeddable":true,"href":"http:\/\/campingland24.com\/index.php?rest_route=%2Fwp%2Fv2%2Fproduct_tag&post=17146"}],"curies":[{"name":"wp","href":"https:\/\/api.w.org\/{rel}","templated":true}]}}