{"id":17181,"date":"2021-07-29T21:45:34","date_gmt":"2021-07-29T21:45:34","guid":{"rendered":"http:\/\/campingland24.com\/?product=vaude-damen-hose-womens-farley-zo-pants-iv"},"modified":"2023-02-23T18:52:09","modified_gmt":"2023-02-23T18:52:09","slug":"vaude-damen-hose-womens-farley-zo-pants-iv","status":"publish","type":"product","link":"http:\/\/campingland24.com\/?product=vaude-damen-hose-womens-farley-zo-pants-iv","title":{"rendered":"VAUDE Damen Hose Women&#8217;s Farley Zo Pants Iv"},"content":{"rendered":"<p><!-- show up to 2 reviews by default --> <\/p>\n<p>Unser beliebter Reise-Klassiker. Universelle Trekkinghose, klein im Packma\u00df, aus geschmeidigem, schnelltrocknendem Material, mit UV 50+ ausgestattet. Zu Bermudashorts abzippbar. Produktmerkmale : Knievorformung , zur Shorts abzippbar, Wicking Finish, 1 Beintasche mit RV, 2 aufgesetzte Ges\u00e4\u00dftaschen, 2 Eingrifftaschen vorne, 1 Sicherheitstasche mit RV in der rechten Fronttasche, Bund mit elastischen Eins\u00e4tzen, Kordelzug am Beinsaum *pflegeleicht, trocknet schnell *mit Sonnenschutz UV 50+ *umweltfreundlich hergestellt. Regular Fit: K\u00f6rper umspielende Passform <\/p>\n<p>Abzippbare Hose zum Wandern: pflegeleicht und trocknet schnell<br \/>\nUnser beliebter Reise-Klassiker. Universelle Trekkinghose, klein im Packma\u00df, aus geschmeidigem, schnelltrocknendem Material, mit UV 50+ ausgestattet<br \/>\nVerschluss: Rei\u00dfverschluss<br \/>\n100% Polyamid<br \/>\nWomen&#8217;s Farley ZO Pants IV<br \/>\nModellnummer: 3873<br \/>\nUmweltfreundlich hergestellt<br \/>\n<div class=\"main-cross-sell\" data-asin=\"B0079Q8F50\">\n\n\t<div class=\"WooZone-cross-sell-loader\">\n\t\t<div>\n\t\t\t<div id=\"floatingBarsG\">\n\t\t\t\t<div class=\"blockG\" id=\"rotateG_01\"><\/div>\n\t\t\t\t<div class=\"blockG\" id=\"rotateG_02\"><\/div>\n\t\t\t\t<div class=\"blockG\" id=\"rotateG_03\"><\/div>\n\t\t\t\t<div class=\"blockG\" id=\"rotateG_04\"><\/div>\n\t\t\t\t<div class=\"blockG\" id=\"rotateG_05\"><\/div>\n\t\t\t\t<div class=\"blockG\" id=\"rotateG_06\"><\/div>\n\t\t\t\t<div class=\"blockG\" id=\"rotateG_07\"><\/div>\n\t\t\t\t<div class=\"blockG\" id=\"rotateG_08\"><\/div>\n\t\t\t<\/div>\n\t\t\t<div class=\"WooZone-cross-sell-loader-text\"><\/div>\n\t\t<\/div>\n\t<\/div>\n\n\t\t\n<\/div>\n<div style=\"clear:both;\"><\/div><\/p>\n","protected":false},"excerpt":{"rendered":"<p>Abzippbare Hose zum Wandern: pflegeleicht und trocknet schnell<br \/>\nUnser beliebter Reise-Klassiker. Universelle Trekkinghose, klein im Packma\u00df, aus geschmeidigem, schnelltrocknendem Material, mit UV 50+ ausgestattet<br \/>\nVerschluss: Rei\u00dfverschluss<\/p>\n","protected":false},"featured_media":17182,"comment_status":"open","ping_status":"closed","template":"","meta":[],"product_cat":[37],"product_tag":[],"_links":{"self":[{"href":"http:\/\/campingland24.com\/index.php?rest_route=\/wp\/v2\/product\/17181"}],"collection":[{"href":"http:\/\/campingland24.com\/index.php?rest_route=\/wp\/v2\/product"}],"about":[{"href":"http:\/\/campingland24.com\/index.php?rest_route=\/wp\/v2\/types\/product"}],"replies":[{"embeddable":true,"href":"http:\/\/campingland24.com\/index.php?rest_route=%2Fwp%2Fv2%2Fcomments&post=17181"}],"version-history":[{"count":2,"href":"http:\/\/campingland24.com\/index.php?rest_route=\/wp\/v2\/product\/17181\/revisions"}],"predecessor-version":[{"id":19121,"href":"http:\/\/campingland24.com\/index.php?rest_route=\/wp\/v2\/product\/17181\/revisions\/19121"}],"wp:featuredmedia":[{"embeddable":true,"href":"http:\/\/campingland24.com\/index.php?rest_route=\/wp\/v2\/media\/17182"}],"wp:attachment":[{"href":"http:\/\/campingland24.com\/index.php?rest_route=%2Fwp%2Fv2%2Fmedia&parent=17181"}],"wp:term":[{"taxonomy":"product_cat","embeddable":true,"href":"http:\/\/campingland24.com\/index.php?rest_route=%2Fwp%2Fv2%2Fproduct_cat&post=17181"},{"taxonomy":"product_tag","embeddable":true,"href":"http:\/\/campingland24.com\/index.php?rest_route=%2Fwp%2Fv2%2Fproduct_tag&post=17181"}],"curies":[{"name":"wp","href":"https:\/\/api.w.org\/{rel}","templated":true}]}}