{"id":17217,"date":"2021-07-29T21:45:48","date_gmt":"2021-07-29T21:45:48","guid":{"rendered":"http:\/\/campingland24.com\/?product=jack-wolfskin-herren-elastische-softshellhose-activate-xt-men"},"modified":"2023-02-23T18:52:10","modified_gmt":"2023-02-23T18:52:10","slug":"jack-wolfskin-herren-elastische-softshellhose-activate-xt-men","status":"publish","type":"product","link":"http:\/\/campingland24.com\/?product=jack-wolfskin-herren-elastische-softshellhose-activate-xt-men","title":{"rendered":"Jack Wolfskin Herren Softshell-hose Jack Wolfskin Activate Xt Men-1503752"},"content":{"rendered":"<p><!-- show up to 2 reviews by default --> <\/p>\n<p><strong>In jeder Situation perfekt gesch\u00fctzt &#8211; mit der Activate XT Men Softshellhose von Jack Wolfskin!<\/strong><\/p>\n<p>Die vielseitige Herren Hose ist die perfekte Wahl f\u00fcr jeden Tag. Sie bietet mit dem robusten FLEX SHIELD-Softshell hervorragenden Schutz beim Streifen durch die Wildnis, aber auch auf dem Weg zur Arbeit oder beim Wandern. Da das Material der Wanderhose atmungsaktiv sowie wind- und wasserabweisend ist, h\u00e4lt sie bei leichtem Regen trocken und l\u00e4sst Schwei\u00df entweichen. Au\u00dferdem ist die Freizeithose dank ihrem bi-elastischem Softshell-Material flexibel und bietet selbst in anspruchsvollem Gel\u00e4nde absoluten Tragekomfort und beste Bewegungsfreiheit. In den zwei H\u00fcfttaschen, der Ges\u00e4\u00df- und der Beintasche k\u00f6nnen wichtige Kleinigkeiten, wie Smartphone, Geld und Multitool verstaut werden.<\/p>\n<p>Au\u00dferdem ist die robuste Hose zu 100% PFC-frei.<\/p>\n<p><strong>Die Produktvorteile im \u00dcberblick:<\/strong><\/p>\n<ul>\n<li>Flexible Herren Softshell-Hose<\/li>\n<li>2 H\u00fcfttaschen, Ges\u00e4\u00dftasche, Beintasche<\/li>\n<li>Sehr atmungsaktiv und bi-elastisch<\/li>\n<li>Wind- und wasserabweisende Eigenschaften<\/li>\n<li>Elastischer Hosenbund und einstellbarer Beinabschluss<\/li>\n<li>Nachhaltig: 100% PFC-frei (ohne per- und polyfluorierte Chemikalien)<\/li>\n<li>Umweltfreundlich: Bluesign Product zertifiziert<\/li>\n<li>FLEX SHIELD: robustes Softshell-Material<\/li>\n<\/ul>\n<p>Vielseitige Trekkinghose \u2013 Ob Tageswanderung, Alltag oder Trekkingtour im Gel\u00e4nde, die Hose ist der ideale Begleiter f\u00fcr jeden Tag und hat vier praktische Taschen<br \/>\nH\u00e4lt trocken \u2013 Da die Outdoor Hose atmungsaktiv sowie wasser- und windabweisend ist, h\u00e4lt sie auch bei schwei\u00dftreibenden Aufstiegen und leichten Schauern trocken<br \/>\n90% Polyamid, 10% Elasthan<br \/>\nSoftshell<br \/>\nModellnummer: 46806532<br \/>\nKomfortabel und praktisch \u2013 Dank dem bi-elastischen Material ist die Softshell Hose dehnbar und bietet in jedem Gel\u00e4nde idealen Tragekomfort und ideale Bewegungsfreiheit<br \/>\nRobustes Material \u2013 Das robuste Flex Shield-Softshell der Funktionshose h\u00e4lt ordentlich was aus und sorgt f\u00fcr hervorragenden Schutz bei allen Outdoor Abenteuern<br \/>\nPraktischer Lieferumfang \u2013 Jack Wolfskin Activate Xt Men, bequeme Sporthose aus robustem, hoch atmungsaktivem und bi-elastischem Flex Shield-Softshell, Farbe: Black, Gr\u00f6\u00dfe: 25, Artikelnummer: 1503752<br \/>\n<div class=\"main-cross-sell\" data-asin=\"B0777T8T5V\">\n\n\t<div class=\"WooZone-cross-sell-loader\">\n\t\t<div>\n\t\t\t<div id=\"floatingBarsG\">\n\t\t\t\t<div class=\"blockG\" id=\"rotateG_01\"><\/div>\n\t\t\t\t<div class=\"blockG\" id=\"rotateG_02\"><\/div>\n\t\t\t\t<div class=\"blockG\" id=\"rotateG_03\"><\/div>\n\t\t\t\t<div class=\"blockG\" id=\"rotateG_04\"><\/div>\n\t\t\t\t<div class=\"blockG\" id=\"rotateG_05\"><\/div>\n\t\t\t\t<div class=\"blockG\" id=\"rotateG_06\"><\/div>\n\t\t\t\t<div class=\"blockG\" id=\"rotateG_07\"><\/div>\n\t\t\t\t<div class=\"blockG\" id=\"rotateG_08\"><\/div>\n\t\t\t<\/div>\n\t\t\t<div class=\"WooZone-cross-sell-loader-text\"><\/div>\n\t\t<\/div>\n\t<\/div>\n\n\t\t\n<\/div>\n<div style=\"clear:both;\"><\/div><\/p>\n","protected":false},"excerpt":{"rendered":"<p>Vielseitige Trekkinghose \u2013 Ob Tageswanderung, Alltag oder Trekkingtour im Gel\u00e4nde, die Hose ist der ideale Begleiter f\u00fcr jeden Tag und hat vier praktische Taschen<br \/>\nH\u00e4lt trocken \u2013 Da die Outdoor Hose atmungsaktiv sowie wasser- und windabweisend ist, h\u00e4lt sie auch bei schwei\u00dftreibenden Aufstiegen und leichten Schauern trocken<br \/>\n90% Polyamid, 10% Elasthan<\/p>\n","protected":false},"featured_media":17218,"comment_status":"open","ping_status":"closed","template":"","meta":[],"product_cat":[37],"product_tag":[],"_links":{"self":[{"href":"http:\/\/campingland24.com\/index.php?rest_route=\/wp\/v2\/product\/17217"}],"collection":[{"href":"http:\/\/campingland24.com\/index.php?rest_route=\/wp\/v2\/product"}],"about":[{"href":"http:\/\/campingland24.com\/index.php?rest_route=\/wp\/v2\/types\/product"}],"replies":[{"embeddable":true,"href":"http:\/\/campingland24.com\/index.php?rest_route=%2Fwp%2Fv2%2Fcomments&post=17217"}],"version-history":[{"count":4,"href":"http:\/\/campingland24.com\/index.php?rest_route=\/wp\/v2\/product\/17217\/revisions"}],"predecessor-version":[{"id":19840,"href":"http:\/\/campingland24.com\/index.php?rest_route=\/wp\/v2\/product\/17217\/revisions\/19840"}],"wp:featuredmedia":[{"embeddable":true,"href":"http:\/\/campingland24.com\/index.php?rest_route=\/wp\/v2\/media\/17218"}],"wp:attachment":[{"href":"http:\/\/campingland24.com\/index.php?rest_route=%2Fwp%2Fv2%2Fmedia&parent=17217"}],"wp:term":[{"taxonomy":"product_cat","embeddable":true,"href":"http:\/\/campingland24.com\/index.php?rest_route=%2Fwp%2Fv2%2Fproduct_cat&post=17217"},{"taxonomy":"product_tag","embeddable":true,"href":"http:\/\/campingland24.com\/index.php?rest_route=%2Fwp%2Fv2%2Fproduct_tag&post=17217"}],"curies":[{"name":"wp","href":"https:\/\/api.w.org\/{rel}","templated":true}]}}