{"id":17225,"date":"2021-07-29T21:45:51","date_gmt":"2021-07-29T21:45:51","guid":{"rendered":"http:\/\/campingland24.com\/?product=geographical-norway-vantaa-herren-softshell-jacke-outdoor-funktionsjacke"},"modified":"2023-02-23T18:52:11","modified_gmt":"2023-02-23T18:52:11","slug":"geographical-norway-vantaa-herren-softshell-jacke-outdoor-funktionsjacke","status":"publish","type":"product","link":"http:\/\/campingland24.com\/?product=geographical-norway-vantaa-herren-softshell-jacke-outdoor-funktionsjacke","title":{"rendered":"Geographical Norway Vantaa Herren Softshell Jacke Outdoor Funktionsjacke Wasserdicht Atmungsaktiv Winddicht"},"content":{"rendered":"<p><!-- show up to 2 reviews by default --> <\/p>\n<p>Mit unserer hochwertigen Funktionsjacke werden Mensch und Natur vereint, das hei\u00dft raus aus dem Alltag und rein in die Natur. F\u00fcr maximalen Schutz und Spa\u00df sorgt die innovative Textiltechnologie, die wir f\u00fcr unsere Jacke verwenden. Die Atmungsaktive Softshelljacke \u00fcberzeugt auf Anhieb mit ihren wasserabweisenden und winddichten Eigenschaften. Die Kapuze und die Eingriffstaschen sch\u00fctzen vor kaltem Wind. Zudem ist durch das elastische Softshellmaterial eine optimale Bewegungsfreiheit gew\u00e4hrleistet. Ob drau\u00dfen in der Stadt oder in der Natur. Die Softshelljacke ist ein sehr verl\u00e4sslicher Begleiter an der frischen Luft. <\/p>\n<p>Langarm<br \/>\n96% Polyester, 4% Elasthan<br \/>\n<div class=\"main-cross-sell\" data-asin=\"B074MZGSZW\">\n\n\t<div class=\"WooZone-cross-sell-loader\">\n\t\t<div>\n\t\t\t<div id=\"floatingBarsG\">\n\t\t\t\t<div class=\"blockG\" id=\"rotateG_01\"><\/div>\n\t\t\t\t<div class=\"blockG\" id=\"rotateG_02\"><\/div>\n\t\t\t\t<div class=\"blockG\" id=\"rotateG_03\"><\/div>\n\t\t\t\t<div class=\"blockG\" id=\"rotateG_04\"><\/div>\n\t\t\t\t<div class=\"blockG\" id=\"rotateG_05\"><\/div>\n\t\t\t\t<div class=\"blockG\" id=\"rotateG_06\"><\/div>\n\t\t\t\t<div class=\"blockG\" id=\"rotateG_07\"><\/div>\n\t\t\t\t<div class=\"blockG\" id=\"rotateG_08\"><\/div>\n\t\t\t<\/div>\n\t\t\t<div class=\"WooZone-cross-sell-loader-text\"><\/div>\n\t\t<\/div>\n\t<\/div>\n\n\t\t\n<\/div>\n<div style=\"clear:both;\"><\/div><\/p>\n","protected":false},"excerpt":{"rendered":"<p>Langarm<br \/>\n96% Polyester, 4% Elasthan<\/p>\n","protected":false},"featured_media":17226,"comment_status":"open","ping_status":"closed","template":"","meta":[],"product_cat":[37],"product_tag":[],"_links":{"self":[{"href":"http:\/\/campingland24.com\/index.php?rest_route=\/wp\/v2\/product\/17225"}],"collection":[{"href":"http:\/\/campingland24.com\/index.php?rest_route=\/wp\/v2\/product"}],"about":[{"href":"http:\/\/campingland24.com\/index.php?rest_route=\/wp\/v2\/types\/product"}],"replies":[{"embeddable":true,"href":"http:\/\/campingland24.com\/index.php?rest_route=%2Fwp%2Fv2%2Fcomments&post=17225"}],"version-history":[{"count":3,"href":"http:\/\/campingland24.com\/index.php?rest_route=\/wp\/v2\/product\/17225\/revisions"}],"predecessor-version":[{"id":19994,"href":"http:\/\/campingland24.com\/index.php?rest_route=\/wp\/v2\/product\/17225\/revisions\/19994"}],"wp:featuredmedia":[{"embeddable":true,"href":"http:\/\/campingland24.com\/index.php?rest_route=\/wp\/v2\/media\/17226"}],"wp:attachment":[{"href":"http:\/\/campingland24.com\/index.php?rest_route=%2Fwp%2Fv2%2Fmedia&parent=17225"}],"wp:term":[{"taxonomy":"product_cat","embeddable":true,"href":"http:\/\/campingland24.com\/index.php?rest_route=%2Fwp%2Fv2%2Fproduct_cat&post=17225"},{"taxonomy":"product_tag","embeddable":true,"href":"http:\/\/campingland24.com\/index.php?rest_route=%2Fwp%2Fv2%2Fproduct_tag&post=17225"}],"curies":[{"name":"wp","href":"https:\/\/api.w.org\/{rel}","templated":true}]}}