{"id":17229,"date":"2021-07-29T21:45:52","date_gmt":"2021-07-29T21:45:52","guid":{"rendered":"http:\/\/campingland24.com\/?product=jack-wolfskin-jungen-schnelltrocknende-kinder-wanderhose-treasure-hunter-pants-kids"},"modified":"2023-02-23T18:52:11","modified_gmt":"2023-02-23T18:52:11","slug":"jack-wolfskin-jungen-schnelltrocknende-kinder-wanderhose-treasure-hunter-pants-kids","status":"publish","type":"product","link":"http:\/\/campingland24.com\/?product=jack-wolfskin-jungen-schnelltrocknende-kinder-wanderhose-treasure-hunter-pants-kids","title":{"rendered":"Jack Wolfskin Jungen Schnelltrocknende Kinder Wanderhose Treasure Hunter Pants Kids"},"content":{"rendered":"<p><!-- show up to 2 reviews by default --> <\/p>\n<p>Wo geht die n\u00e4chste Abenteuerreise hin? Alpen? Kanada? Spanien? Wohin auch immer euch euer Fernweh treibt &#8211; eins steht fest: F\u00fcr die Kids muss die TREASURE HUNTER PANTS unbedingt mit.Die leichte und robuste Hose hat einen UV-Schutz von 40+ und f\u00fchlt sich mit ihrem baumwollartigen Griff super auf der Haut an. In den gro\u00dfen aufgesetzten Beintaschen findet ein M\u00fcsliriegel oder der Schl\u00fcsselbund Platz.Und kommt beim Erkunden eures Urlaubsziels mal ein kleiner Regenschauer auf, ist die TREASURE HUNTER PANTS danach schnell wieder trocken. <\/p>\n<p>UV-Schutz<br \/>\nLeicht<br \/>\nOberstoff: 95% Polyamid, 5% Elasthan<br \/>\nTREASURE HUNTER PANTS KIDS<br \/>\nModellnummer: 1608381<br \/>\nHose f\u00fcr Reisen und Freizeit<br \/>\n<div class=\"main-cross-sell\" data-asin=\"B07ZWQDDWD\">\n\n\t<div class=\"WooZone-cross-sell-loader\">\n\t\t<div>\n\t\t\t<div id=\"floatingBarsG\">\n\t\t\t\t<div class=\"blockG\" id=\"rotateG_01\"><\/div>\n\t\t\t\t<div class=\"blockG\" id=\"rotateG_02\"><\/div>\n\t\t\t\t<div class=\"blockG\" id=\"rotateG_03\"><\/div>\n\t\t\t\t<div class=\"blockG\" id=\"rotateG_04\"><\/div>\n\t\t\t\t<div class=\"blockG\" id=\"rotateG_05\"><\/div>\n\t\t\t\t<div class=\"blockG\" id=\"rotateG_06\"><\/div>\n\t\t\t\t<div class=\"blockG\" id=\"rotateG_07\"><\/div>\n\t\t\t\t<div class=\"blockG\" id=\"rotateG_08\"><\/div>\n\t\t\t<\/div>\n\t\t\t<div class=\"WooZone-cross-sell-loader-text\"><\/div>\n\t\t<\/div>\n\t<\/div>\n\n\t\t\n<\/div>\n<div style=\"clear:both;\"><\/div><\/p>\n","protected":false},"excerpt":{"rendered":"<p>UV-Schutz<br \/>\nLeicht<br \/>\nOberstoff: 95% Polyamid, 5% Elasthan<\/p>\n","protected":false},"featured_media":17230,"comment_status":"open","ping_status":"closed","template":"","meta":[],"product_cat":[37],"product_tag":[],"_links":{"self":[{"href":"http:\/\/campingland24.com\/index.php?rest_route=\/wp\/v2\/product\/17229"}],"collection":[{"href":"http:\/\/campingland24.com\/index.php?rest_route=\/wp\/v2\/product"}],"about":[{"href":"http:\/\/campingland24.com\/index.php?rest_route=\/wp\/v2\/types\/product"}],"replies":[{"embeddable":true,"href":"http:\/\/campingland24.com\/index.php?rest_route=%2Fwp%2Fv2%2Fcomments&post=17229"}],"version-history":[{"count":1,"href":"http:\/\/campingland24.com\/index.php?rest_route=\/wp\/v2\/product\/17229\/revisions"}],"predecessor-version":[{"id":18763,"href":"http:\/\/campingland24.com\/index.php?rest_route=\/wp\/v2\/product\/17229\/revisions\/18763"}],"wp:featuredmedia":[{"embeddable":true,"href":"http:\/\/campingland24.com\/index.php?rest_route=\/wp\/v2\/media\/17230"}],"wp:attachment":[{"href":"http:\/\/campingland24.com\/index.php?rest_route=%2Fwp%2Fv2%2Fmedia&parent=17229"}],"wp:term":[{"taxonomy":"product_cat","embeddable":true,"href":"http:\/\/campingland24.com\/index.php?rest_route=%2Fwp%2Fv2%2Fproduct_cat&post=17229"},{"taxonomy":"product_tag","embeddable":true,"href":"http:\/\/campingland24.com\/index.php?rest_route=%2Fwp%2Fv2%2Fproduct_tag&post=17229"}],"curies":[{"name":"wp","href":"https:\/\/api.w.org\/{rel}","templated":true}]}}