{"id":17430,"date":"2021-07-29T21:55:54","date_gmt":"2021-07-29T21:55:54","guid":{"rendered":"http:\/\/campingland24.com\/?product=kathrein-dvb-t-antenne-bzd-30-aktiv"},"modified":"2023-02-23T18:53:28","modified_gmt":"2023-02-23T18:53:28","slug":"kathrein-dvb-t-antenne-bzd-30-aktiv","status":"publish","type":"product","link":"http:\/\/campingland24.com\/?product=kathrein-dvb-t-antenne-bzd-30-aktiv","title":{"rendered":"Kathrein DVB-T-Antenne BZD 30 aktiv"},"content":{"rendered":"<p><!-- show up to 2 reviews by default --> <\/p>\n<h3>Produktbeschreibung<\/h3>\n<p>Aktive VHF\/UHF Antenne zum Empfang digitaler terrestrischer TV- und Radio-Programme (DVB-T) im Au\u00dfenbereich. f\u00fcr horizontale bzw. vertikale Polarisation ansprechendes, platzsparendes Design aktive Antenne mit integriertem Verst\u00e4rker extrem niedrige Rauschzahl BZD 30 DVB-T-Indoor-Antenne keine spezielle Ausrichtung erforderlich Anschluss: IEC-Buchse Fernspeisung (5 V\/30 mA) \u00fcber das Koaxialkabel durch den angeschlossenen DVB-T-Receiver integrierter Sperrfilter gegen GSM-St\u00f6rungen Beschreibung: F\u00fcr Fernseher Ma\u00dfe (B x H): 14 \u00d7 19, 5 cm Gewicht: 0, 5 kg. <\/p>\n<h3>Set enth\u00e4lt:<\/h3>\n<p>Zimmerantenne <\/p>\n<p>Geben Sie Ihr Modell ein, um sicherzustellen, dass dieser Artikel passt.<br \/>\nAktive VHF-\/UHF-Antenne zum Empfang digitaler terrestrischer TV- und Radio-Programme (DVB-T\/-T2).<br \/>\nKeine spezielle Ausrichtung erforderlich, da nahezu Rundstrahlcharakteristik<br \/>\nMit integriertem Verst\u00e4rker sowie einem Sperrfilter gegen GSM- und LTE-St\u00f6rung<br \/>\nFernspeisung 5 V\/30 mA \u00fcber den Antennenausgang aus dem DVB-T\/T2 Empfangsger\u00e4t<br \/>\nMADE in GERMANY<br \/>\n<div class=\"main-cross-sell\" data-asin=\"B00008VIO2\">\n\n\t<div class=\"WooZone-cross-sell-loader\">\n\t\t<div>\n\t\t\t<div id=\"floatingBarsG\">\n\t\t\t\t<div class=\"blockG\" id=\"rotateG_01\"><\/div>\n\t\t\t\t<div class=\"blockG\" id=\"rotateG_02\"><\/div>\n\t\t\t\t<div class=\"blockG\" id=\"rotateG_03\"><\/div>\n\t\t\t\t<div class=\"blockG\" id=\"rotateG_04\"><\/div>\n\t\t\t\t<div class=\"blockG\" id=\"rotateG_05\"><\/div>\n\t\t\t\t<div class=\"blockG\" id=\"rotateG_06\"><\/div>\n\t\t\t\t<div class=\"blockG\" id=\"rotateG_07\"><\/div>\n\t\t\t\t<div class=\"blockG\" id=\"rotateG_08\"><\/div>\n\t\t\t<\/div>\n\t\t\t<div class=\"WooZone-cross-sell-loader-text\"><\/div>\n\t\t<\/div>\n\t<\/div>\n\n\t\t\n<\/div>\n<div style=\"clear:both;\"><\/div><\/p>\n","protected":false},"excerpt":{"rendered":"<p>Geben Sie Ihr Modell ein, um sicherzustellen, dass dieser Artikel passt.<br \/>\nAktive VHF-\/UHF-Antenne zum Empfang digitaler terrestrischer TV- und Radio-Programme (DVB-T\/-T2).<br \/>\nKeine spezielle Ausrichtung erforderlich, da nahezu Rundstrahlcharakteristik<\/p>\n","protected":false},"featured_media":17431,"comment_status":"open","ping_status":"closed","template":"","meta":[],"product_cat":[6948],"product_tag":[],"_links":{"self":[{"href":"http:\/\/campingland24.com\/index.php?rest_route=\/wp\/v2\/product\/17430"}],"collection":[{"href":"http:\/\/campingland24.com\/index.php?rest_route=\/wp\/v2\/product"}],"about":[{"href":"http:\/\/campingland24.com\/index.php?rest_route=\/wp\/v2\/types\/product"}],"replies":[{"embeddable":true,"href":"http:\/\/campingland24.com\/index.php?rest_route=%2Fwp%2Fv2%2Fcomments&post=17430"}],"version-history":[{"count":1,"href":"http:\/\/campingland24.com\/index.php?rest_route=\/wp\/v2\/product\/17430\/revisions"}],"predecessor-version":[{"id":18820,"href":"http:\/\/campingland24.com\/index.php?rest_route=\/wp\/v2\/product\/17430\/revisions\/18820"}],"wp:featuredmedia":[{"embeddable":true,"href":"http:\/\/campingland24.com\/index.php?rest_route=\/wp\/v2\/media\/17431"}],"wp:attachment":[{"href":"http:\/\/campingland24.com\/index.php?rest_route=%2Fwp%2Fv2%2Fmedia&parent=17430"}],"wp:term":[{"taxonomy":"product_cat","embeddable":true,"href":"http:\/\/campingland24.com\/index.php?rest_route=%2Fwp%2Fv2%2Fproduct_cat&post=17430"},{"taxonomy":"product_tag","embeddable":true,"href":"http:\/\/campingland24.com\/index.php?rest_route=%2Fwp%2Fv2%2Fproduct_tag&post=17430"}],"curies":[{"name":"wp","href":"https:\/\/api.w.org\/{rel}","templated":true}]}}