{"id":17607,"date":"2021-07-29T22:02:11","date_gmt":"2021-07-29T22:02:11","guid":{"rendered":"http:\/\/campingland24.com\/?product=selfsatsnipe2rsingle-zubehoer-single-lnb"},"modified":"2023-02-23T18:53:32","modified_gmt":"2023-02-23T18:53:32","slug":"selfsatsnipe2rsingle-zubehoer-single-lnb","status":"publish","type":"product","link":"http:\/\/campingland24.com\/?product=selfsatsnipe2rsingle-zubehoer-single-lnb","title":{"rendered":"Selfsat Snipe 2 R Single mit Fernbedienung"},"content":{"rendered":"<div class=\"disclaim\"> Gr\u00f6\u00dfe:<strong>Single LNB<\/strong> <\/div>\n<p> <!-- show up to 2 reviews by default --> <\/p>\n<p>Wir pr\u00e4sentieren mit der neuen Selfsat SNIPE 2 R die weltweit erste automatische Flachantenne mit Fernbedienung. Richten Sie komfortabel Ihre Antenne auf verschiedene Positionen aus ohne den zum Controller laufen zu m\u00fcssen. Durch eine Optimierung des Geh\u00e4usedesigns ist jetzt ein noch besserer Empfang m\u00f6glich. <\/p>\n<p>Geben Sie Ihr Modell ein, um sicherzustellen, dass dieser Artikel passt.<br \/>\nVOLLAUTOMATISCHE SAT-ANTENNE: Unterwegs das Wunschprogramm empfangen: Automatische Ausrichtung auf den Wunschsatelliten per Knopfdruck &#8211; M\u00fchsames Antennenausrichten entf\u00e4llt, 11 Satelliten vorprogrammiert &#8211; Automatische Einstellung von Elevation, Azimut und Skew<br \/>\n<div class=\"main-cross-sell\" data-asin=\"B07ZHH4DZF\">\n\n\t<div class=\"WooZone-cross-sell-loader\">\n\t\t<div>\n\t\t\t<div id=\"floatingBarsG\">\n\t\t\t\t<div class=\"blockG\" id=\"rotateG_01\"><\/div>\n\t\t\t\t<div class=\"blockG\" id=\"rotateG_02\"><\/div>\n\t\t\t\t<div class=\"blockG\" id=\"rotateG_03\"><\/div>\n\t\t\t\t<div class=\"blockG\" id=\"rotateG_04\"><\/div>\n\t\t\t\t<div class=\"blockG\" id=\"rotateG_05\"><\/div>\n\t\t\t\t<div class=\"blockG\" id=\"rotateG_06\"><\/div>\n\t\t\t\t<div class=\"blockG\" id=\"rotateG_07\"><\/div>\n\t\t\t\t<div class=\"blockG\" id=\"rotateG_08\"><\/div>\n\t\t\t<\/div>\n\t\t\t<div class=\"WooZone-cross-sell-loader-text\"><\/div>\n\t\t<\/div>\n\t<\/div>\n\n\t\t\n<\/div>\n<div style=\"clear:both;\"><\/div><\/p>\n","protected":false},"excerpt":{"rendered":"<p>Geben Sie Ihr Modell ein, um sicherzustellen, dass dieser Artikel passt.<br \/>\nVOLLAUTOMATISCHE SAT-ANTENNE: Unterwegs das Wunschprogramm empfangen: Automatische Ausrichtung auf den Wunschsatelliten per Knopfdruck &#8211; M\u00fchsames Antennenausrichten entf\u00e4llt, 11 Satelliten vorprogrammiert &#8211; Automatische Einstellung von Elevation, Azimut und Skew<\/p>\n","protected":false},"featured_media":17608,"comment_status":"open","ping_status":"closed","template":"","meta":[],"product_cat":[6949],"product_tag":[],"_links":{"self":[{"href":"http:\/\/campingland24.com\/index.php?rest_route=\/wp\/v2\/product\/17607"}],"collection":[{"href":"http:\/\/campingland24.com\/index.php?rest_route=\/wp\/v2\/product"}],"about":[{"href":"http:\/\/campingland24.com\/index.php?rest_route=\/wp\/v2\/types\/product"}],"replies":[{"embeddable":true,"href":"http:\/\/campingland24.com\/index.php?rest_route=%2Fwp%2Fv2%2Fcomments&post=17607"}],"version-history":[{"count":2,"href":"http:\/\/campingland24.com\/index.php?rest_route=\/wp\/v2\/product\/17607\/revisions"}],"predecessor-version":[{"id":19498,"href":"http:\/\/campingland24.com\/index.php?rest_route=\/wp\/v2\/product\/17607\/revisions\/19498"}],"wp:featuredmedia":[{"embeddable":true,"href":"http:\/\/campingland24.com\/index.php?rest_route=\/wp\/v2\/media\/17608"}],"wp:attachment":[{"href":"http:\/\/campingland24.com\/index.php?rest_route=%2Fwp%2Fv2%2Fmedia&parent=17607"}],"wp:term":[{"taxonomy":"product_cat","embeddable":true,"href":"http:\/\/campingland24.com\/index.php?rest_route=%2Fwp%2Fv2%2Fproduct_cat&post=17607"},{"taxonomy":"product_tag","embeddable":true,"href":"http:\/\/campingland24.com\/index.php?rest_route=%2Fwp%2Fv2%2Fproduct_tag&post=17607"}],"curies":[{"name":"wp","href":"https:\/\/api.w.org\/{rel}","templated":true}]}}