{"id":17685,"date":"2021-07-29T22:03:00","date_gmt":"2021-07-29T22:03:00","guid":{"rendered":"http:\/\/campingland24.com\/?product=maxview-sat-anlage-precision-sat-kit-65"},"modified":"2023-02-23T18:53:34","modified_gmt":"2023-02-23T18:53:34","slug":"maxview-sat-anlage-precision-sat-kit-65","status":"publish","type":"product","link":"http:\/\/campingland24.com\/?product=maxview-sat-anlage-precision-sat-kit-65","title":{"rendered":"Maxview Sat-Anlage Precision Sat-Kit 65"},"content":{"rendered":"<p><!-- show up to 2 reviews by default --> <\/p>\n<p>Manuell einzustellende, portable Sat-Antenne mit Sat-Stativ. Die Maxview Precision wurde speziell f\u00fcr intuitive Bedienung entwickelt. Spezielles Augenmerk wurde hierbei auf einfachen Auf- und Abbau und das Einstellen der vormontierten Antenne gelegt. Das Finden des Satelliten ist durch den eingebauten Sat-Finder und der pr\u00e4zise einstellbaren Elevation kinderleicht. An einem Stativbein befindet sich zudem eine S\u00fcdmarkierung, die einfach nach S\u00fcden ausgerichtet werden muss. Die Drehbegrenzung am Stativ l\u00e4sst nur noch einen Suchwinkel von circa 30\u00b0 zu, in diesem Segment befindet sich der gew\u00fcnschte Satellit. Das Sat-Stativ ist mit einer Wasserwaage ausger\u00fcstet und l\u00e4sst sich so auch bei unebenem Untergrund leicht einrichten. Das beiliegende 10 m Koax-Kabel ist mit einem Multi-Strang-Kern versehen, wodurch es besonders flexibel und vor Knicken gesch\u00fctzt ist. Bei Nichtgebrauch wird die Precision in den beiden mitgelieferten Transporttaschen untergebracht, zum Sichern des abklappbaren LNB-Arms beim Transport ist die Precision mit einer magnetischen LNB-Arm-Befestigung ausger\u00fcstet. Einfacher Aufbau: markiertes Stativbein nach S\u00fcden ausrichten Spiegeleinheit montieren Elevation einstellen gew\u00fcnschten Satelliten am Receiver ausw\u00e4hlen Satelliten suchen Ma\u00dfe und Gewicht: Precision 55: B 100 x H 156 cm \/ 6,1 kg Precision 65: B 100 x H 164 cm \/ 6,6 kg Precision 75: B 100 x H 172 cm \/ 7 kg Lieferumfang: Sat-Antenne mit Sat-Stativ, Universal-LNB mit geringem Rauschma\u00df, Transporttaschen f\u00fcr Stativ und Antenne, 10 m Koax-Anschlusskabel. F\u00fcr die Nutzung in der Schweiz und Niederlande ben\u00f6tigt die Anlage einen Duo-LNB. In dieser Ausstattung ist sie als Sonderartikel bestellbar. Typ: Sat-Kit 65 Spiegelgr\u00f6\u00dfe: 65 cm LNB: Single Kabell\u00e4nge: 10 m Azimut\/Suchwinkel: circa 30\u00b0 Ma\u00dfe (B x H): 100 \u00d7 164 cm Gewicht: 6,6 kg. <\/p>\n<p>1 St\u00fcck<br \/>\nSehr effizient<br \/>\nEinfach zu verwenden<br \/>\n<div class=\"main-cross-sell\" data-asin=\"B00E5I3M0S\">\n\n\t<div class=\"WooZone-cross-sell-loader\">\n\t\t<div>\n\t\t\t<div id=\"floatingBarsG\">\n\t\t\t\t<div class=\"blockG\" id=\"rotateG_01\"><\/div>\n\t\t\t\t<div class=\"blockG\" id=\"rotateG_02\"><\/div>\n\t\t\t\t<div class=\"blockG\" id=\"rotateG_03\"><\/div>\n\t\t\t\t<div class=\"blockG\" id=\"rotateG_04\"><\/div>\n\t\t\t\t<div class=\"blockG\" id=\"rotateG_05\"><\/div>\n\t\t\t\t<div class=\"blockG\" id=\"rotateG_06\"><\/div>\n\t\t\t\t<div class=\"blockG\" id=\"rotateG_07\"><\/div>\n\t\t\t\t<div class=\"blockG\" id=\"rotateG_08\"><\/div>\n\t\t\t<\/div>\n\t\t\t<div class=\"WooZone-cross-sell-loader-text\"><\/div>\n\t\t<\/div>\n\t<\/div>\n\n\t\t\n<\/div>\n<div style=\"clear:both;\"><\/div><\/p>\n","protected":false},"excerpt":{"rendered":"<p>1 St\u00fcck<br \/>\nSehr effizient<br \/>\nEinfach zu verwenden<\/p>\n","protected":false},"featured_media":17686,"comment_status":"open","ping_status":"closed","template":"","meta":[],"product_cat":[6949],"product_tag":[],"_links":{"self":[{"href":"http:\/\/campingland24.com\/index.php?rest_route=\/wp\/v2\/product\/17685"}],"collection":[{"href":"http:\/\/campingland24.com\/index.php?rest_route=\/wp\/v2\/product"}],"about":[{"href":"http:\/\/campingland24.com\/index.php?rest_route=\/wp\/v2\/types\/product"}],"replies":[{"embeddable":true,"href":"http:\/\/campingland24.com\/index.php?rest_route=%2Fwp%2Fv2%2Fcomments&post=17685"}],"version-history":[{"count":1,"href":"http:\/\/campingland24.com\/index.php?rest_route=\/wp\/v2\/product\/17685\/revisions"}],"predecessor-version":[{"id":18886,"href":"http:\/\/campingland24.com\/index.php?rest_route=\/wp\/v2\/product\/17685\/revisions\/18886"}],"wp:featuredmedia":[{"embeddable":true,"href":"http:\/\/campingland24.com\/index.php?rest_route=\/wp\/v2\/media\/17686"}],"wp:attachment":[{"href":"http:\/\/campingland24.com\/index.php?rest_route=%2Fwp%2Fv2%2Fmedia&parent=17685"}],"wp:term":[{"taxonomy":"product_cat","embeddable":true,"href":"http:\/\/campingland24.com\/index.php?rest_route=%2Fwp%2Fv2%2Fproduct_cat&post=17685"},{"taxonomy":"product_tag","embeddable":true,"href":"http:\/\/campingland24.com\/index.php?rest_route=%2Fwp%2Fv2%2Fproduct_tag&post=17685"}],"curies":[{"name":"wp","href":"https:\/\/api.w.org\/{rel}","templated":true}]}}