{"id":17751,"date":"2021-07-29T22:03:30","date_gmt":"2021-07-29T22:03:30","guid":{"rendered":"http:\/\/campingland24.com\/?product=selfsat-snipe-v3-single-weiss-vollautomatische-satelliten-antenne-weiss-line"},"modified":"2023-02-23T18:53:36","modified_gmt":"2023-02-23T18:53:36","slug":"selfsat-snipe-v3-single-weiss-vollautomatische-satelliten-antenne-weiss-line","status":"publish","type":"product","link":"http:\/\/campingland24.com\/?product=selfsat-snipe-v3-single-weiss-vollautomatische-satelliten-antenne-weiss-line","title":{"rendered":"Selfsat Snipe V3 Single wei\u00df Vollautomatische Satelliten Antenne &#8211; Weiss Line"},"content":{"rendered":"<div class=\"disclaim\"> Stil:<strong>Snipe V3 Single<\/strong> <\/div>\n<p> <!-- show up to 2 reviews by default --> <\/p>\n<h3>Produktbeschreibung<\/h3>\n<p>Die vollautomatische Satelliten-Antenne SELFSAT SNIPE 3 &#8222;White Line&#8220; bietet durch ihr edles Design im kompletten Wei\u00dfton eine unauff\u00e4llige Installation. Durch den kompakten Aufbau nimmt die SNIPE 3 Antenne nur wenig Platz in Anspruch &#8211; ideal f\u00fcr die Montage auf dem Dach eines Wohnmobils. Auch das l\u00e4stige Ausrichten an einem neuen Standort entf\u00e4llt. Dank integriertem GPS-Modul und elektronisch gesteuertem Antrieb richtet sich die Antenne auf Knopfdruck automatisch aus. Sie empfangen selbst auf Reisen Ihr gewohntes Wunschprogramm, sofern der jeweilige Satellit erreichbar ist. Die SNIPE 3 f\u00e4hrt sich automatisch ein, sobald Sie den Receiver ausschalten oder das Fahrzeug starten. Trotz ihrer geringen Abmessungen bietet die Selfsat SNIPE 3 ein sehr gutes Empfangsergebnis. Durch den dreischichtigen Antennenaufbau mit Wave-Guide-Horn-Array-Funktion wird die diffuse Reflexion des Satellitensignals weitgehend verhindert. Horizontal und vertikal polarisierte Signale werden voneinander getrennt und geb\u00fcndelt auf den LNB geleitet. Das Resultat: eine hohe Signalst\u00e4rke am LNB. <\/p>\n<h3>Set enth\u00e4lt:<\/h3>\n<p>Selfsat Snipe V3 Single, Campingcoffer, Controller, Bedienungsanleitung <\/p>\n<p>Geben Sie Ihr Modell ein, um sicherzustellen, dass dieser Artikel passt.<br \/>\nUnterwegs das Wunschprogramm empfangen: automatische Ausrichtung auf den Wunschsatelliten per Knopfdruck<br \/>\nM\u00fchsames Antennenausrichten entf\u00e4llt<br \/>\n10 vorprogrammierte Satelliten (Turksat, Astra 2, Astra 3, Astra 1, Hotbird, Eutelsat 9, Astra 4, Thor, Eutelsat 5W, Hispasat). Neben den vorprogrammierten Satelliten k\u00f6nnen noch 2 weitere Satelliten hinzugef\u00fcgt werden.<br \/>\nAutomatische Einstellung von Elevation, Azimut und Skew durch Antennenantrieb<br \/>\nEmpfangsleistung vergleichbar mit einem konventionellen 60cm Spiegel<br \/>\nSehr praktisch f\u00fcr Reisemobile: ultraflache Konstruktion<br \/>\nF\u00fcr den mobilen Einsatz als auch f\u00fcr eine feste Dachmontage geeignet \/ F\u00fcr Dauerseinsatz geeignet<br \/>\nWasserdichte Konstruktion mit Entw\u00e4sserungssystem<br \/>\nWeltweit kleinste und leistungsst\u00e4rkste automatische Satellitenantenne<br \/>\nMit Single LNB f\u00fcr 1 Teilnehmer (Receiver\/TV)<br \/>\n<div class=\"main-cross-sell\" data-asin=\"B0779C6LK9\">\n\n\t<div class=\"WooZone-cross-sell-loader\">\n\t\t<div>\n\t\t\t<div id=\"floatingBarsG\">\n\t\t\t\t<div class=\"blockG\" id=\"rotateG_01\"><\/div>\n\t\t\t\t<div class=\"blockG\" id=\"rotateG_02\"><\/div>\n\t\t\t\t<div class=\"blockG\" id=\"rotateG_03\"><\/div>\n\t\t\t\t<div class=\"blockG\" id=\"rotateG_04\"><\/div>\n\t\t\t\t<div class=\"blockG\" id=\"rotateG_05\"><\/div>\n\t\t\t\t<div class=\"blockG\" id=\"rotateG_06\"><\/div>\n\t\t\t\t<div class=\"blockG\" id=\"rotateG_07\"><\/div>\n\t\t\t\t<div class=\"blockG\" id=\"rotateG_08\"><\/div>\n\t\t\t<\/div>\n\t\t\t<div class=\"WooZone-cross-sell-loader-text\"><\/div>\n\t\t<\/div>\n\t<\/div>\n\n\t\t\n<\/div>\n<div style=\"clear:both;\"><\/div><\/p>\n","protected":false},"excerpt":{"rendered":"<p>Geben Sie Ihr Modell ein, um sicherzustellen, dass dieser Artikel passt.<br \/>\nUnterwegs das Wunschprogramm empfangen: automatische Ausrichtung auf den Wunschsatelliten per Knopfdruck<br \/>\nM\u00fchsames Antennenausrichten entf\u00e4llt<\/p>\n","protected":false},"featured_media":17752,"comment_status":"open","ping_status":"closed","template":"","meta":[],"product_cat":[6949],"product_tag":[],"_links":{"self":[{"href":"http:\/\/campingland24.com\/index.php?rest_route=\/wp\/v2\/product\/17751"}],"collection":[{"href":"http:\/\/campingland24.com\/index.php?rest_route=\/wp\/v2\/product"}],"about":[{"href":"http:\/\/campingland24.com\/index.php?rest_route=\/wp\/v2\/types\/product"}],"replies":[{"embeddable":true,"href":"http:\/\/campingland24.com\/index.php?rest_route=%2Fwp%2Fv2%2Fcomments&post=17751"}],"version-history":[{"count":1,"href":"http:\/\/campingland24.com\/index.php?rest_route=\/wp\/v2\/product\/17751\/revisions"}],"predecessor-version":[{"id":18903,"href":"http:\/\/campingland24.com\/index.php?rest_route=\/wp\/v2\/product\/17751\/revisions\/18903"}],"wp:featuredmedia":[{"embeddable":true,"href":"http:\/\/campingland24.com\/index.php?rest_route=\/wp\/v2\/media\/17752"}],"wp:attachment":[{"href":"http:\/\/campingland24.com\/index.php?rest_route=%2Fwp%2Fv2%2Fmedia&parent=17751"}],"wp:term":[{"taxonomy":"product_cat","embeddable":true,"href":"http:\/\/campingland24.com\/index.php?rest_route=%2Fwp%2Fv2%2Fproduct_cat&post=17751"},{"taxonomy":"product_tag","embeddable":true,"href":"http:\/\/campingland24.com\/index.php?rest_route=%2Fwp%2Fv2%2Fproduct_tag&post=17751"}],"curies":[{"name":"wp","href":"https:\/\/api.w.org\/{rel}","templated":true}]}}