{"id":17897,"date":"2021-07-30T08:35:13","date_gmt":"2021-07-30T08:35:13","guid":{"rendered":"http:\/\/campingland24.com\/?product=ulogu-wanderschuhe-herren-damen-wasserdicht-leicht-outdoor-trekking-schuhe-gr-37-47"},"modified":"2023-02-23T18:54:31","modified_gmt":"2023-02-23T18:54:31","slug":"ulogu-wanderschuhe-herren-damen-wasserdicht-leicht-outdoor-trekking-schuhe-gr-37-47","status":"publish","type":"product","link":"http:\/\/campingland24.com\/?product=ulogu-wanderschuhe-herren-damen-wasserdicht-leicht-outdoor-trekking-schuhe-gr-37-47","title":{"rendered":"Ulogu Wanderschuhe Herren Damen Wasserdicht Leicht Outdoor Trekking Schuhe Gr.37-47"},"content":{"rendered":"<div class=\"celwidget aplus-module module-11 aplus-standard\">\n<div data-a-expander-name=\"aplus-module-expander\" data-a-expander-collapsed-height=\"360\" class=\"a-expander-collapsed-height a-row a-expander-container a-expander-partial-collapse-container\">\n<div class=\"a-expander-content a-expander-partial-collapse-content\">\n<div class=\"aplus-module-wrapper apm-spacing apm-floatnone apm-fixed-width\">\n<div class=\"apm-sidemodule aplus-module-content\">\n<div class=\"apm-hero-image\"> <img alt=\" \" src=\"https:\/\/images-na.ssl-images-amazon.com\/images\/G\/01\/x-locale\/common\/grey-pixel.gif\" class=\"a-lazy-loaded\" data-src=\"https:\/\/m.media-amazon.com\/images\/S\/aplus-media\/sc\/28448780-85af-4333-84ff-52872c534af9.__CR0,0,970,300_PT0_SX970_V1___.jpg\"><img alt=\" \" src=\"https:\/\/m.media-amazon.com\/images\/S\/aplus-media\/sc\/28448780-85af-4333-84ff-52872c534af9.__CR0,0,970,300_PT0_SX970_V1___.jpg\"> <\/div>\n<\/p><\/div>\n<\/p><\/div>\n<div><\/div>\n<\/p><\/div>\n<div class=\"a-expander-header a-expander-partial-collapse-header a-text-left\">\n<div class=\"a-expander-content-fade\"><\/div>\n<p><a href=\"void(0)\" data-action=\"a-expander-toggle\" class=\"a-declarative\" data-a-expander-toggle=\"{\"><i class=\"a-icon a-icon-extender-expand\"><\/i><span class=\"a-expander-prompt\">Mehr lesen<\/span><\/a><\/div>\n<\/p><\/div>\n<\/p><\/div>\n<div class=\"celwidget aplus-module 3p-module-b aplus-standard\">\n<div class=\"aplus-module-wrapper aplus-3p-fixed-width\"> <img alt=\" \" src=\"https:\/\/images-na.ssl-images-amazon.com\/images\/G\/01\/x-locale\/common\/grey-pixel.gif\" class=\"a-spacing-base a-lazy-loaded\" data-src=\"https:\/\/m.media-amazon.com\/images\/S\/aplus-media\/sc\/9b157722-d053-4379-b708-20815c5c3fb5.__CR0,0,970,600_PT0_SX970_V1___.jpg\"><img alt=\" \" src=\"https:\/\/m.media-amazon.com\/images\/S\/aplus-media\/sc\/9b157722-d053-4379-b708-20815c5c3fb5.__CR0,0,970,600_PT0_SX970_V1___.jpg\"> <\/p>\n<h3 class=\"a-spacing-mini\"> Ulogu Trekking- &amp; Wanderstiefel Leicht rutschfest Outdoorschuhe <\/h3>\n<p class=\"a-spacing-base\"> Ein strapazierf\u00e4higer, leichter Wanderschuhe mit beschichtetem Leder, gebaut f\u00fcr Komfort, Schutz und Stil. Machen Sie mit unseren wasserdicht Wanderschuhe Fu\u00dfspuren auf Ihrem Lieblingsweg. Ausgestattet mit wasserdicht, reaktionsschneller D\u00e4mpfung und \u00fcberlegenen Traktions-Au\u00dfensohlen \u2013 alle f\u00fcr kilometerlanges Gel\u00e4nde bei jedem Wetter. Mit Ihrer Performance-Wanderausr\u00fcstung, Jeans und einem T-Shirt sehen sie gro\u00dfartig aus. <\/p>\n<\/p><\/div>\n<\/p><\/div>\n<div class=\"celwidget aplus-module module-9 aplus-standard\">\n<div data-a-expander-name=\"aplus-module-expander\" data-a-expander-collapsed-height=\"700\" class=\"a-expander-collapsed-height a-row a-expander-container a-expander-partial-collapse-container\">\n<div class=\"a-expander-content a-expander-partial-collapse-content\">\n<div class=\"aplus-module-wrapper apm-fixed-width\">\n<div class=\"apm-spacing apm-fixed-width\">\n<table class=\"apm-fixed-width apm-eventhirdcol-table\">\n<tbody>\n<tr>\n<th class=\"apm-center\">\n<div class=\"apm-eventhirdcol apm-floatleft\">\n<p> <img alt=\" \" src=\"https:\/\/images-na.ssl-images-amazon.com\/images\/G\/01\/x-locale\/common\/grey-pixel.gif\" class=\"a-spacing-mini a-lazy-loaded\" data-src=\"https:\/\/m.media-amazon.com\/images\/S\/aplus-media\/sc\/c9b5118f-a032-434c-a730-f31a85004bcd.__CR0,0,300,300_PT0_SX300_V1___.jpg\"><\/p>\n<p><img alt=\" \" src=\"https:\/\/m.media-amazon.com\/images\/S\/aplus-media\/sc\/c9b5118f-a032-434c-a730-f31a85004bcd.__CR0,0,300,300_PT0_SX300_V1___.jpg\"> <\/div>\n<\/th>\n<th class=\"apm-center\">\n<div class=\"apm-eventhirdcol apm-floatleft\">\n<p> <img alt=\" \" src=\"https:\/\/images-na.ssl-images-amazon.com\/images\/G\/01\/x-locale\/common\/grey-pixel.gif\" class=\"a-spacing-mini a-lazy-loaded\" data-src=\"https:\/\/m.media-amazon.com\/images\/S\/aplus-media\/sc\/f3737a71-98b0-44a8-95ed-a9197b810346.__CR0,0,300,300_PT0_SX300_V1___.jpg\"><\/p>\n<p><img alt=\" \" src=\"https:\/\/m.media-amazon.com\/images\/S\/aplus-media\/sc\/f3737a71-98b0-44a8-95ed-a9197b810346.__CR0,0,300,300_PT0_SX300_V1___.jpg\"> <\/div>\n<\/th>\n<th class=\"apm-center\">\n<div class=\"apm-eventhirdcol apm-floatleft\">\n<p> <img alt=\" \" src=\"https:\/\/images-na.ssl-images-amazon.com\/images\/G\/01\/x-locale\/common\/grey-pixel.gif\" class=\"a-spacing-mini a-lazy-loaded\" data-src=\"https:\/\/m.media-amazon.com\/images\/S\/aplus-media\/sc\/c9df8fc2-5d86-4c6a-86c2-8fd166a23518.__CR0,0,300,300_PT0_SX300_V1___.jpg\"><\/p>\n<p><img alt=\" \" src=\"https:\/\/m.media-amazon.com\/images\/S\/aplus-media\/sc\/c9df8fc2-5d86-4c6a-86c2-8fd166a23518.__CR0,0,300,300_PT0_SX300_V1___.jpg\"> <\/div>\n<\/th>\n<\/tr>\n<tr>\n<td class=\"apm-top\">\n<div class=\"apm-eventhirdcol apm-floatleft\">\n<h4 class=\"a-spacing-mini\"> Wasserdicht Stoff Wanderschuhe <\/h4>\n<p> Wanderschuhe f\u00fcr Outdoor-Wandern, verf\u00fcgen diese Stiefel \u00fcber wasserdicht Schutz und Mikrofaser und W\u00e4rme Reflektierendes Futter, die W\u00e4rme und Komfort den ganzen Tag maximieren. Die Trekkingschuhe Perfekt f\u00fcr Hardcore-Trekking durch schneebedeckte Tundra. <\/p>\n<\/p><\/div>\n<\/td>\n<td class=\"apm-top\">\n<div class=\"apm-eventhirdcol apm-floatleft\">\n<h4 class=\"a-spacing-mini\"> Zehenschutz und Kn\u00f6chelst\u00fctze <\/h4>\n<p> Trekkingschuhe haben mehrfachen Kollisionsschutz, Pflege der Zehen. Die weiche Polsterung am Kn\u00f6chel und das hoch geschnittene Design verhindern, dass Schmutz und kleine Fremdk\u00f6rper in die Schuhe gelangen, sch\u00fctzt den Fu\u00df f\u00fcr ein gesundes Gehen. <\/p>\n<\/p><\/div>\n<\/td>\n<td class=\"apm-top\">\n<div class=\"apm-eventhirdcol apm-floatleft\">\n<h4 class=\"a-spacing-mini\"> Rutschfeste Wanderschuhe <\/h4>\n<p> Die Wasserdicht Wanderschuhe sind mit einer strapazierf\u00e4higen Gummisohle, bietet hohen Grip \u00fcber eine Vielzahl von Gel\u00e4ndeunden, die taglangen Komfort mit Fu\u00dfst\u00fctze und D\u00e4mpfung bietet. und einen vielseitigen Einsatz in Fr\u00fchling, Sommer, Herbst, Winter. <\/p>\n<\/p><\/div>\n<\/td>\n<\/tr>\n<\/tbody>\n<\/table>\n<\/div><\/div>\n<div><\/div>\n<\/p><\/div>\n<div class=\"a-expander-header a-expander-partial-collapse-header a-text-left\">\n<div class=\"a-expander-content-fade\"><\/div>\n<p><a href=\"void(0)\" data-action=\"a-expander-toggle\" class=\"a-declarative\" data-a-expander-toggle=\"{\"><i class=\"a-icon a-icon-extender-expand\"><\/i><span class=\"a-expander-prompt\">Mehr lesen<\/span><\/a><\/div>\n<\/p><\/div>\n<\/p><\/div>\n<div class=\"celwidget aplus-module module-11 aplus-standard\">\n<div data-a-expander-name=\"aplus-module-expander\" data-a-expander-collapsed-height=\"360\" class=\"a-expander-collapsed-height a-row a-expander-container a-expander-partial-collapse-container\">\n<div class=\"a-expander-content a-expander-partial-collapse-content\">\n<div class=\"aplus-module-wrapper apm-spacing apm-floatnone apm-fixed-width\">\n<div class=\"apm-sidemodule aplus-module-content\">\n<div class=\"apm-hero-image\"> <img alt=\" \" src=\"https:\/\/images-na.ssl-images-amazon.com\/images\/G\/01\/x-locale\/common\/grey-pixel.gif\" class=\"a-lazy-loaded\" data-src=\"https:\/\/m.media-amazon.com\/images\/S\/aplus-media\/sc\/05d2d853-b1f0-41e8-8a0d-1f8ec5f7c4f2.__CR0,0,970,300_PT0_SX970_V1___.jpg\"><img alt=\" \" src=\"https:\/\/m.media-amazon.com\/images\/S\/aplus-media\/sc\/05d2d853-b1f0-41e8-8a0d-1f8ec5f7c4f2.__CR0,0,970,300_PT0_SX970_V1___.jpg\"> <\/div>\n<\/p><\/div>\n<\/p><\/div>\n<div><\/div>\n<\/p><\/div>\n<div class=\"a-expander-header a-expander-partial-collapse-header a-text-left\">\n<div class=\"a-expander-content-fade\"><\/div>\n<p><a href=\"void(0)\" data-action=\"a-expander-toggle\" class=\"a-declarative\" data-a-expander-toggle=\"{\"><i class=\"a-icon a-icon-extender-expand\"><\/i><span class=\"a-expander-prompt\">Mehr lesen<\/span><\/a><\/div>\n<\/p><\/div>\n<\/p><\/div>\n<p>Obermaterial: Wanderschuhe aus Langlebiges PU Leder Obermaterial, Weich und z\u00e4h, widerstandsf\u00e4higer gegen Verschlei\u00df, und ist wind- und wasserabweisender.<br \/>\nInnenmaterial: Das Innenmaterial von Wanderschuhe ist weich, warm und bequem, und gleichzeitig die Funktion der Absorption und Trockenhaltung haben.sodass Ihre F\u00fc\u00dfe nicht mehr kalt sind.<br \/>\nSohle: Die Rutschfeste Gummisohle hat starke Profile. Bieten Sie zus\u00e4tzliche Griffigkeit und Sicherheit. Verschlei\u00dffest, rutschfest, langlebig. Deutlich reduziertes Gesamtgewicht und verbesserte Sto\u00dfd\u00e4mpfung.<br \/>\nVerschluss: Schn\u00fcren<br \/>\nAbsatzh\u00f6he: 3 cm<br \/>\nAbsatzform: Flach. Diese Trekkingschuhe mit Mode und umfassende Funktion k\u00f6nnen f\u00fcr Laufen, Wandern, Bergwandern, Trekking, Reise, Klettern, Wanderwege, Outdoor lange Spazierg\u00e4nge oder jedes Abenteuer, Sport usw.<br \/>\nSchuhweite: Schmal<br \/>\n<div class=\"main-cross-sell\" data-asin=\"B08R8C7PT6\">\n\n\t<div class=\"WooZone-cross-sell-loader\">\n\t\t<div>\n\t\t\t<div id=\"floatingBarsG\">\n\t\t\t\t<div class=\"blockG\" id=\"rotateG_01\"><\/div>\n\t\t\t\t<div class=\"blockG\" id=\"rotateG_02\"><\/div>\n\t\t\t\t<div class=\"blockG\" id=\"rotateG_03\"><\/div>\n\t\t\t\t<div class=\"blockG\" id=\"rotateG_04\"><\/div>\n\t\t\t\t<div class=\"blockG\" id=\"rotateG_05\"><\/div>\n\t\t\t\t<div class=\"blockG\" id=\"rotateG_06\"><\/div>\n\t\t\t\t<div class=\"blockG\" id=\"rotateG_07\"><\/div>\n\t\t\t\t<div class=\"blockG\" id=\"rotateG_08\"><\/div>\n\t\t\t<\/div>\n\t\t\t<div class=\"WooZone-cross-sell-loader-text\"><\/div>\n\t\t<\/div>\n\t<\/div>\n\n\t\t\n<\/div>\n<div style=\"clear:both;\"><\/div><\/p>\n","protected":false},"excerpt":{"rendered":"<p>Obermaterial: Wanderschuhe aus Langlebiges PU Leder Obermaterial, Weich und z\u00e4h, widerstandsf\u00e4higer gegen Verschlei\u00df, und ist wind- und wasserabweisender.<br \/>\nInnenmaterial: Das Innenmaterial von Wanderschuhe ist weich, warm und bequem, und gleichzeitig die Funktion der Absorption und Trockenhaltung haben.sodass Ihre F\u00fc\u00dfe nicht mehr kalt sind.<br \/>\nSohle: Die Rutschfeste Gummisohle hat starke Profile. Bieten Sie zus\u00e4tzliche Griffigkeit und Sicherheit. Verschlei\u00dffest, rutschfest, langlebig. Deutlich reduziertes Gesamtgewicht und verbesserte Sto\u00dfd\u00e4mpfung.<\/p>\n","protected":false},"featured_media":17898,"comment_status":"open","ping_status":"closed","template":"","meta":[],"product_cat":[7072,7073],"product_tag":[],"_links":{"self":[{"href":"http:\/\/campingland24.com\/index.php?rest_route=\/wp\/v2\/product\/17897"}],"collection":[{"href":"http:\/\/campingland24.com\/index.php?rest_route=\/wp\/v2\/product"}],"about":[{"href":"http:\/\/campingland24.com\/index.php?rest_route=\/wp\/v2\/types\/product"}],"replies":[{"embeddable":true,"href":"http:\/\/campingland24.com\/index.php?rest_route=%2Fwp%2Fv2%2Fcomments&post=17897"}],"version-history":[{"count":1,"href":"http:\/\/campingland24.com\/index.php?rest_route=\/wp\/v2\/product\/17897\/revisions"}],"predecessor-version":[{"id":18921,"href":"http:\/\/campingland24.com\/index.php?rest_route=\/wp\/v2\/product\/17897\/revisions\/18921"}],"wp:featuredmedia":[{"embeddable":true,"href":"http:\/\/campingland24.com\/index.php?rest_route=\/wp\/v2\/media\/17898"}],"wp:attachment":[{"href":"http:\/\/campingland24.com\/index.php?rest_route=%2Fwp%2Fv2%2Fmedia&parent=17897"}],"wp:term":[{"taxonomy":"product_cat","embeddable":true,"href":"http:\/\/campingland24.com\/index.php?rest_route=%2Fwp%2Fv2%2Fproduct_cat&post=17897"},{"taxonomy":"product_tag","embeddable":true,"href":"http:\/\/campingland24.com\/index.php?rest_route=%2Fwp%2Fv2%2Fproduct_tag&post=17897"}],"curies":[{"name":"wp","href":"https:\/\/api.w.org\/{rel}","templated":true}]}}