{"id":17905,"date":"2021-07-30T08:35:16","date_gmt":"2021-07-30T08:35:16","guid":{"rendered":"http:\/\/campingland24.com\/?product=adidas-damen-terrex-swift-r2-mid-gtx-w-traillaufschuh"},"modified":"2023-02-23T18:54:32","modified_gmt":"2023-02-23T18:54:32","slug":"adidas-damen-terrex-swift-r2-mid-gtx-w-traillaufschuh","status":"publish","type":"product","link":"http:\/\/campingland24.com\/?product=adidas-damen-terrex-swift-r2-mid-gtx-w-traillaufschuh","title":{"rendered":"adidas Damen Terrex Swift R2 Mid GTX Walking Shoe"},"content":{"rendered":"<p><!-- show up to 2 reviews by default --> <\/p>\n<p>Of het nu gaat om paspoort of topje, verharde of onverharde weg, het maakt allemaal deel uit van het avontuur. De Adidas Terrex Swift R2 Mid Gore-Tex wandelschoen is de perfecte allrounder voor je tijd in de natuur. Hij is aangenaam licht en biedt je grip, zodat je je veilig en snel in de bergen kunt bewegen. Bovendien is hij bovendien nog waterdicht en tegelijkertijd ademend.<\/p>\n<p>Egal, ob Pass oder Gipfel, befestigter oder unbefestigter Weg \u2013 es ist alles Teil des Abenteuers. Der adidas TERREX Swift R2 Mid GORE-TEX Wanderschuh ist der perfekte Allrounder f\u00fcr deine Zeit in der Natur. Er ist angenehm leicht und bietet dir Halt, damit du dich sicher und schnell in den Bergen bewegen kannst. Au\u00dferdem ist er zus\u00e4tzlich noch wasserdicht und gleichzeitig atmungsaktiv.<\/p>\n<p>\u0130ster pasaport ister zirve, ister sabitlenmi\u015f veya sabitlenmemi\u015f yol, her \u015fey maceran\u0131n bir par\u00e7as\u0131d\u0131r. adidas Terrex Swift R2 Mid Gore-Tex y\u00fcr\u00fcy\u00fc\u015f ayakkab\u0131s\u0131, do\u011fada zaman\u0131n\u0131z i\u00e7in m\u00fckemmel bir \u00e7ok y\u00f6nl\u00fc ayakkab\u0131d\u0131r. Rahat bir \u015fekilde hafiftir ve size tutu\u015f sa\u011flar, b\u00f6ylece g\u00fcvenli ve h\u0131zl\u0131 bir \u015fekilde da\u011flarda hareket edebilirsiniz. Ayr\u0131ca su ge\u00e7irmez ve ayn\u0131 zamanda nefes al\u0131r.<\/p>\n<p>Nez\u00e1le\u017e\u00ed na tom, zda se jedn\u00e1 o pas nebo ba\u0148ky, p\u0159ipevn\u011bn\u00e1 nebo nep\u0159ipevn\u011bn\u00e1 cesta \u2013 je to v\u0161e sou\u010d\u00e1st\u00ed dobrodru\u017estv\u00ed. Turistick\u00e1 obuv Adidas Terrex Swift R2 Mid GORE-TEX je perfektn\u00ed v\u0161estrannou volbou pro v\u00e1\u0161 \u010das v p\u0159\u00edrod\u011b. Je p\u0159\u00edjemn\u011b lehk\u00fd a nab\u00edz\u00ed v\u00e1m stabilitu, abyste se mohli bezpe\u010dn\u011b a rychle pohybovat v hor\u00e1ch. Krom\u011b toho je nav\u00edc je\u0161t\u011b vodot\u011bsn\u00fd a sou\u010dasn\u011b prody\u0161n\u00fd.<\/p>\n<p>Whether pass or peak, paved or unpaved path, it&#8217;s all part of the adventure. The Adidas Terrex Swift R2 Mid Gore-Tex hiking shoe is the perfect all-rounder for your time in nature. It is pleasantly light and offers you support, so you can move safely and quickly in the mountains. It is also waterproof and breathable at the same time.<\/p>\n<p>Niezale\u017cnie od tego, czy paszport czy szczyt, utwardzona czy nieutwardzona droga \u2013 jest to ca\u0142a przygoda. Buty trekkingowe adidas TERREX Swift R2 Mid Gore-Tex to idealne wszechstronne buty na czas na \u0142onie natury. Jest przyjemnie lekki i zapewnia dobr\u0105 przyczepno\u015b\u0107, dzi\u0119ki czemu mo\u017cesz bezpiecznie i szybko porusza\u0107 si\u0119 w g\u00f3rach. Ponadto jest on dodatkowo wodoszczelny i jednocze\u015bnie oddychaj\u0105cy. <\/p>\n<p>Obermaterial: Synthetik<br \/>\nInnenmaterial: Textil<br \/>\nSohle: Gummi<br \/>\nVerschluss: Schn\u00fcrsenkel<br \/>\nAbsatzform: Flach<br \/>\nSchuhweite: Schmal<br \/>\nNicht wasserdicht<br \/>\n<div class=\"main-cross-sell\" data-asin=\"B0813VTRLS\">\n\n\t<div class=\"WooZone-cross-sell-loader\">\n\t\t<div>\n\t\t\t<div id=\"floatingBarsG\">\n\t\t\t\t<div class=\"blockG\" id=\"rotateG_01\"><\/div>\n\t\t\t\t<div class=\"blockG\" id=\"rotateG_02\"><\/div>\n\t\t\t\t<div class=\"blockG\" id=\"rotateG_03\"><\/div>\n\t\t\t\t<div class=\"blockG\" id=\"rotateG_04\"><\/div>\n\t\t\t\t<div class=\"blockG\" id=\"rotateG_05\"><\/div>\n\t\t\t\t<div class=\"blockG\" id=\"rotateG_06\"><\/div>\n\t\t\t\t<div class=\"blockG\" id=\"rotateG_07\"><\/div>\n\t\t\t\t<div class=\"blockG\" id=\"rotateG_08\"><\/div>\n\t\t\t<\/div>\n\t\t\t<div class=\"WooZone-cross-sell-loader-text\"><\/div>\n\t\t<\/div>\n\t<\/div>\n\n\t\t\n<\/div>\n<div style=\"clear:both;\"><\/div><\/p>\n","protected":false},"excerpt":{"rendered":"<p>Obermaterial: Synthetik<br \/>\nInnenmaterial: Textil<br \/>\nSohle: Gummi<\/p>\n","protected":false},"featured_media":17906,"comment_status":"open","ping_status":"closed","template":"","meta":[],"product_cat":[7072,7073],"product_tag":[],"_links":{"self":[{"href":"http:\/\/campingland24.com\/index.php?rest_route=\/wp\/v2\/product\/17905"}],"collection":[{"href":"http:\/\/campingland24.com\/index.php?rest_route=\/wp\/v2\/product"}],"about":[{"href":"http:\/\/campingland24.com\/index.php?rest_route=\/wp\/v2\/types\/product"}],"replies":[{"embeddable":true,"href":"http:\/\/campingland24.com\/index.php?rest_route=%2Fwp%2Fv2%2Fcomments&post=17905"}],"version-history":[{"count":7,"href":"http:\/\/campingland24.com\/index.php?rest_route=\/wp\/v2\/product\/17905\/revisions"}],"predecessor-version":[{"id":20030,"href":"http:\/\/campingland24.com\/index.php?rest_route=\/wp\/v2\/product\/17905\/revisions\/20030"}],"wp:featuredmedia":[{"embeddable":true,"href":"http:\/\/campingland24.com\/index.php?rest_route=\/wp\/v2\/media\/17906"}],"wp:attachment":[{"href":"http:\/\/campingland24.com\/index.php?rest_route=%2Fwp%2Fv2%2Fmedia&parent=17905"}],"wp:term":[{"taxonomy":"product_cat","embeddable":true,"href":"http:\/\/campingland24.com\/index.php?rest_route=%2Fwp%2Fv2%2Fproduct_cat&post=17905"},{"taxonomy":"product_tag","embeddable":true,"href":"http:\/\/campingland24.com\/index.php?rest_route=%2Fwp%2Fv2%2Fproduct_tag&post=17905"}],"curies":[{"name":"wp","href":"https:\/\/api.w.org\/{rel}","templated":true}]}}