{"id":17925,"date":"2021-07-30T08:35:25","date_gmt":"2021-07-30T08:35:25","guid":{"rendered":"http:\/\/campingland24.com\/?product=salomon-xa-pro-3d-v8-gtx-herren-wasserdichte-trailrunning-schuhe"},"modified":"2023-02-23T18:54:32","modified_gmt":"2023-02-23T18:54:32","slug":"salomon-xa-pro-3d-v8-gtx-herren-wasserdichte-trailrunning-schuhe","status":"publish","type":"product","link":"http:\/\/campingland24.com\/?product=salomon-xa-pro-3d-v8-gtx-herren-wasserdichte-trailrunning-schuhe","title":{"rendered":"Salomon XA PRO 3D v8 GTX Herren-Schuhe Mit 3D Advanced Chassis F\u00fcr Trailrunning"},"content":{"rendered":"<p><!-- show up to 2 reviews by default --> <\/p>\n<p>Erleben Sie eine leichtere Variante des legend\u00e4ren XA Pro 3D. Der Schuh XA PRO 3D v8 ist ein Beispiel f\u00fcr einen treuen Begleiter auf all Ihren Outdoor-Abenteuern in jedem Gel\u00e4nde. Genie\u00dfen Sie langanhaltende Stabilit\u00e4t. &#8211; LEICHTIGKEIT &#8211; Erleben Sie einen leichten Schuh (370 g) f\u00fcr Ihr t\u00e4gliches Training. &#8211; WASSERDICHT &#8211; Die wasserdichte GORE-TEX-Membran h\u00e4lt Ihre F\u00fc\u00dfe \u00fcber die ganze Zeit trocken. &#8211; D\u00c4MPFUNG &#8211; Die EnergyCell-Technologie in der Zwischensohle sowie die Ortholite-Sohle sorgen f\u00fcr maximalen Komfort \u00fcber den ganzen Tag. &#8211; SCHNELLSCHN\u00dcRSYSTEM &#8211; Das Quicklace-Schn\u00fcrsystem erm\u00f6glicht es Ihnen, Ihre Schuhe schnell an- und wieder ausziehen, ohne Knoten und Anstrengung. &#8211; PASSFORM UND SCHUTZ &#8211; Das Sensifit-System umschlie\u00dft den Fu\u00df optimal und bietet einen perfekten und festen Sitz. &#8211; SOHLE &#8211; Die Contagrip-Premium-Sohle besteht aus einem leichten und robusten Gummi, der Griffigkeit und Stabilit\u00e4t f\u00fcr sicheres Laufen auf nassen Oberfl\u00e4chen bietet. &#8211; STABILIT\u00c4T &#8211; Gr\u00f6\u00dferer seitlicher Halt dank des 3D-Chassis. <\/p>\n<p>Obermaterial: Synthetisch<br \/>\nInnenmaterial: Synthetic<br \/>\nSohle: Gummi<br \/>\nVerschluss: Lace Up<br \/>\nAbsatzform: Plateau<br \/>\nSchuhweite: Schmal<br \/>\nNicht wasserdicht<br \/>\n<div class=\"main-cross-sell\" data-asin=\"B07WM8Z3NM\">\n\n\t<div class=\"WooZone-cross-sell-loader\">\n\t\t<div>\n\t\t\t<div id=\"floatingBarsG\">\n\t\t\t\t<div class=\"blockG\" id=\"rotateG_01\"><\/div>\n\t\t\t\t<div class=\"blockG\" id=\"rotateG_02\"><\/div>\n\t\t\t\t<div class=\"blockG\" id=\"rotateG_03\"><\/div>\n\t\t\t\t<div class=\"blockG\" id=\"rotateG_04\"><\/div>\n\t\t\t\t<div class=\"blockG\" id=\"rotateG_05\"><\/div>\n\t\t\t\t<div class=\"blockG\" id=\"rotateG_06\"><\/div>\n\t\t\t\t<div class=\"blockG\" id=\"rotateG_07\"><\/div>\n\t\t\t\t<div class=\"blockG\" id=\"rotateG_08\"><\/div>\n\t\t\t<\/div>\n\t\t\t<div class=\"WooZone-cross-sell-loader-text\"><\/div>\n\t\t<\/div>\n\t<\/div>\n\n\t\t\n<\/div>\n<div style=\"clear:both;\"><\/div><\/p>\n","protected":false},"excerpt":{"rendered":"<p>Obermaterial: Synthetisch<br \/>\nInnenmaterial: Synthetic<br \/>\nSohle: Gummi<\/p>\n","protected":false},"featured_media":17926,"comment_status":"open","ping_status":"closed","template":"","meta":[],"product_cat":[7072,7073],"product_tag":[],"_links":{"self":[{"href":"http:\/\/campingland24.com\/index.php?rest_route=\/wp\/v2\/product\/17925"}],"collection":[{"href":"http:\/\/campingland24.com\/index.php?rest_route=\/wp\/v2\/product"}],"about":[{"href":"http:\/\/campingland24.com\/index.php?rest_route=\/wp\/v2\/types\/product"}],"replies":[{"embeddable":true,"href":"http:\/\/campingland24.com\/index.php?rest_route=%2Fwp%2Fv2%2Fcomments&post=17925"}],"version-history":[{"count":2,"href":"http:\/\/campingland24.com\/index.php?rest_route=\/wp\/v2\/product\/17925\/revisions"}],"predecessor-version":[{"id":19139,"href":"http:\/\/campingland24.com\/index.php?rest_route=\/wp\/v2\/product\/17925\/revisions\/19139"}],"wp:featuredmedia":[{"embeddable":true,"href":"http:\/\/campingland24.com\/index.php?rest_route=\/wp\/v2\/media\/17926"}],"wp:attachment":[{"href":"http:\/\/campingland24.com\/index.php?rest_route=%2Fwp%2Fv2%2Fmedia&parent=17925"}],"wp:term":[{"taxonomy":"product_cat","embeddable":true,"href":"http:\/\/campingland24.com\/index.php?rest_route=%2Fwp%2Fv2%2Fproduct_cat&post=17925"},{"taxonomy":"product_tag","embeddable":true,"href":"http:\/\/campingland24.com\/index.php?rest_route=%2Fwp%2Fv2%2Fproduct_tag&post=17925"}],"curies":[{"name":"wp","href":"https:\/\/api.w.org\/{rel}","templated":true}]}}